{"id":34508,"date":"2021-10-19T09:41:43","date_gmt":"2021-10-19T08:41:43","guid":{"rendered":"https:\/\/www.ateti.pt\/loja\/?post_type=product&#038;p=34508"},"modified":"2023-12-22T12:46:23","modified_gmt":"2023-12-22T11:46:23","slug":"gomas-amoras-interdoces-1kg","status":"publish","type":"product","link":"https:\/\/www.ateti.pt\/loja\/produto\/gomas-amoras-interdoces-1kg\/","title":{"rendered":"Gomas Amoras 1kg Interdoces"},"content":{"rendered":"<p><strong>Gomas Amoras Interdoces<\/strong><\/p>\n<p><strong>Quantidade: <\/strong>1kg<\/p>\n<p><em>Gomas Amoras<\/em><\/p>\n<p><strong>Ingredientes:\u00a0<\/strong>A\u00e7\u00facar, xarope de glucose, gelificante: gelatina e pectina, acidificante: \u00e1cido c\u00edtrico, aromas, corantes: E120, E160a e E153.<\/p>\n<p><strong>Declara\u00e7\u00e3o Nutricional (por 100g):\u00a0<\/strong>Energia: 1629kj\/384kcal; L\u00edpidos: &lt;0,5g; dos quais Saturados: 0,07g; Hidratos de Carbono: 91,1g; dos quais A\u00e7\u00facares: 63g; Prote\u00ednas: 4,05g; Sal: 0,10g.<\/p>\n","protected":false},"excerpt":{"rendered":"<p>8,79\u20ac\/kg<\/p>\n","protected":false},"featured_media":34509,"comment_status":"closed","ping_status":"closed","template":"","meta":{"_themeisle_gutenberg_block_has_review":false},"product_brand":[],"product_cat":[25,144,132],"product_tag":[],"woo-feed-brand":[],"class_list":{"0":"post-34508","1":"product","2":"type-product","3":"status-publish","4":"has-post-thumbnail","6":"product_cat-chocolates","7":"product_cat-chocolates-biscoitos-e-cereais","8":"product_cat-mercearia","9":"ts_product_brand-interdoces","11":"first","12":"instock","13":"taxable","14":"shipping-taxable","15":"purchasable","16":"product-type-simple"},"_links":{"self":[{"href":"https:\/\/www.ateti.pt\/loja\/wp-json\/wp\/v2\/product\/34508","targetHints":{"allow":["GET"]}}],"collection":[{"href":"https:\/\/www.ateti.pt\/loja\/wp-json\/wp\/v2\/product"}],"about":[{"href":"https:\/\/www.ateti.pt\/loja\/wp-json\/wp\/v2\/types\/product"}],"replies":[{"embeddable":true,"href":"https:\/\/www.ateti.pt\/loja\/wp-json\/wp\/v2\/comments?post=34508"}],"wp:featuredmedia":[{"embeddable":true,"href":"https:\/\/www.ateti.pt\/loja\/wp-json\/wp\/v2\/media\/34509"}],"wp:attachment":[{"href":"https:\/\/www.ateti.pt\/loja\/wp-json\/wp\/v2\/media?parent=34508"}],"wp:term":[{"taxonomy":"product_brand","embeddable":true,"href":"https:\/\/www.ateti.pt\/loja\/wp-json\/wp\/v2\/product_brand?post=34508"},{"taxonomy":"product_cat","embeddable":true,"href":"https:\/\/www.ateti.pt\/loja\/wp-json\/wp\/v2\/product_cat?post=34508"},{"taxonomy":"product_tag","embeddable":true,"href":"https:\/\/www.ateti.pt\/loja\/wp-json\/wp\/v2\/product_tag?post=34508"},{"taxonomy":"woo-feed-brand","embeddable":true,"href":"https:\/\/www.ateti.pt\/loja\/wp-json\/wp\/v2\/woo-feed-brand?post=34508"}],"curies":[{"name":"wp","href":"https:\/\/api.w.org\/{rel}","templated":true}]}}