{"id":34498,"date":"2021-10-18T18:06:47","date_gmt":"2021-10-18T17:06:47","guid":{"rendered":"https:\/\/www.ateti.pt\/loja\/?post_type=product&#038;p=34498"},"modified":"2023-12-22T12:47:23","modified_gmt":"2023-12-22T11:47:23","slug":"gomas-coracao-interdoces-1kg","status":"publish","type":"product","link":"https:\/\/www.ateti.pt\/loja\/produto\/gomas-coracao-interdoces-1kg\/","title":{"rendered":"Gomas Cora\u00e7\u00e3o 1kg Interdoces"},"content":{"rendered":"<p><strong>Gomas Cora\u00e7\u00e3o Interdoces<\/strong><\/p>\n<p><strong>Quantidade: <\/strong>1kg<\/p>\n<p><em>Gomas de P\u00eassego<\/em><\/p>\n<p><strong>Ingredientes:\u00a0<\/strong>Xarope de glicose, \u00e1gua, a\u00e7\u00facar, amido de milho (modificado), gelatina de porco, acidificante: \u00e1cido c\u00edtrico, aromas, regulador de acidez: citrato de s\u00f3dio, corantes: E100, E120.<\/p>\n<p><strong>Declara\u00e7\u00e3o Nutricional (por 100g):\u00a0<\/strong>Energia: 1447kj\/340kcal; L\u00edpidos: 0g; dos quais Saturados: 0g; Hidratos de Carbono: 80g; dos quais A\u00e7\u00facares: 61,9g; Prote\u00ednas: 4,1g; Sal: 0,02g.<\/p>\n","protected":false},"excerpt":{"rendered":"<p>8.79\u20ac\/kg<\/p>\n","protected":false},"featured_media":34499,"comment_status":"closed","ping_status":"closed","template":"","meta":{"_themeisle_gutenberg_block_has_review":false},"product_brand":[],"product_cat":[25,144,132],"product_tag":[],"woo-feed-brand":[],"class_list":{"0":"post-34498","1":"product","2":"type-product","3":"status-publish","4":"has-post-thumbnail","6":"product_cat-chocolates","7":"product_cat-chocolates-biscoitos-e-cereais","8":"product_cat-mercearia","9":"ts_product_brand-interdoces","11":"first","12":"instock","13":"taxable","14":"shipping-taxable","15":"purchasable","16":"product-type-simple"},"_links":{"self":[{"href":"https:\/\/www.ateti.pt\/loja\/wp-json\/wp\/v2\/product\/34498","targetHints":{"allow":["GET"]}}],"collection":[{"href":"https:\/\/www.ateti.pt\/loja\/wp-json\/wp\/v2\/product"}],"about":[{"href":"https:\/\/www.ateti.pt\/loja\/wp-json\/wp\/v2\/types\/product"}],"replies":[{"embeddable":true,"href":"https:\/\/www.ateti.pt\/loja\/wp-json\/wp\/v2\/comments?post=34498"}],"wp:featuredmedia":[{"embeddable":true,"href":"https:\/\/www.ateti.pt\/loja\/wp-json\/wp\/v2\/media\/34499"}],"wp:attachment":[{"href":"https:\/\/www.ateti.pt\/loja\/wp-json\/wp\/v2\/media?parent=34498"}],"wp:term":[{"taxonomy":"product_brand","embeddable":true,"href":"https:\/\/www.ateti.pt\/loja\/wp-json\/wp\/v2\/product_brand?post=34498"},{"taxonomy":"product_cat","embeddable":true,"href":"https:\/\/www.ateti.pt\/loja\/wp-json\/wp\/v2\/product_cat?post=34498"},{"taxonomy":"product_tag","embeddable":true,"href":"https:\/\/www.ateti.pt\/loja\/wp-json\/wp\/v2\/product_tag?post=34498"},{"taxonomy":"woo-feed-brand","embeddable":true,"href":"https:\/\/www.ateti.pt\/loja\/wp-json\/wp\/v2\/woo-feed-brand?post=34498"}],"curies":[{"name":"wp","href":"https:\/\/api.w.org\/{rel}","templated":true}]}}