{"id":33958,"date":"2021-09-30T16:50:54","date_gmt":"2021-09-30T15:50:54","guid":{"rendered":"https:\/\/www.ateti.pt\/loja\/?post_type=product&#038;p=33958"},"modified":"2025-12-29T12:55:10","modified_gmt":"2025-12-29T12:55:10","slug":"bolachas-choco-mini-stars-150g-milka","status":"publish","type":"product","link":"https:\/\/www.ateti.pt\/loja\/produto\/bolachas-choco-mini-stars-150g-milka\/","title":{"rendered":"Bolachas Choco Mini Stars 150g Milka"},"content":{"rendered":"<p><strong>Bolachas Choco Mini Stars Milka<\/strong><\/p>\n<p><strong>Quantidade:<\/strong>\u00a0185g<\/p>\n<p><em>Bolachas cobertas com chocolate de leite (23,2%) e recheio l\u00e1cteo (16%)<\/em><\/p>\n<p><strong>Ingredientes:\u00a0<\/strong>Farinha de trigo, chocolate de leite 23,2% [a\u00e7\u00facar, manteiga de cacau, pasta de cacau, leite magro em p\u00f3, soro de leite em p\u00f3, gordura de leite, emulsionantes (lecitinas de soja, E476), aroma], a\u00e7\u00facar, gordura de palma, \u00f3leo de colza, soro de leite em p\u00f3, leite gordo em p\u00f3 1,7%, xarope de glucose, lactose (do leite), sal, levedantes (bicarbonato de am\u00f3nio, bicarbonato de s\u00f3dio), emulsionante (lecitina de soja), aromas, acidificante (\u00e1cido c\u00edtrico). Pode conter ovo e frutos de casca rija.<\/p>\n<p><strong>Declara\u00e7\u00e3o Nutricional (por 100g):\u00a0<\/strong>Energia: 2123kj\/507kcal; L\u00edpidos: 25g; dos quais Saturados: 11g; Hidratos de Carbono: 64g; dos quais A\u00e7\u00facares: 36g; Fibra: 2,2g; Prote\u00ednas: 6,4g; Sal: 0,61g.<\/p>\n","protected":false},"excerpt":{"rendered":"<p>18.6\u20ac\/kg<\/p>\n","protected":false},"featured_media":61398,"comment_status":"closed","ping_status":"closed","template":"","meta":{"_themeisle_gutenberg_block_has_review":false},"product_brand":[],"product_cat":[134,144,132],"product_tag":[],"woo-feed-brand":[],"class_list":{"0":"post-33958","1":"product","2":"type-product","3":"status-publish","4":"has-post-thumbnail","6":"product_cat-bolachas-biscoitos","7":"product_cat-chocolates-biscoitos-e-cereais","8":"product_cat-mercearia","9":"ts_product_brand-milka","11":"first","12":"instock","13":"taxable","14":"shipping-taxable","15":"purchasable","16":"product-type-simple"},"_links":{"self":[{"href":"https:\/\/www.ateti.pt\/loja\/wp-json\/wp\/v2\/product\/33958","targetHints":{"allow":["GET"]}}],"collection":[{"href":"https:\/\/www.ateti.pt\/loja\/wp-json\/wp\/v2\/product"}],"about":[{"href":"https:\/\/www.ateti.pt\/loja\/wp-json\/wp\/v2\/types\/product"}],"replies":[{"embeddable":true,"href":"https:\/\/www.ateti.pt\/loja\/wp-json\/wp\/v2\/comments?post=33958"}],"wp:featuredmedia":[{"embeddable":true,"href":"https:\/\/www.ateti.pt\/loja\/wp-json\/wp\/v2\/media\/61398"}],"wp:attachment":[{"href":"https:\/\/www.ateti.pt\/loja\/wp-json\/wp\/v2\/media?parent=33958"}],"wp:term":[{"taxonomy":"product_brand","embeddable":true,"href":"https:\/\/www.ateti.pt\/loja\/wp-json\/wp\/v2\/product_brand?post=33958"},{"taxonomy":"product_cat","embeddable":true,"href":"https:\/\/www.ateti.pt\/loja\/wp-json\/wp\/v2\/product_cat?post=33958"},{"taxonomy":"product_tag","embeddable":true,"href":"https:\/\/www.ateti.pt\/loja\/wp-json\/wp\/v2\/product_tag?post=33958"},{"taxonomy":"woo-feed-brand","embeddable":true,"href":"https:\/\/www.ateti.pt\/loja\/wp-json\/wp\/v2\/woo-feed-brand?post=33958"}],"curies":[{"name":"wp","href":"https:\/\/api.w.org\/{rel}","templated":true}]}}