{"id":33938,"date":"2021-09-30T11:35:20","date_gmt":"2021-09-30T10:35:20","guid":{"rendered":"https:\/\/www.ateti.pt\/loja\/?post_type=product&#038;p=33938"},"modified":"2025-11-13T16:44:06","modified_gmt":"2025-11-13T16:44:06","slug":"bolachas-choco-biscuits-milka-150g","status":"publish","type":"product","link":"https:\/\/www.ateti.pt\/loja\/produto\/bolachas-choco-biscuits-milka-150g\/","title":{"rendered":"Bolachas Choco Biscuits 150g Milka"},"content":{"rendered":"<p><strong>Bolachas Choco Biscuits Milka<\/strong><\/p>\n<p><strong>Quantidade:<\/strong> 150g<\/p>\n<p><em>Bolachas com chocolate de leite com leite dos alpes (48%)<\/em><\/p>\n<p><strong>Ingredientes:\u00a0<\/strong>Farinha de trigo, a\u00e7\u00facar, manteiga de cacau, gordura de palma, leite magro em p\u00f3, soro de leite em p\u00f3, pasta de cacau, gordura do leite, levedantes (carbonatos de am\u00f3nio, carbonatos de s\u00f3dio, difosfatos), emulsionantes (lecitinas de soja, E476), sal, aroma, regulador de acidez (\u00e1cido c\u00edtrico).<\/p>\n<p><strong>Declara\u00e7\u00e3o Nutricional (por 100g):\u00a0<\/strong>Energia: 2045kj\/488kcal; L\u00edpidos: 21g; dos quais Saturados: 12g; Hidratos de Carbono: 67g; dos quais A\u00e7\u00facares: 41g; Fibra: 2,3g; Prote\u00ednas: 6g; Sal: 0,68g.<\/p>\n","protected":false},"excerpt":{"rendered":"<p>21.26\u20ac\/kg<\/p>\n","protected":false},"featured_media":33939,"comment_status":"closed","ping_status":"closed","template":"","meta":{"_themeisle_gutenberg_block_has_review":false},"product_brand":[],"product_cat":[134,144,132],"product_tag":[],"woo-feed-brand":[],"class_list":{"0":"post-33938","1":"product","2":"type-product","3":"status-publish","4":"has-post-thumbnail","6":"product_cat-bolachas-biscoitos","7":"product_cat-chocolates-biscoitos-e-cereais","8":"product_cat-mercearia","9":"ts_product_brand-milka","11":"first","12":"instock","13":"taxable","14":"shipping-taxable","15":"purchasable","16":"product-type-simple"},"_links":{"self":[{"href":"https:\/\/www.ateti.pt\/loja\/wp-json\/wp\/v2\/product\/33938","targetHints":{"allow":["GET"]}}],"collection":[{"href":"https:\/\/www.ateti.pt\/loja\/wp-json\/wp\/v2\/product"}],"about":[{"href":"https:\/\/www.ateti.pt\/loja\/wp-json\/wp\/v2\/types\/product"}],"replies":[{"embeddable":true,"href":"https:\/\/www.ateti.pt\/loja\/wp-json\/wp\/v2\/comments?post=33938"}],"wp:featuredmedia":[{"embeddable":true,"href":"https:\/\/www.ateti.pt\/loja\/wp-json\/wp\/v2\/media\/33939"}],"wp:attachment":[{"href":"https:\/\/www.ateti.pt\/loja\/wp-json\/wp\/v2\/media?parent=33938"}],"wp:term":[{"taxonomy":"product_brand","embeddable":true,"href":"https:\/\/www.ateti.pt\/loja\/wp-json\/wp\/v2\/product_brand?post=33938"},{"taxonomy":"product_cat","embeddable":true,"href":"https:\/\/www.ateti.pt\/loja\/wp-json\/wp\/v2\/product_cat?post=33938"},{"taxonomy":"product_tag","embeddable":true,"href":"https:\/\/www.ateti.pt\/loja\/wp-json\/wp\/v2\/product_tag?post=33938"},{"taxonomy":"woo-feed-brand","embeddable":true,"href":"https:\/\/www.ateti.pt\/loja\/wp-json\/wp\/v2\/woo-feed-brand?post=33938"}],"curies":[{"name":"wp","href":"https:\/\/api.w.org\/{rel}","templated":true}]}}