{"id":33936,"date":"2021-09-30T11:20:52","date_gmt":"2021-09-30T10:20:52","guid":{"rendered":"https:\/\/www.ateti.pt\/loja\/?post_type=product&#038;p=33936"},"modified":"2025-06-09T12:03:36","modified_gmt":"2025-06-09T11:03:36","slug":"bolachas-cookie-choco-milka-135g","status":"publish","type":"product","link":"https:\/\/www.ateti.pt\/loja\/produto\/bolachas-cookie-choco-milka-135g\/","title":{"rendered":"Bolachas Cookie &amp; Choco 135g Milka"},"content":{"rendered":"<p><strong>Bolachas Cookie &amp; Choco Milka<\/strong><\/p>\n<p><strong>Quantidade: <\/strong>135g<\/p>\n<p><em>Bolachas com pepitas de chocolate de leite dos alpes (29%)<\/em><\/p>\n<p><strong>Ingredientes: <\/strong>Farinha de trigo, a\u00e7\u00facar, gordura de palma, ovo, leite gordo em p\u00f3, pasta de cacau, manteiga de cacau, xarope de glucose, amido de trigo, soro de leite em p\u00f3, levedantes ( difosfatos, carbonatos de s\u00f3dio), emulsionante (lecitinas de soja), sal, aromas, clara de ovo em p\u00f3. Pode conter frutos de casca rija.<\/p>\n<p><strong>declara\u00e7\u00e3o Nutricional (por 100g):\u00a0<\/strong>Energia: 2074kj\/495kcal; L\u00edpidos: 25g; dos quais Saturados: 13g; Hidratos de Carbono: 62g; dos quais A\u00e7\u00facares: 33g; Fibra: 1,7g; Prote\u00ednas: 5,8g; Sal: 0,87g.<\/p>\n","protected":false},"excerpt":{"rendered":"<p>18.44\u20ac\/kg<\/p>\n","protected":false},"featured_media":33937,"comment_status":"closed","ping_status":"closed","template":"","meta":{"_themeisle_gutenberg_block_has_review":false},"product_brand":[],"product_cat":[134,144,132],"product_tag":[],"woo-feed-brand":[],"class_list":{"0":"post-33936","1":"product","2":"type-product","3":"status-publish","4":"has-post-thumbnail","6":"product_cat-bolachas-biscoitos","7":"product_cat-chocolates-biscoitos-e-cereais","8":"product_cat-mercearia","9":"ts_product_brand-milka","11":"first","12":"instock","13":"taxable","14":"shipping-taxable","15":"purchasable","16":"product-type-simple"},"_links":{"self":[{"href":"https:\/\/www.ateti.pt\/loja\/wp-json\/wp\/v2\/product\/33936","targetHints":{"allow":["GET"]}}],"collection":[{"href":"https:\/\/www.ateti.pt\/loja\/wp-json\/wp\/v2\/product"}],"about":[{"href":"https:\/\/www.ateti.pt\/loja\/wp-json\/wp\/v2\/types\/product"}],"replies":[{"embeddable":true,"href":"https:\/\/www.ateti.pt\/loja\/wp-json\/wp\/v2\/comments?post=33936"}],"wp:featuredmedia":[{"embeddable":true,"href":"https:\/\/www.ateti.pt\/loja\/wp-json\/wp\/v2\/media\/33937"}],"wp:attachment":[{"href":"https:\/\/www.ateti.pt\/loja\/wp-json\/wp\/v2\/media?parent=33936"}],"wp:term":[{"taxonomy":"product_brand","embeddable":true,"href":"https:\/\/www.ateti.pt\/loja\/wp-json\/wp\/v2\/product_brand?post=33936"},{"taxonomy":"product_cat","embeddable":true,"href":"https:\/\/www.ateti.pt\/loja\/wp-json\/wp\/v2\/product_cat?post=33936"},{"taxonomy":"product_tag","embeddable":true,"href":"https:\/\/www.ateti.pt\/loja\/wp-json\/wp\/v2\/product_tag?post=33936"},{"taxonomy":"woo-feed-brand","embeddable":true,"href":"https:\/\/www.ateti.pt\/loja\/wp-json\/wp\/v2\/woo-feed-brand?post=33936"}],"curies":[{"name":"wp","href":"https:\/\/api.w.org\/{rel}","templated":true}]}}