{"id":33930,"date":"2021-09-30T10:45:18","date_gmt":"2021-09-30T09:45:18","guid":{"rendered":"https:\/\/www.ateti.pt\/loja\/?post_type=product&#038;p=33930"},"modified":"2024-10-14T12:16:20","modified_gmt":"2024-10-14T11:16:20","slug":"bolo-cake-choc-milka-175g","status":"publish","type":"product","link":"https:\/\/www.ateti.pt\/loja\/produto\/bolo-cake-choc-milka-175g\/","title":{"rendered":"Bolo Cake &amp; Choc 175g Milka"},"content":{"rendered":"<p><strong>Bolo Cake &amp; Choc Milka<\/strong><\/p>\n<p><strong>Quantidade:<\/strong> 175g (5 bolos)<\/p>\n<p><em>Bolo com pepitas de chocolate (10%) e com recheio (14%) de chocolate (2,5%)<\/em><\/p>\n<p><strong>Ingredientes:<\/strong> Farinha de trigo, a\u00e7\u00facar, xarope de glucose-frutose, \u00f3leo de colza, ovo, estabilizador (glicerol), pasta de cacau, leite em p\u00f3 gordo, manteiga de cacau, leite em p\u00f3 magro, amido de trigo, levedantes (difosfatos, carbonatos de pot\u00e1ssio), cacau magro em p\u00f3, soro de leite em p\u00f3, sal, emulsionantes (lecitinas de soja, E472b, E475), aromas (cont\u00e9m leite), xarope de glucose, espessante (goma xantana). Pode conter frutos de casca rija.<\/p>\n<p><strong>Declara\u00e7\u00e3o Nutricional (por 100g):\u00a0<\/strong>Energia: 1799kj\/429kcal; L\u00edpidos: 21g; dos quais Saturados: 4,1g; Hidratos de Carbono: 56,5g; dos quais A\u00e7\u00facares: 31g; Fibra: 1,5g; Prote\u00ednas: 5,4g; Sal: 0,60g.<\/p>\n","protected":false},"excerpt":{"rendered":"<p>16.51\u20ac\/kg<\/p>\n","protected":false},"featured_media":33931,"comment_status":"closed","ping_status":"closed","template":"","meta":{"_themeisle_gutenberg_block_has_review":false},"product_brand":[],"product_cat":[134,144,132],"product_tag":[],"woo-feed-brand":[],"class_list":{"0":"post-33930","1":"product","2":"type-product","3":"status-publish","4":"has-post-thumbnail","6":"product_cat-bolachas-biscoitos","7":"product_cat-chocolates-biscoitos-e-cereais","8":"product_cat-mercearia","9":"ts_product_brand-milka","11":"first","12":"instock","13":"taxable","14":"shipping-taxable","15":"purchasable","16":"product-type-simple"},"_links":{"self":[{"href":"https:\/\/www.ateti.pt\/loja\/wp-json\/wp\/v2\/product\/33930","targetHints":{"allow":["GET"]}}],"collection":[{"href":"https:\/\/www.ateti.pt\/loja\/wp-json\/wp\/v2\/product"}],"about":[{"href":"https:\/\/www.ateti.pt\/loja\/wp-json\/wp\/v2\/types\/product"}],"replies":[{"embeddable":true,"href":"https:\/\/www.ateti.pt\/loja\/wp-json\/wp\/v2\/comments?post=33930"}],"wp:featuredmedia":[{"embeddable":true,"href":"https:\/\/www.ateti.pt\/loja\/wp-json\/wp\/v2\/media\/33931"}],"wp:attachment":[{"href":"https:\/\/www.ateti.pt\/loja\/wp-json\/wp\/v2\/media?parent=33930"}],"wp:term":[{"taxonomy":"product_brand","embeddable":true,"href":"https:\/\/www.ateti.pt\/loja\/wp-json\/wp\/v2\/product_brand?post=33930"},{"taxonomy":"product_cat","embeddable":true,"href":"https:\/\/www.ateti.pt\/loja\/wp-json\/wp\/v2\/product_cat?post=33930"},{"taxonomy":"product_tag","embeddable":true,"href":"https:\/\/www.ateti.pt\/loja\/wp-json\/wp\/v2\/product_tag?post=33930"},{"taxonomy":"woo-feed-brand","embeddable":true,"href":"https:\/\/www.ateti.pt\/loja\/wp-json\/wp\/v2\/woo-feed-brand?post=33930"}],"curies":[{"name":"wp","href":"https:\/\/api.w.org\/{rel}","templated":true}]}}