{"id":33814,"date":"2021-09-27T18:18:09","date_gmt":"2021-09-27T17:18:09","guid":{"rendered":"https:\/\/www.ateti.pt\/loja\/?post_type=product&#038;p=33814"},"modified":"2026-04-21T12:24:06","modified_gmt":"2026-04-21T11:24:06","slug":"spray-ultra-desengordurante-cozinha-500ml-cif","status":"publish","type":"product","link":"https:\/\/www.ateti.pt\/loja\/produto\/spray-ultra-desengordurante-cozinha-500ml-cif\/","title":{"rendered":"Spray Ultra Desengordurante Cozinha 500ml Cif"},"content":{"rendered":"<p><strong>Spray Ultra Desengordurante Cif<\/strong><\/p>\n<p><strong>Quantidade: <\/strong>500ml<\/p>\n<p><em>Poderoso contra a gordura dif\u00edcil.<\/em><\/p>\n<p><em>Ultra poderoso na remo\u00e7\u00e3o de todo o tipo de gordura. Protege as superf\u00edcies.<\/em><\/p>\n<p><strong>Descri\u00e7\u00e3o: <\/strong>Gra\u00e7as \u00e0 sua f\u00f3rmula exclusiva Multi Active System, Spray Ultra Desengordurante Cif com agentes de limpeza, garante uma a\u00e7\u00e3o ultra poderosa na remo\u00e7\u00e3o de todo o tipo de gordura, mesmo sobre as gorduras mais dif\u00edceis e incrustadas. Pode ser usado em v\u00e1rias superf\u00edcies, como exaustores, fog\u00f5es e fornos, e tamb\u00e9m nas superf\u00edcies mais delicadas como m\u00e1rmore, vitrocer\u00e2mica e a\u00e7o inoxid\u00e1vel. Adequado para \u00e1reas de prepara\u00e7\u00e3o de alimentos e com uma agrad\u00e1vel e suave fragr\u00e2ncia de sab\u00e3o de Marselha.<\/p>\n<p><strong>Instru\u00e7\u00f5es de Utiliza\u00e7\u00e3o:\u00a0<\/strong>Para uma excelente utiliza\u00e7\u00e3o, pulverize o spray na superf\u00edcie pretendida e deixe atuar durante alguns segundos antes de enxaguar com um pano h\u00famido. Em caso de gordura resistente, deixe o produto atuar durante alguns minutos. Lave sempre o pano antes de usar para remover quaisquer res\u00edduos de outros produtos. Para usar em tecidos, pulverize o produto diretamente na \u00e1rea a tratar e depois lave normalmente. Use nos tecidos secos.<\/p>\n","protected":false},"excerpt":{"rendered":"<p>5,98\u20ac\/L<\/p>\n","protected":false},"featured_media":70843,"comment_status":"closed","ping_status":"closed","template":"","meta":{"_themeisle_gutenberg_block_has_review":false},"product_brand":[],"product_cat":[209,190,204],"product_tag":[],"woo-feed-brand":[],"class_list":{"0":"post-33814","1":"product","2":"type-product","3":"status-publish","4":"has-post-thumbnail","6":"product_cat-cozinha","7":"product_cat-desinfetantes-e-limpeza","8":"product_cat-limpeza","9":"ts_product_brand-cif","11":"first","12":"instock","13":"taxable","14":"shipping-taxable","15":"purchasable","16":"product-type-simple"},"_links":{"self":[{"href":"https:\/\/www.ateti.pt\/loja\/wp-json\/wp\/v2\/product\/33814","targetHints":{"allow":["GET"]}}],"collection":[{"href":"https:\/\/www.ateti.pt\/loja\/wp-json\/wp\/v2\/product"}],"about":[{"href":"https:\/\/www.ateti.pt\/loja\/wp-json\/wp\/v2\/types\/product"}],"replies":[{"embeddable":true,"href":"https:\/\/www.ateti.pt\/loja\/wp-json\/wp\/v2\/comments?post=33814"}],"wp:featuredmedia":[{"embeddable":true,"href":"https:\/\/www.ateti.pt\/loja\/wp-json\/wp\/v2\/media\/70843"}],"wp:attachment":[{"href":"https:\/\/www.ateti.pt\/loja\/wp-json\/wp\/v2\/media?parent=33814"}],"wp:term":[{"taxonomy":"product_brand","embeddable":true,"href":"https:\/\/www.ateti.pt\/loja\/wp-json\/wp\/v2\/product_brand?post=33814"},{"taxonomy":"product_cat","embeddable":true,"href":"https:\/\/www.ateti.pt\/loja\/wp-json\/wp\/v2\/product_cat?post=33814"},{"taxonomy":"product_tag","embeddable":true,"href":"https:\/\/www.ateti.pt\/loja\/wp-json\/wp\/v2\/product_tag?post=33814"},{"taxonomy":"woo-feed-brand","embeddable":true,"href":"https:\/\/www.ateti.pt\/loja\/wp-json\/wp\/v2\/woo-feed-brand?post=33814"}],"curies":[{"name":"wp","href":"https:\/\/api.w.org\/{rel}","templated":true}]}}