{"id":33760,"date":"2026-01-01T16:55:32","date_gmt":"2026-01-01T16:55:32","guid":{"rendered":"https:\/\/www.ateti.pt\/loja\/?post_type=product&#038;p=33760"},"modified":"2026-02-25T17:56:30","modified_gmt":"2026-02-25T17:56:30","slug":"fruta-desidratada-maca-canela-frubis-20g","status":"publish","type":"product","link":"https:\/\/www.ateti.pt\/loja\/produto\/fruta-desidratada-maca-canela-frubis-20g\/","title":{"rendered":"Fruta Desidratada Ma\u00e7\u00e3 Canela 20g Frubis"},"content":{"rendered":"<p><strong>Fruta Desidratada Ma\u00e7\u00e3 Canela Frubis<\/strong><\/p>\n<p><strong>Quantidade: <\/strong>20g<\/p>\n<p><em>Ma\u00e7\u00e3 com Canela<\/em><\/p>\n<p>Alto teor em fibra<\/p>\n<p>Cont\u00e9m apenas a\u00e7\u00facares naturalmente presentes na fruta<\/p>\n<p>Sem corantes nem conservantes<\/p>\n<p>Frubis \u00e9 fruta desidratada sem fritura<\/p>\n<p><strong>Ingredientes:\u00a0<\/strong>Ma\u00e7\u00e3 (95%) Canela (5%)<\/p>\n<p><strong>Declara\u00e7\u00e3o Nutricional (por 20g): <\/strong>Energia: 302kj\/72kcal; L\u00edpidos: 0,07g; dos quais Saturados: 0,02g; Hidratos de Carbono: 16g; dos quais A\u00e7\u00facares: 13,9g; Fibras: 2,92g; Prote\u00ednas: 0,31g; Sal:0,012g; Vitamina E: 0,50mg.<\/p>\n","protected":false},"excerpt":{"rendered":"<p>39,50\u20ac\/kg<\/p>\n","protected":false},"featured_media":33870,"comment_status":"closed","ping_status":"closed","template":"","meta":{"_themeisle_gutenberg_block_has_review":false},"product_brand":[],"product_cat":[226,206,214,207,132,223],"product_tag":[],"woo-feed-brand":[],"class_list":{"0":"post-33760","1":"product","2":"type-product","3":"status-publish","4":"has-post-thumbnail","6":"product_cat-alimentacao","7":"product_cat-aperitivos","8":"product_cat-bebe-crianca","9":"product_cat-bio-saudavel","10":"product_cat-mercearia","11":"product_cat-mercearia-saudavel","13":"first","14":"instock","15":"taxable","16":"shipping-taxable","17":"purchasable","18":"product-type-simple"},"_links":{"self":[{"href":"https:\/\/www.ateti.pt\/loja\/wp-json\/wp\/v2\/product\/33760","targetHints":{"allow":["GET"]}}],"collection":[{"href":"https:\/\/www.ateti.pt\/loja\/wp-json\/wp\/v2\/product"}],"about":[{"href":"https:\/\/www.ateti.pt\/loja\/wp-json\/wp\/v2\/types\/product"}],"replies":[{"embeddable":true,"href":"https:\/\/www.ateti.pt\/loja\/wp-json\/wp\/v2\/comments?post=33760"}],"wp:featuredmedia":[{"embeddable":true,"href":"https:\/\/www.ateti.pt\/loja\/wp-json\/wp\/v2\/media\/33870"}],"wp:attachment":[{"href":"https:\/\/www.ateti.pt\/loja\/wp-json\/wp\/v2\/media?parent=33760"}],"wp:term":[{"taxonomy":"product_brand","embeddable":true,"href":"https:\/\/www.ateti.pt\/loja\/wp-json\/wp\/v2\/product_brand?post=33760"},{"taxonomy":"product_cat","embeddable":true,"href":"https:\/\/www.ateti.pt\/loja\/wp-json\/wp\/v2\/product_cat?post=33760"},{"taxonomy":"product_tag","embeddable":true,"href":"https:\/\/www.ateti.pt\/loja\/wp-json\/wp\/v2\/product_tag?post=33760"},{"taxonomy":"woo-feed-brand","embeddable":true,"href":"https:\/\/www.ateti.pt\/loja\/wp-json\/wp\/v2\/woo-feed-brand?post=33760"}],"curies":[{"name":"wp","href":"https:\/\/api.w.org\/{rel}","templated":true}]}}