{"id":33533,"date":"2021-10-10T09:32:57","date_gmt":"2021-10-10T08:32:57","guid":{"rendered":"https:\/\/www.ateti.pt\/loja\/?post_type=product&#038;p=33533"},"modified":"2025-05-16T16:50:30","modified_gmt":"2025-05-16T15:50:30","slug":"recarga-sacos-higienicos-biodegradaveis-activpet-4x20sacos","status":"publish","type":"product","link":"https:\/\/www.ateti.pt\/loja\/produto\/recarga-sacos-higienicos-biodegradaveis-activpet-4x20sacos\/","title":{"rendered":"Recarga Sacos Higi\u00e9nicos Biodegrad\u00e1veis 4x20sacos ActivPet"},"content":{"rendered":"<p><strong>Recarga Sacos Higi\u00e9nicos ActivPet<\/strong><\/p>\n<p><strong>Quantidade:<\/strong> 4 x 20 sacos<\/p>\n<p><em>Sacos para recolha de dejectos caninos.<\/em><\/p>\n","protected":false},"excerpt":{"rendered":"<p>1,89\u20ac\/un<\/p>\n","protected":false},"featured_media":72520,"comment_status":"closed","ping_status":"closed","template":"","meta":{"_themeisle_gutenberg_block_has_review":false},"product_brand":[],"product_cat":[234,235],"product_tag":[],"woo-feed-brand":[],"class_list":{"0":"post-33533","1":"product","2":"type-product","3":"status-publish","4":"has-post-thumbnail","6":"product_cat-animais","7":"product_cat-caes","8":"ts_product_brand-activpet","10":"first","11":"instock","12":"taxable","13":"shipping-taxable","14":"purchasable","15":"product-type-simple"},"_links":{"self":[{"href":"https:\/\/www.ateti.pt\/loja\/wp-json\/wp\/v2\/product\/33533","targetHints":{"allow":["GET"]}}],"collection":[{"href":"https:\/\/www.ateti.pt\/loja\/wp-json\/wp\/v2\/product"}],"about":[{"href":"https:\/\/www.ateti.pt\/loja\/wp-json\/wp\/v2\/types\/product"}],"replies":[{"embeddable":true,"href":"https:\/\/www.ateti.pt\/loja\/wp-json\/wp\/v2\/comments?post=33533"}],"wp:featuredmedia":[{"embeddable":true,"href":"https:\/\/www.ateti.pt\/loja\/wp-json\/wp\/v2\/media\/72520"}],"wp:attachment":[{"href":"https:\/\/www.ateti.pt\/loja\/wp-json\/wp\/v2\/media?parent=33533"}],"wp:term":[{"taxonomy":"product_brand","embeddable":true,"href":"https:\/\/www.ateti.pt\/loja\/wp-json\/wp\/v2\/product_brand?post=33533"},{"taxonomy":"product_cat","embeddable":true,"href":"https:\/\/www.ateti.pt\/loja\/wp-json\/wp\/v2\/product_cat?post=33533"},{"taxonomy":"product_tag","embeddable":true,"href":"https:\/\/www.ateti.pt\/loja\/wp-json\/wp\/v2\/product_tag?post=33533"},{"taxonomy":"woo-feed-brand","embeddable":true,"href":"https:\/\/www.ateti.pt\/loja\/wp-json\/wp\/v2\/woo-feed-brand?post=33533"}],"curies":[{"name":"wp","href":"https:\/\/api.w.org\/{rel}","templated":true}]}}