{"id":33527,"date":"2021-09-16T09:02:38","date_gmt":"2021-09-16T08:02:38","guid":{"rendered":"https:\/\/www.ateti.pt\/loja\/?post_type=product&#038;p=33527"},"modified":"2024-09-03T16:17:49","modified_gmt":"2024-09-03T15:17:49","slug":"dolce-gusto-cappuccino-16-capsulas","status":"publish","type":"product","link":"https:\/\/www.ateti.pt\/loja\/produto\/dolce-gusto-cappuccino-16-capsulas\/","title":{"rendered":"Cappuccino 16 C\u00e1psulas Dolce Gusto"},"content":{"rendered":"<p><strong>Dolce Gusto Cappuccino<\/strong><\/p>\n<p><strong>Quantidade: <\/strong>16 c\u00e1psulas<\/p>\n<p><em>Caf\u00e9 torrado e mo\u00eddo e leite em p\u00f3 com a\u00e7\u00facar.<\/em><\/p>\n<p><strong>Ingredientes:\u00a0<\/strong>(c\u00e1psula branca): Leite em p\u00f3 (82,4%), a\u00e7\u00facar. Pode conter soja. (c\u00e1psula de cor): Caf\u00e9 torrado e mo\u00eddo.<\/p>\n<p><strong>Declara\u00e7\u00e3o Nutricional (por 100ml):\u00a0<\/strong>Energia: 146kj\/35kcal; L\u00edpidos: 1,6g; dos quais Saturados: 0,9g; Hidratos de Carbono: 3,4g; dos quais A\u00e7\u00facares: 2,3g; Fibra: 0,3g; Prote\u00ednas: 1,5g; Sal: 0,04g.<\/p>\n","protected":false},"excerpt":{"rendered":"<p>0,35\u20ac\/c\u00e1psula<\/p>\n","protected":false},"featured_media":33600,"comment_status":"closed","ping_status":"closed","template":"","meta":{"_themeisle_gutenberg_block_has_review":false},"product_brand":[],"product_cat":[117,18,137],"product_tag":[],"woo-feed-brand":[],"class_list":{"0":"post-33527","1":"product","2":"type-product","3":"status-publish","4":"has-post-thumbnail","6":"product_cat-cafe-em-capsula","7":"product_cat-capsulas-dolce-gusto","8":"product_cat-especialidades-dolcegusto","9":"ts_product_brand-dolce-gusto","11":"first","12":"instock","13":"sale","14":"taxable","15":"shipping-taxable","16":"purchasable","17":"product-type-simple"},"_links":{"self":[{"href":"https:\/\/www.ateti.pt\/loja\/wp-json\/wp\/v2\/product\/33527","targetHints":{"allow":["GET"]}}],"collection":[{"href":"https:\/\/www.ateti.pt\/loja\/wp-json\/wp\/v2\/product"}],"about":[{"href":"https:\/\/www.ateti.pt\/loja\/wp-json\/wp\/v2\/types\/product"}],"replies":[{"embeddable":true,"href":"https:\/\/www.ateti.pt\/loja\/wp-json\/wp\/v2\/comments?post=33527"}],"wp:featuredmedia":[{"embeddable":true,"href":"https:\/\/www.ateti.pt\/loja\/wp-json\/wp\/v2\/media\/33600"}],"wp:attachment":[{"href":"https:\/\/www.ateti.pt\/loja\/wp-json\/wp\/v2\/media?parent=33527"}],"wp:term":[{"taxonomy":"product_brand","embeddable":true,"href":"https:\/\/www.ateti.pt\/loja\/wp-json\/wp\/v2\/product_brand?post=33527"},{"taxonomy":"product_cat","embeddable":true,"href":"https:\/\/www.ateti.pt\/loja\/wp-json\/wp\/v2\/product_cat?post=33527"},{"taxonomy":"product_tag","embeddable":true,"href":"https:\/\/www.ateti.pt\/loja\/wp-json\/wp\/v2\/product_tag?post=33527"},{"taxonomy":"woo-feed-brand","embeddable":true,"href":"https:\/\/www.ateti.pt\/loja\/wp-json\/wp\/v2\/woo-feed-brand?post=33527"}],"curies":[{"name":"wp","href":"https:\/\/api.w.org\/{rel}","templated":true}]}}