{"id":33441,"date":"2021-09-15T10:31:19","date_gmt":"2021-09-15T09:31:19","guid":{"rendered":"https:\/\/www.ateti.pt\/loja\/?post_type=product&#038;p=33441"},"modified":"2026-02-13T12:44:13","modified_gmt":"2026-02-13T12:44:13","slug":"almofada-queijo-fiambre-congelado-neutura-covete-6un","status":"publish","type":"product","link":"https:\/\/www.ateti.pt\/loja\/produto\/almofada-queijo-fiambre-congelado-neutura-covete-6un\/","title":{"rendered":"Almofada Queijo\/Fiambre Congelado 6un Neutura"},"content":{"rendered":"<p><strong>Almofada Queijo\/Fiambre Congelado Neutura<\/strong><\/p>\n<p>Quantidade: 6 unidades<\/p>\n<p><strong>Ingredientes<\/strong><\/p>\n<p>Farinha de TRIGO, 20% QUEIJO (\u00e1gua, \u00f3leos e mat\u00e9rias gorduras vegetais (\u00f3leo de soja, \u00f3leo de<br \/>\nsoja parcialmente hidrogenado, emulsionantes (E322, E472c), antioxidantes (E304, E306)),<br \/>\nprote\u00ednas do LEITE, QUEIJO, amido modificado, sais de fus\u00e3o (E331iii, E452i, E339iii), sal,<br \/>\nconservante (E200), corante (betacaroteno)), 20% Fiambre (carne de su\u00edno, \u00e1gua, f\u00e9cula,<br \/>\ndextrose, sal, reguladores de acidez (lactato de pot\u00e1ssio), prote\u00edna de SOJA, gelificantes<br \/>\n(carragenina e goma de alfarroba), emulsionantes (trifosfatos), aromas (cont\u00e9m GL\u00daTEN e<br \/>\nSOJA), intensificadores de sabor (glutamato monoss\u00f3dico, guanilato diss\u00f3dico e inosinato<br \/>\ndiss\u00f3dico), antioxidantes (eritorbato de s\u00f3dio) e conservantes (acetatos de s\u00f3dio e nitrito de<br \/>\ns\u00f3dio)), \u00c1gua, P\u00e3o de TRIGO ralado, \u00d3leo de Girassol, Sal, Mat\u00e9rias gordas vegetais (\u00f3leo de<br \/>\ncolza e gordura de palma) parcialmente hidrogenadas. Pode conter vest\u00edgios de Crust\u00e1ceos, Ovo,<br \/>\nPeixe, Aipo, Mostarda, Sulfitos, Moluscos.<\/p>\n<p><strong>Modo de prepara\u00e7\u00e3o da Almofada Queijo\/Fiambre Congelado Neutura:<\/strong><\/p>\n<p>Fritar sem descongelar em \u00f3leo abundante a temperatura entre 160\u00bac e 180\u00bac, durante 5 a 8<br \/>\nminutos. Ap\u00f3s prepara\u00e7\u00e3o, conservar refrigerado (n\u00e3o voltar a a congelar) e consumir no prazo<br \/>\nm\u00e1ximo de 3 dias.<\/p>\n<p><strong>Conserva\u00e7\u00e3o \/ Armazenagem<\/strong><\/p>\n<p>Manter a temperaturas inferiores ou iguais a -18\u00baC.<\/p>\n<p>&nbsp;<\/p>\n<p><strong>Valores Nutricionais por 100g<\/strong><\/p>\n<p>Energia Calculada 947 kJ \/ 225 kcal;<\/p>\n<p>L\u00edpidos 6g (dos quais saturados 1,9g);<\/p>\n<p>Hidratos de Carbono 33g (dos quais a\u00e7ucares 5g);<\/p>\n<p>Prote\u00ednas 8g;<\/p>\n<p>Sal 1,60g<\/p>\n<p>Veja mais em\u00a0<a href=\"https:\/\/www.ateti.pt\/loja\/categoria\/congelados\/pre-cozinhados\/\">Pr\u00e9-Cozinhados Congelados<\/a><\/p>\n<p>Veja mais em\u00a0<a href=\"https:\/\/neutura.pt\/\">Neutura<\/a><\/p>\n","protected":false},"excerpt":{"rendered":"<p>0,65\u20ac\/un<\/p>\n","protected":false},"featured_media":33506,"comment_status":"closed","ping_status":"closed","template":"","meta":{"_themeisle_gutenberg_block_has_review":false},"product_brand":[],"product_cat":[177,183],"product_tag":[],"woo-feed-brand":[],"class_list":{"0":"post-33441","1":"product","2":"type-product","3":"status-publish","4":"has-post-thumbnail","6":"product_cat-congelados","7":"product_cat-pre-cozinhados","8":"ts_product_brand-neutura","10":"first","11":"instock","12":"taxable","13":"shipping-taxable","14":"purchasable","15":"product-type-simple"},"_links":{"self":[{"href":"https:\/\/www.ateti.pt\/loja\/wp-json\/wp\/v2\/product\/33441","targetHints":{"allow":["GET"]}}],"collection":[{"href":"https:\/\/www.ateti.pt\/loja\/wp-json\/wp\/v2\/product"}],"about":[{"href":"https:\/\/www.ateti.pt\/loja\/wp-json\/wp\/v2\/types\/product"}],"replies":[{"embeddable":true,"href":"https:\/\/www.ateti.pt\/loja\/wp-json\/wp\/v2\/comments?post=33441"}],"wp:featuredmedia":[{"embeddable":true,"href":"https:\/\/www.ateti.pt\/loja\/wp-json\/wp\/v2\/media\/33506"}],"wp:attachment":[{"href":"https:\/\/www.ateti.pt\/loja\/wp-json\/wp\/v2\/media?parent=33441"}],"wp:term":[{"taxonomy":"product_brand","embeddable":true,"href":"https:\/\/www.ateti.pt\/loja\/wp-json\/wp\/v2\/product_brand?post=33441"},{"taxonomy":"product_cat","embeddable":true,"href":"https:\/\/www.ateti.pt\/loja\/wp-json\/wp\/v2\/product_cat?post=33441"},{"taxonomy":"product_tag","embeddable":true,"href":"https:\/\/www.ateti.pt\/loja\/wp-json\/wp\/v2\/product_tag?post=33441"},{"taxonomy":"woo-feed-brand","embeddable":true,"href":"https:\/\/www.ateti.pt\/loja\/wp-json\/wp\/v2\/woo-feed-brand?post=33441"}],"curies":[{"name":"wp","href":"https:\/\/api.w.org\/{rel}","templated":true}]}}