{"id":33198,"date":"2021-09-01T14:02:55","date_gmt":"2021-09-01T13:02:55","guid":{"rendered":"https:\/\/www.ateti.pt\/loja\/?post_type=product&#038;p=33198"},"modified":"2025-12-23T17:51:42","modified_gmt":"2025-12-23T17:51:42","slug":"espumante-bruto-branco-corte-real-750ml","status":"publish","type":"product","link":"https:\/\/www.ateti.pt\/loja\/produto\/espumante-bruto-branco-corte-real-750ml\/","title":{"rendered":"Espumante Bruto Branco 75cl Corte Real"},"content":{"rendered":"<h4><strong>Espumante Bruto Branco Corte Real<\/strong><\/h4>\n<p>Quantidade: 75cl<\/p>\n<p>\u00c1lcool: 10% vol.<\/p>\n<p>Alerg\u00e9nios: Cont\u00e9m sulfitos e di\u00f3xido de enxofre.<\/p>\n<p>Veja mais em <a href=\"https:\/\/www.ateti.pt\/loja\/categoria\/bebidas\/garrafeira\/\">Garrafeira<\/a><\/p>\n<p><strong>Notas de Prova<\/strong><br \/>\nCor Amarela muito t\u00e9nue, com um fino toque de verde alface. Bolha continua e fina, com boa forma\u00e7\u00e3o de coroa superior. Aroma persistente com notas de ma\u00e7\u00e3 madura e um toque floral de violeta.<\/p>\n<p><strong>Acompanha com<\/strong><br \/>\nEntradas, saladas e pratos frios, combinando com todo o tipo de peixe e marisco.<br \/>\nComplemento essencial para acompanhar leit\u00e3o assado \u00e0 bairrada.<\/p>\n<p>&nbsp;<\/p>\n","protected":false},"excerpt":{"rendered":"<p>4,52\u20ac\/L<\/p>\n","protected":false},"featured_media":33231,"comment_status":"closed","ping_status":"closed","template":"","meta":{"_themeisle_gutenberg_block_has_review":false},"product_brand":[],"product_cat":[158,739,625,173],"product_tag":[],"woo-feed-brand":[],"class_list":{"0":"post-33198","1":"product","2":"type-product","3":"status-publish","4":"has-post-thumbnail","6":"product_cat-bebidas","7":"product_cat-bebidas-de-natal","8":"product_cat-espumante","9":"product_cat-garrafeira","11":"first","12":"instock","13":"taxable","14":"shipping-taxable","15":"purchasable","16":"product-type-simple"},"_links":{"self":[{"href":"https:\/\/www.ateti.pt\/loja\/wp-json\/wp\/v2\/product\/33198","targetHints":{"allow":["GET"]}}],"collection":[{"href":"https:\/\/www.ateti.pt\/loja\/wp-json\/wp\/v2\/product"}],"about":[{"href":"https:\/\/www.ateti.pt\/loja\/wp-json\/wp\/v2\/types\/product"}],"replies":[{"embeddable":true,"href":"https:\/\/www.ateti.pt\/loja\/wp-json\/wp\/v2\/comments?post=33198"}],"wp:featuredmedia":[{"embeddable":true,"href":"https:\/\/www.ateti.pt\/loja\/wp-json\/wp\/v2\/media\/33231"}],"wp:attachment":[{"href":"https:\/\/www.ateti.pt\/loja\/wp-json\/wp\/v2\/media?parent=33198"}],"wp:term":[{"taxonomy":"product_brand","embeddable":true,"href":"https:\/\/www.ateti.pt\/loja\/wp-json\/wp\/v2\/product_brand?post=33198"},{"taxonomy":"product_cat","embeddable":true,"href":"https:\/\/www.ateti.pt\/loja\/wp-json\/wp\/v2\/product_cat?post=33198"},{"taxonomy":"product_tag","embeddable":true,"href":"https:\/\/www.ateti.pt\/loja\/wp-json\/wp\/v2\/product_tag?post=33198"},{"taxonomy":"woo-feed-brand","embeddable":true,"href":"https:\/\/www.ateti.pt\/loja\/wp-json\/wp\/v2\/woo-feed-brand?post=33198"}],"curies":[{"name":"wp","href":"https:\/\/api.w.org\/{rel}","templated":true}]}}