{"id":33056,"date":"2022-03-25T13:00:00","date_gmt":"2022-03-25T12:00:00","guid":{"rendered":"https:\/\/www.ateti.pt\/loja\/?post_type=product&#038;p=33056"},"modified":"2024-01-17T17:41:25","modified_gmt":"2024-01-17T16:41:25","slug":"batata-frita-natas-e-cebola-pringles-175g","status":"publish","type":"product","link":"https:\/\/www.ateti.pt\/loja\/produto\/batata-frita-natas-e-cebola-pringles-175g\/","title":{"rendered":"Batatas Fritas Natas e Cebola 175g Pringles"},"content":{"rendered":"<p><strong>Batata Frita Natas e Cebola Pringles<\/strong><\/p>\n<p>Quantidade: 175g<\/p>\n<p><em>Batata Frita Natas e Cebola Pringles \u00e9 o snack salgado com sabor a nata azeda e cebola.<\/em><\/p>\n<p><strong>Ingredientes: <\/strong>Batatas desidratadas, \u00f3leos vegetais (girassol e milho), farinha de arroz, amido de trigo, farinha de milho, tempero de nata azeda e cebola (amido de trigo, intensificadores de sabor (glutamato monoss\u00f3dico, guanilato diss\u00f3dico, inosinato diss\u00f3dico), cebola em p\u00f3, maltodextrina, sal, dextrose, a\u00e7ucar, soro de leite doce em p\u00f3 (leite), amido de batata, amido de milho modificado, acidificantes (\u00e1cido c\u00edtrico, \u00e1cido l\u00e1ctico, \u00e1cido m\u00e1lico), nata azeda em p\u00f3 (leite), aromas (leite), extrato de levedura, xarope de glicose, prote\u00ednas de leite, farinha de arroz), emulsionante (E471), maltodextrina, sal, corante (norbixina de anato).<\/p>\n<p><strong>Declara\u00e7\u00e3o Nutricional (por 100g):\u00a0<\/strong>Energia: 2237kj\/536kcal; L\u00edpidos: 32g; dos quais Saturados: 3g; Hidratos de Carbono: 56g; dos quais A\u00e7\u00facares: 2,4g; Fibra: 2,9g; Prote\u00edna: 4,6g; Sal: 1,4g.<\/p>\n<p>V\u00ea mais em <a href=\"https:\/\/www.ateti.pt\/loja\/categoria\/mercearia\/aperitivos\/\">Aperitivos<\/a><\/p>\n<p>&nbsp;<\/p>\n","protected":false},"excerpt":{"rendered":"<p>16.51\u20ac\/kg<\/p>\n","protected":false},"featured_media":33057,"comment_status":"closed","ping_status":"closed","template":"","meta":{"_themeisle_gutenberg_block_has_review":false},"product_brand":[],"product_cat":[206,132],"product_tag":[],"woo-feed-brand":[],"class_list":{"0":"post-33056","1":"product","2":"type-product","3":"status-publish","4":"has-post-thumbnail","6":"product_cat-aperitivos","7":"product_cat-mercearia","8":"ts_product_brand-pringles","10":"first","11":"instock","12":"taxable","13":"shipping-taxable","14":"purchasable","15":"product-type-simple"},"_links":{"self":[{"href":"https:\/\/www.ateti.pt\/loja\/wp-json\/wp\/v2\/product\/33056","targetHints":{"allow":["GET"]}}],"collection":[{"href":"https:\/\/www.ateti.pt\/loja\/wp-json\/wp\/v2\/product"}],"about":[{"href":"https:\/\/www.ateti.pt\/loja\/wp-json\/wp\/v2\/types\/product"}],"replies":[{"embeddable":true,"href":"https:\/\/www.ateti.pt\/loja\/wp-json\/wp\/v2\/comments?post=33056"}],"wp:featuredmedia":[{"embeddable":true,"href":"https:\/\/www.ateti.pt\/loja\/wp-json\/wp\/v2\/media\/33057"}],"wp:attachment":[{"href":"https:\/\/www.ateti.pt\/loja\/wp-json\/wp\/v2\/media?parent=33056"}],"wp:term":[{"taxonomy":"product_brand","embeddable":true,"href":"https:\/\/www.ateti.pt\/loja\/wp-json\/wp\/v2\/product_brand?post=33056"},{"taxonomy":"product_cat","embeddable":true,"href":"https:\/\/www.ateti.pt\/loja\/wp-json\/wp\/v2\/product_cat?post=33056"},{"taxonomy":"product_tag","embeddable":true,"href":"https:\/\/www.ateti.pt\/loja\/wp-json\/wp\/v2\/product_tag?post=33056"},{"taxonomy":"woo-feed-brand","embeddable":true,"href":"https:\/\/www.ateti.pt\/loja\/wp-json\/wp\/v2\/woo-feed-brand?post=33056"}],"curies":[{"name":"wp","href":"https:\/\/api.w.org\/{rel}","templated":true}]}}