{"id":33003,"date":"2025-04-04T10:20:05","date_gmt":"2025-04-04T09:20:05","guid":{"rendered":"https:\/\/www.ateti.pt\/loja\/?post_type=product&#038;p=33003"},"modified":"2025-10-28T17:00:49","modified_gmt":"2025-10-28T17:00:49","slug":"leite-chocolate-gresso-4x200ml","status":"publish","type":"product","link":"https:\/\/www.ateti.pt\/loja\/produto\/leite-chocolate-gresso-4x200ml\/","title":{"rendered":"Leite Chocolate Gresso 4x200mL"},"content":{"rendered":"<p><strong>Leite Chocolate Gresso<\/strong><\/p>\n<p>Quantidade: 4 x 200mL<\/p>\n<p>Conservar em local fresco e seco. Uma vez aberta a embalagem conservar no frigor\u00edfico e consumir dentro de 3 dias.<\/p>\n<p><strong>Valores nutricionais:\u00a0<\/strong>Energia: 202kj\/48kcal; L\u00edpidos:0.70g, dos quais \u00e1cidos gordos saturados: 0.50g; Hidratos de carbono: 6.60g, dos quais a\u00e7\u00facares: 6.60g; Fibras: 0.30g; Prote\u00ednas: 3.60g; Sal: 0.13g.<\/p>\n<p><strong>Ingredientes: <\/strong>Leite 0,6 % mat\u00e9ria gorda, leite em p\u00f3 magro, a\u00e7\u00facar, cacau magro em p\u00f3: 1%, estabilizador: carragenina, sal.<\/p>\n<p>Veja mais em <a href=\"https:\/\/www.ateti.pt\/loja\/categoria\/mercearia\/laticinios\/\">Latic\u00ednios<\/a><\/p>\n","protected":false},"excerpt":{"rendered":"<p>1.79\u20ac\/Litro<\/p>\n","protected":false},"featured_media":33004,"comment_status":"closed","ping_status":"closed","template":"","meta":{"_themeisle_gutenberg_block_has_review":false},"product_brand":[],"product_cat":[157,132],"product_tag":[],"woo-feed-brand":[],"class_list":{"0":"post-33003","1":"product","2":"type-product","3":"status-publish","4":"has-post-thumbnail","6":"product_cat-laticinios","7":"product_cat-mercearia","8":"ts_product_brand-gresso","10":"first","11":"instock","12":"taxable","13":"shipping-taxable","14":"purchasable","15":"product-type-simple"},"_links":{"self":[{"href":"https:\/\/www.ateti.pt\/loja\/wp-json\/wp\/v2\/product\/33003","targetHints":{"allow":["GET"]}}],"collection":[{"href":"https:\/\/www.ateti.pt\/loja\/wp-json\/wp\/v2\/product"}],"about":[{"href":"https:\/\/www.ateti.pt\/loja\/wp-json\/wp\/v2\/types\/product"}],"replies":[{"embeddable":true,"href":"https:\/\/www.ateti.pt\/loja\/wp-json\/wp\/v2\/comments?post=33003"}],"wp:featuredmedia":[{"embeddable":true,"href":"https:\/\/www.ateti.pt\/loja\/wp-json\/wp\/v2\/media\/33004"}],"wp:attachment":[{"href":"https:\/\/www.ateti.pt\/loja\/wp-json\/wp\/v2\/media?parent=33003"}],"wp:term":[{"taxonomy":"product_brand","embeddable":true,"href":"https:\/\/www.ateti.pt\/loja\/wp-json\/wp\/v2\/product_brand?post=33003"},{"taxonomy":"product_cat","embeddable":true,"href":"https:\/\/www.ateti.pt\/loja\/wp-json\/wp\/v2\/product_cat?post=33003"},{"taxonomy":"product_tag","embeddable":true,"href":"https:\/\/www.ateti.pt\/loja\/wp-json\/wp\/v2\/product_tag?post=33003"},{"taxonomy":"woo-feed-brand","embeddable":true,"href":"https:\/\/www.ateti.pt\/loja\/wp-json\/wp\/v2\/woo-feed-brand?post=33003"}],"curies":[{"name":"wp","href":"https:\/\/api.w.org\/{rel}","templated":true}]}}