{"id":33001,"date":"2021-08-24T17:21:46","date_gmt":"2021-08-24T16:21:46","guid":{"rendered":"https:\/\/www.ateti.pt\/loja\/?post_type=product&#038;p=33001"},"modified":"2025-10-29T17:59:14","modified_gmt":"2025-10-29T17:59:14","slug":"vinho-branco-bical-de-sempre-2017-campolargo","status":"publish","type":"product","link":"https:\/\/www.ateti.pt\/loja\/produto\/vinho-branco-bical-de-sempre-2017-campolargo\/","title":{"rendered":"Vinho Branco Bical de Sempre 2017 Campolargo"},"content":{"rendered":"<h4>Vinho Branco Bical de Sempre 2017 Campolargo<\/h4>\n<p><strong>ORIGEM<\/strong><\/p>\n<p><strong>Denomina\u00e7\u00e3o<\/strong> Vinho Branco<\/p>\n<p><strong>Classifica\u00e7\u00e3o<\/strong> DOC Bairrada<\/p>\n<p><strong>Colheita<\/strong> 2017 | <strong>Lote<\/strong> L03\/20<\/p>\n<p><strong>Volume de produ\u00e7\u00e3o<\/strong> 1975 L<\/p>\n<p><strong>Solo<\/strong> Argilo-Calc\u00e1rio<\/p>\n<p><strong>CASTAS<\/strong><\/p>\n<p>100% Bical<\/p>\n<p>Alerg\u00e9nios: Cont\u00e9m sulfitos e di\u00f3xido de enxofre.<\/p>\n<p><strong>CONTROLE ANAL\u00cdTICO<\/strong><\/p>\n<p><strong>\u00c1lcool<\/strong> 11.5% vol.<\/p>\n<p><strong>A\u00e7\u00facar<\/strong> 1 gr \/ dm3<\/p>\n<p><strong>Ac. Total<\/strong> 6.5g \/ dm3<\/p>\n<p><strong>PH<\/strong> 3.32<\/p>\n<p><strong>PROCESSO<\/strong><\/p>\n<p><strong>Vinifica\u00e7\u00e3o<\/strong> Prensagem das uvas inteiras e decanta\u00e7\u00e3o. Fermenta\u00e7\u00e3o em tonel de castanho sem controlo da temperatura. Est\u00e1gio sobre borras finas.<\/p>\n<p><strong>Engarrafamento<\/strong> 2600 garrafas 75cl<\/p>\n<p><strong>En\u00f3logo<\/strong> Raquel Carvalho\/Carlos Campolargo<\/p>\n<p><strong>EAN:<\/strong> 5600392561544<\/p>\n<p><strong>CARATER\u00cdSTICAS<\/strong><\/p>\n<p><strong>Cor<\/strong> citrina<\/p>\n<p><strong>Aroma<\/strong> alperce e lim\u00e3o maduro<\/p>\n<p><strong>Paladar<\/strong> grande delicadeza de boca, corpo cheio com muita leveza, amargos de casca de laranja e lim\u00e3o, num estilo quase salino.<\/p>\n<p><strong>Final de Prova<\/strong> muito fino e elegante, fresco e cheio de textura.<\/p>\n<p><strong>GASTRONOMIA<\/strong><\/p>\n<p>Ideal para acompanhar com saladas, pratos de peixe ou carnes brancas.<\/p>\n<p><strong>Temperatura de Servi\u00e7o<\/strong> 10 &#8211; 12oC<\/p>\n<p><strong>CONSERVA\u00c7\u00c3O<\/strong><\/p>\n<p>As condi\u00e7\u00f5es de armazenamento ou de guarda dos vinhos s\u00e3o muito importantes se pretendermos preservar as caracter\u00edsticas dos vinhos e garantir uma evolu\u00e7\u00e3o regular ao longo do tempo.<\/p>\n<p>O local de armazenamento, deve garantir:<\/p>\n<p>Uma temperatura adequada e com alguma ventila\u00e7\u00e3o de modo a evitar a prolifera\u00e7\u00e3o de fungos.<\/p>\n<p>Deve permitir a disposi\u00e7\u00e3o das garrafas deitadas. Aus\u00eancia de oscila\u00e7\u00f5es, vibra\u00e7\u00f5es ou odores desagrad\u00e1veis.<\/p>\n<p>As garrafas devem estar ao abrigo da luz mantendo a humidade relativa elevada.<\/p>\n<p><a href=\"https:\/\/www.ateti.pt\/loja\/wp-content\/uploads\/2021\/03\/Ficha_Tecnica_Vinho_Branco_Bical_de_Sempre_2019_Campolargo_Ate_Ti.pdf\" target=\"_blank\" rel=\"noopener\">Ficha T\u00e9cnica<\/a><\/p>\n<p>Veja mais em <a href=\"https:\/\/www.ateti.pt\/loja\/categoria\/bebidas\/garrafeira\/\">Garrafeira<\/a><\/p>\n","protected":false},"excerpt":{"rendered":"<p>12,59\u20ac\/L<\/p>\n","protected":false},"featured_media":35521,"comment_status":"closed","ping_status":"closed","template":"","meta":{"_themeisle_gutenberg_block_has_review":false},"product_brand":[],"product_cat":[158,739,173,623],"product_tag":[],"woo-feed-brand":[],"class_list":{"0":"post-33001","1":"product","2":"type-product","3":"status-publish","4":"has-post-thumbnail","6":"product_cat-bebidas","7":"product_cat-bebidas-de-natal","8":"product_cat-garrafeira","9":"product_cat-vinho-branco","10":"ts_product_brand-campolargo","12":"first","13":"instock","14":"taxable","15":"shipping-taxable","16":"purchasable","17":"product-type-simple"},"_links":{"self":[{"href":"https:\/\/www.ateti.pt\/loja\/wp-json\/wp\/v2\/product\/33001","targetHints":{"allow":["GET"]}}],"collection":[{"href":"https:\/\/www.ateti.pt\/loja\/wp-json\/wp\/v2\/product"}],"about":[{"href":"https:\/\/www.ateti.pt\/loja\/wp-json\/wp\/v2\/types\/product"}],"replies":[{"embeddable":true,"href":"https:\/\/www.ateti.pt\/loja\/wp-json\/wp\/v2\/comments?post=33001"}],"wp:featuredmedia":[{"embeddable":true,"href":"https:\/\/www.ateti.pt\/loja\/wp-json\/wp\/v2\/media\/35521"}],"wp:attachment":[{"href":"https:\/\/www.ateti.pt\/loja\/wp-json\/wp\/v2\/media?parent=33001"}],"wp:term":[{"taxonomy":"product_brand","embeddable":true,"href":"https:\/\/www.ateti.pt\/loja\/wp-json\/wp\/v2\/product_brand?post=33001"},{"taxonomy":"product_cat","embeddable":true,"href":"https:\/\/www.ateti.pt\/loja\/wp-json\/wp\/v2\/product_cat?post=33001"},{"taxonomy":"product_tag","embeddable":true,"href":"https:\/\/www.ateti.pt\/loja\/wp-json\/wp\/v2\/product_tag?post=33001"},{"taxonomy":"woo-feed-brand","embeddable":true,"href":"https:\/\/www.ateti.pt\/loja\/wp-json\/wp\/v2\/woo-feed-brand?post=33001"}],"curies":[{"name":"wp","href":"https:\/\/api.w.org\/{rel}","templated":true}]}}