{"id":32999,"date":"2021-08-24T17:16:28","date_gmt":"2021-08-24T16:16:28","guid":{"rendered":"https:\/\/www.ateti.pt\/loja\/?post_type=product&#038;p=32999"},"modified":"2024-12-19T12:59:08","modified_gmt":"2024-12-19T12:59:08","slug":"vinho-tinto-baga-castelao-2017-campolargo","status":"publish","type":"product","link":"https:\/\/www.ateti.pt\/loja\/produto\/vinho-tinto-baga-castelao-2017-campolargo\/","title":{"rendered":"Vinho Tinto Baga Castel\u00e3o 2016 Campolargo"},"content":{"rendered":"<h5>Vinho Tinto Baga Castel\u00e3o 2017 Campolargo<\/h5>\n<p><strong>ORIGEM<\/strong><\/p>\n<p><strong>Denomina\u00e7\u00e3o<\/strong> Vinho Tinto<\/p>\n<p><strong>Classifica\u00e7\u00e3o<\/strong> DOC Bairrada<\/p>\n<p><strong>Colheita<\/strong> 2017 | <strong>Lote<\/strong> L14\/18<\/p>\n<p><strong>Volume de produ\u00e7\u00e3o<\/strong> 2310 l<\/p>\n<p><strong>Solo<\/strong> Argilo-Calc\u00e1rio<\/p>\n<p><strong>CASTAS<\/strong><\/p>\n<p>Baga | Castel\u00e3o Nacional<\/p>\n<p>Alerg\u00e9nios: Cont\u00e9m sulfitos e di\u00f3xido de enxofre.<\/p>\n<p><strong>CONTROLO ANAL\u00cdTICO<\/strong><\/p>\n<p><strong>\u00c1lcool<\/strong> 12.5% vol.<\/p>\n<p><strong>A\u00e7\u00facar<\/strong> 1,9 gr \/ dm3<\/p>\n<p><strong>Ac. Total<\/strong> 5.56 g \/ dm3<\/p>\n<p><strong>PH<\/strong> 3.32<\/p>\n<p><strong>PROCESSO<\/strong><\/p>\n<p><strong>Vinifica\u00e7\u00e3o<\/strong> Desengace total, fermenta\u00e7\u00e3o em pequenos lagares com pisa mec\u00e2nica. Fim de fermenta\u00e7\u00e3o alco\u00f3lica e malol\u00e1ctica em madeira usada, seguida de est\u00e1gio em barricas usadas, durante 28 meses.<\/p>\n<p><strong>Engarrafamento<\/strong> 3075 garrafas 75cl<\/p>\n<p><strong>En\u00f3logo<\/strong> Raquel Carvalho\/Carlos Campolargo<\/p>\n<p><strong>CARACTER\u00cdSTICAS<\/strong><\/p>\n<p><strong>Cor<\/strong> rubi intenso<\/p>\n<p><strong>Aroma<\/strong> atraente de frutas maduras, ameixa preta, caf\u00e9 e erva seca<\/p>\n<p><strong>Paladar<\/strong> com notas florais com tanino e acidez assertiva, estruturado<\/p>\n<p><strong>Final de Prova<\/strong> incid\u00eancia na ameixa em calda, taninos proeminentes, muito gastron\u00f3mico<\/p>\n<p><strong>GASTRONOMIA<\/strong><\/p>\n<p>Bom companheiro de pratos de ca\u00e7a.<\/p>\n<p><strong>Temperatura de Servi\u00e7o<\/strong> 15 \u2013 18\u00baC<\/p>\n<p><strong>CONSERVA\u00c7\u00c3O<\/strong><\/p>\n<p>As condi\u00e7\u00f5es de armazenamento ou de guarda dos vinhos s\u00e3o muito importantes se pretendermos preservar as caracter\u00edsticas dos vinhos e garantir uma evolu\u00e7\u00e3o regular ao longo do tempo.<\/p>\n<p>O local de armazenamento, deve garantir:<\/p>\n<p>Uma temperatura adequada e com alguma ventila\u00e7\u00e3o de modo a evitar a prolifera\u00e7\u00e3o de fungos.<\/p>\n<p>Deve permitir a disposi\u00e7\u00e3o das garrafas deitadas.<\/p>\n<p>Aus\u00eancia de oscila\u00e7\u00f5es, vibra\u00e7\u00f5es ou odores desagrad\u00e1veis.<\/p>\n<p>As garrafas devem estar ao abrigo da luz mantendo a humidade relativa elevada.<\/p>\n<p><a href=\"https:\/\/www.ateti.pt\/loja\/wp-content\/uploads\/2021\/03\/Ficha_Tecnica_Vinho_Tinto_Baga_Castelao_2016_Ate_Ti.pdf\" target=\"_blank\" rel=\"noopener\">Ficha T\u00e9cnica<\/a><\/p>\n","protected":false},"excerpt":{"rendered":"<p>12,59\u20ac\/L<\/p>\n","protected":false},"featured_media":56812,"comment_status":"closed","ping_status":"closed","template":"","meta":{"_themeisle_gutenberg_block_has_review":false},"product_brand":[],"product_cat":[158,739,173,621],"product_tag":[],"woo-feed-brand":[],"class_list":{"0":"post-32999","1":"product","2":"type-product","3":"status-publish","4":"has-post-thumbnail","6":"product_cat-bebidas","7":"product_cat-bebidas-de-natal","8":"product_cat-garrafeira","9":"product_cat-vinho-tinto","10":"ts_product_brand-campolargo","12":"first","13":"instock","14":"taxable","15":"shipping-taxable","16":"purchasable","17":"product-type-simple"},"_links":{"self":[{"href":"https:\/\/www.ateti.pt\/loja\/wp-json\/wp\/v2\/product\/32999","targetHints":{"allow":["GET"]}}],"collection":[{"href":"https:\/\/www.ateti.pt\/loja\/wp-json\/wp\/v2\/product"}],"about":[{"href":"https:\/\/www.ateti.pt\/loja\/wp-json\/wp\/v2\/types\/product"}],"replies":[{"embeddable":true,"href":"https:\/\/www.ateti.pt\/loja\/wp-json\/wp\/v2\/comments?post=32999"}],"wp:featuredmedia":[{"embeddable":true,"href":"https:\/\/www.ateti.pt\/loja\/wp-json\/wp\/v2\/media\/56812"}],"wp:attachment":[{"href":"https:\/\/www.ateti.pt\/loja\/wp-json\/wp\/v2\/media?parent=32999"}],"wp:term":[{"taxonomy":"product_brand","embeddable":true,"href":"https:\/\/www.ateti.pt\/loja\/wp-json\/wp\/v2\/product_brand?post=32999"},{"taxonomy":"product_cat","embeddable":true,"href":"https:\/\/www.ateti.pt\/loja\/wp-json\/wp\/v2\/product_cat?post=32999"},{"taxonomy":"product_tag","embeddable":true,"href":"https:\/\/www.ateti.pt\/loja\/wp-json\/wp\/v2\/product_tag?post=32999"},{"taxonomy":"woo-feed-brand","embeddable":true,"href":"https:\/\/www.ateti.pt\/loja\/wp-json\/wp\/v2\/woo-feed-brand?post=32999"}],"curies":[{"name":"wp","href":"https:\/\/api.w.org\/{rel}","templated":true}]}}