{"id":32839,"date":"2021-08-18T12:28:38","date_gmt":"2021-08-18T11:28:38","guid":{"rendered":"https:\/\/www.ateti.pt\/loja\/?post_type=product&#038;p=32839"},"modified":"2023-10-04T18:47:22","modified_gmt":"2023-10-04T17:47:22","slug":"sidra-de-maca-sobersby-pack-6x20cl","status":"publish","type":"product","link":"https:\/\/www.ateti.pt\/loja\/produto\/sidra-de-maca-sobersby-pack-6x20cl\/","title":{"rendered":"Sidra de Ma\u00e7\u00e3 Somersby Pack 6x20cl"},"content":{"rendered":"<p><strong>Sidra de Ma\u00e7\u00e3 Somersby<\/strong><\/p>\n<p>Quantidade: 6 x 20cl<\/p>\n<p><strong>Ingredientes: <\/strong>\u00e1gua, mosto de ma\u00e7\u00e3 (\u00e1gua, a\u00e7\u00facar, sumo de ma\u00e7\u00e3 concentrado), a\u00e7\u00facar, sumo de ma\u00e7\u00e3 concentrado, di\u00f3xido de carbono, acidificante (\u00e1cido c\u00edtrico), aroma natural, conservante (sorbato de pot\u00e1ssio), corante (E150c).<\/p>\n<p><em>Somersby \u00e9 uma Sidra leve e refrescante, indicada para se desfrutar descontraidamente, num fim de tarde ao sol, ap\u00f3s um \u00e1rduo dia de trabalho, depois de jantar ou antes de ir a uma festa.<\/em><\/p>\n<p><em>Produzida a partir da fermenta\u00e7\u00e3o de ma\u00e7\u00e3, \u00e9 uma bebida trendy e muito f\u00e1cil de beber (4,5% \u00e1lcool), com adi\u00e7\u00e3o de 18,5% de sumo e aromas naturais de forma a obter o sabor ideal.<\/em><\/p>\n<p><em>Uma bebida citadina que lhe transmite uma sensa\u00e7\u00e3o de liberdade e boa disposi\u00e7\u00e3o, que refresca os bons momentos da vida.<\/em><\/p>\n<p>V\u00ea mais produtos na categoria <a href=\"https:\/\/www.ateti.pt\/loja\/categoria\/bebidas\/cervejas\/\">Cervejas<\/a><\/p>\n","protected":false},"excerpt":{"rendered":"<p>4,40\u20ac\/L<\/p>\n","protected":false},"featured_media":56819,"comment_status":"closed","ping_status":"closed","template":"","meta":{"_themeisle_gutenberg_block_has_review":false},"product_brand":[],"product_cat":[158,161],"product_tag":[],"woo-feed-brand":[],"class_list":{"0":"post-32839","1":"product","2":"type-product","3":"status-publish","4":"has-post-thumbnail","6":"product_cat-bebidas","7":"product_cat-cervejas","8":"ts_product_brand-somersby","10":"first","11":"instock","12":"sale","13":"taxable","14":"shipping-taxable","15":"purchasable","16":"product-type-simple"},"_links":{"self":[{"href":"https:\/\/www.ateti.pt\/loja\/wp-json\/wp\/v2\/product\/32839","targetHints":{"allow":["GET"]}}],"collection":[{"href":"https:\/\/www.ateti.pt\/loja\/wp-json\/wp\/v2\/product"}],"about":[{"href":"https:\/\/www.ateti.pt\/loja\/wp-json\/wp\/v2\/types\/product"}],"replies":[{"embeddable":true,"href":"https:\/\/www.ateti.pt\/loja\/wp-json\/wp\/v2\/comments?post=32839"}],"wp:featuredmedia":[{"embeddable":true,"href":"https:\/\/www.ateti.pt\/loja\/wp-json\/wp\/v2\/media\/56819"}],"wp:attachment":[{"href":"https:\/\/www.ateti.pt\/loja\/wp-json\/wp\/v2\/media?parent=32839"}],"wp:term":[{"taxonomy":"product_brand","embeddable":true,"href":"https:\/\/www.ateti.pt\/loja\/wp-json\/wp\/v2\/product_brand?post=32839"},{"taxonomy":"product_cat","embeddable":true,"href":"https:\/\/www.ateti.pt\/loja\/wp-json\/wp\/v2\/product_cat?post=32839"},{"taxonomy":"product_tag","embeddable":true,"href":"https:\/\/www.ateti.pt\/loja\/wp-json\/wp\/v2\/product_tag?post=32839"},{"taxonomy":"woo-feed-brand","embeddable":true,"href":"https:\/\/www.ateti.pt\/loja\/wp-json\/wp\/v2\/woo-feed-brand?post=32839"}],"curies":[{"name":"wp","href":"https:\/\/api.w.org\/{rel}","templated":true}]}}