{"id":32750,"date":"2021-08-12T17:53:37","date_gmt":"2021-08-12T16:53:37","guid":{"rendered":"https:\/\/www.ateti.pt\/loja\/?post_type=product&#038;p=32750"},"modified":"2026-04-14T16:45:11","modified_gmt":"2026-04-14T15:45:11","slug":"biscoito-para-cao-biscrok-multi-mix-pedigree-500g","status":"publish","type":"product","link":"https:\/\/www.ateti.pt\/loja\/produto\/biscoito-para-cao-biscrok-multi-mix-pedigree-500g\/","title":{"rendered":"Biscoito para C\u00e3o Biscrok Multi Mix Pedigree 500g"},"content":{"rendered":"<p><strong>Biscoito para C\u00e3o Biscrok Multi Mix Pedigree<\/strong><\/p>\n<p>Quantidade: 500g<\/p>\n<p>Biscoitos crocantes cheios de sabor &#8211; Pedigree Biscrok Multi Mix s\u00e3o preparados na perfei\u00e7\u00e3o e est\u00e3o dispon\u00edveis em tr\u00eas sabores deliciosos.<\/p>\n<p>\u00d3mega 3 para ajudar a mant\u00ea-los sempre em forma.<\/p>\n<p>Com Vitamina E para ajudar a refor\u00e7ar as defesas naturais.<\/p>\n<p>Minerais, incluindo c\u00e1lcio, para ajudar a manter os ossos fortes.<\/p>\n<p>Sem aromatizantes artificiais.<\/p>\n<p>PEDIGREE. Deliciosas guloseimas, gomas para higiene oral e refei\u00e7\u00f5es principais 100% completas para todos os c\u00e3es.<\/p>\n<p>Sabor a frango, vaca e borrego. Alimento composto complementar para c\u00e3es adultos.<\/p>\n<p><strong>Composi\u00e7\u00e3o:\u00a0<\/strong>cereais, carnes e derivados de animal ( inclui 1% frango no biscoito branco, 1% de vaca no biscoito castanho e 1% borrego no biscoito vermelho), \u00f3leos e gorduras, derivados de origem vegetal, subst\u00e2ncias minerais, sementes, a\u00e7\u00facares, ervas.<\/p>\n<p><strong>Constituintes Anal\u00edticos(%):\u00a0<\/strong>prote\u00edna: 14.0; mat\u00e9ria gorda: 8.0; mat\u00e9ria inorg\u00e2nica: 6.0; fibra bruta: 2.0; c\u00e1lcio: 1.0; \u00e1cidos gordos omega 3: 568mg\/kg: valor energ\u00e9tico: 353kcal\/100g.<\/p>\n","protected":false},"excerpt":{"rendered":"<p>7.18\u20ac\/Kg<\/p>\n","protected":false},"featured_media":42357,"comment_status":"closed","ping_status":"closed","template":"","meta":{"_themeisle_gutenberg_block_has_review":false},"product_brand":[],"product_cat":[234,235],"product_tag":[],"woo-feed-brand":[],"class_list":{"0":"post-32750","1":"product","2":"type-product","3":"status-publish","4":"has-post-thumbnail","6":"product_cat-animais","7":"product_cat-caes","8":"ts_product_brand-pedigree","10":"first","11":"instock","12":"taxable","13":"shipping-taxable","14":"purchasable","15":"product-type-simple"},"_links":{"self":[{"href":"https:\/\/www.ateti.pt\/loja\/wp-json\/wp\/v2\/product\/32750","targetHints":{"allow":["GET"]}}],"collection":[{"href":"https:\/\/www.ateti.pt\/loja\/wp-json\/wp\/v2\/product"}],"about":[{"href":"https:\/\/www.ateti.pt\/loja\/wp-json\/wp\/v2\/types\/product"}],"replies":[{"embeddable":true,"href":"https:\/\/www.ateti.pt\/loja\/wp-json\/wp\/v2\/comments?post=32750"}],"wp:featuredmedia":[{"embeddable":true,"href":"https:\/\/www.ateti.pt\/loja\/wp-json\/wp\/v2\/media\/42357"}],"wp:attachment":[{"href":"https:\/\/www.ateti.pt\/loja\/wp-json\/wp\/v2\/media?parent=32750"}],"wp:term":[{"taxonomy":"product_brand","embeddable":true,"href":"https:\/\/www.ateti.pt\/loja\/wp-json\/wp\/v2\/product_brand?post=32750"},{"taxonomy":"product_cat","embeddable":true,"href":"https:\/\/www.ateti.pt\/loja\/wp-json\/wp\/v2\/product_cat?post=32750"},{"taxonomy":"product_tag","embeddable":true,"href":"https:\/\/www.ateti.pt\/loja\/wp-json\/wp\/v2\/product_tag?post=32750"},{"taxonomy":"woo-feed-brand","embeddable":true,"href":"https:\/\/www.ateti.pt\/loja\/wp-json\/wp\/v2\/woo-feed-brand?post=32750"}],"curies":[{"name":"wp","href":"https:\/\/api.w.org\/{rel}","templated":true}]}}