{"id":32747,"date":"2021-08-12T17:23:59","date_gmt":"2021-08-12T16:23:59","guid":{"rendered":"https:\/\/www.ateti.pt\/loja\/?post_type=product&#038;p=32747"},"modified":"2024-02-16T11:02:13","modified_gmt":"2024-02-16T11:02:13","slug":"biscoito-para-cao-markies-original-pedigree-500g","status":"publish","type":"product","link":"https:\/\/www.ateti.pt\/loja\/produto\/biscoito-para-cao-markies-original-pedigree-500g\/","title":{"rendered":"Biscoito para C\u00e3o Markies Original Pedigree 500g"},"content":{"rendered":"<p><strong>Biscoito para C\u00e3o Markies Original Pedigree<\/strong><\/p>\n<p>Quantidade: 500g<\/p>\n<p>Biscoitos crocantes cheios de sabor suculento &#8211; os Markies da Pedigree s\u00e3o incrivelmente crocantes por fora e deliciosamente saborosos por dentro.<\/p>\n<p>\u00d3mega 3 para ajudar a mant\u00ea-los sempre em forma.<\/p>\n<p>Com Vitamina E para ajudar a refor\u00e7ar as defesas naturais.<\/p>\n<p>Minerais, incluindo c\u00e1lcio, para ajudar a manter os ossos fortes.<\/p>\n<p>Sem aromatizantes artificiais.<\/p>\n<p>PEDIGREE. Deliciosas guloseimas, gomas para higiene oral e refei\u00e7\u00f5es principais 100% completas para todos os c\u00e3es.<\/p>\n<p><strong>Composi\u00e7\u00e3o:\u00a0<\/strong>cereais, carnes e derivados de animal (inclui 10% tutano), a\u00e7\u00facares, \u00f3leos e gorduras, subst\u00e2ncias minerais, derivados de origem vegetal.<\/p>\n<p><strong>Constituintes Anal\u00edticos(%):\u00a0<\/strong>prote\u00edna: 14.0; mat\u00e9ria gorda: 10.7; mat\u00e9ria inorg\u00e2nica: 8.0; fibra bruta: 1.3; c\u00e1lcio: 1.9; \u00e1cidos gordos omega 3: 1035mg\/kg: valor energ\u00e9tico: 349kcal\/100g.<\/p>\n","protected":false},"excerpt":{"rendered":"<p>9.38\u20ac\/kg<\/p>\n","protected":false},"featured_media":42358,"comment_status":"closed","ping_status":"closed","template":"","meta":{"_themeisle_gutenberg_block_has_review":false},"product_brand":[],"product_cat":[234,235],"product_tag":[],"woo-feed-brand":[],"class_list":{"0":"post-32747","1":"product","2":"type-product","3":"status-publish","4":"has-post-thumbnail","6":"product_cat-animais","7":"product_cat-caes","8":"ts_product_brand-pedigree","10":"first","11":"instock","12":"sale","13":"taxable","14":"shipping-taxable","15":"purchasable","16":"product-type-simple"},"_links":{"self":[{"href":"https:\/\/www.ateti.pt\/loja\/wp-json\/wp\/v2\/product\/32747","targetHints":{"allow":["GET"]}}],"collection":[{"href":"https:\/\/www.ateti.pt\/loja\/wp-json\/wp\/v2\/product"}],"about":[{"href":"https:\/\/www.ateti.pt\/loja\/wp-json\/wp\/v2\/types\/product"}],"replies":[{"embeddable":true,"href":"https:\/\/www.ateti.pt\/loja\/wp-json\/wp\/v2\/comments?post=32747"}],"wp:featuredmedia":[{"embeddable":true,"href":"https:\/\/www.ateti.pt\/loja\/wp-json\/wp\/v2\/media\/42358"}],"wp:attachment":[{"href":"https:\/\/www.ateti.pt\/loja\/wp-json\/wp\/v2\/media?parent=32747"}],"wp:term":[{"taxonomy":"product_brand","embeddable":true,"href":"https:\/\/www.ateti.pt\/loja\/wp-json\/wp\/v2\/product_brand?post=32747"},{"taxonomy":"product_cat","embeddable":true,"href":"https:\/\/www.ateti.pt\/loja\/wp-json\/wp\/v2\/product_cat?post=32747"},{"taxonomy":"product_tag","embeddable":true,"href":"https:\/\/www.ateti.pt\/loja\/wp-json\/wp\/v2\/product_tag?post=32747"},{"taxonomy":"woo-feed-brand","embeddable":true,"href":"https:\/\/www.ateti.pt\/loja\/wp-json\/wp\/v2\/woo-feed-brand?post=32747"}],"curies":[{"name":"wp","href":"https:\/\/api.w.org\/{rel}","templated":true}]}}