{"id":32632,"date":"2021-08-06T16:28:01","date_gmt":"2021-08-06T15:28:01","guid":{"rendered":"https:\/\/www.ateti.pt\/loja\/?post_type=product&#038;p=32632"},"modified":"2026-02-05T16:37:16","modified_gmt":"2026-02-05T16:37:16","slug":"nutella-350g","status":"publish","type":"product","link":"https:\/\/www.ateti.pt\/loja\/produto\/nutella-350g\/","title":{"rendered":"Creme para Barrar 350g Nutella"},"content":{"rendered":"<p><strong>Creme para Barrar Nutella<\/strong><\/p>\n<p>Quantidade: 350g<\/p>\n<p>Cada frasco de <strong>Creme para Barrar Nutella<\/strong>\u00a0cont\u00e9m 7 ingredientes de qualidade, cuidadosamente selecionados, apenas e s\u00f3. A Nutella<sup>\u00ae<\/sup>\u00a0\u00e9 famosa pela autenticidade do seu sabor a avel\u00e3s e cacau, ainda mais irresist\u00edvel pela sua singular cremosidade. O seu sabor \u00e9 t\u00e3o delicioso que uma \u00fanica colherada pode representar puro prazer. Com uma faca de barrar, p\u00f5e 15 gramas de Nutella<sup>\u00ae<\/sup>, o equivalente a uma colher de ch\u00e1, numa fatia de p\u00e3o, e saboreia a deliciosa experi\u00eancia. Prova, barra e aprecia o teu pequeno-almo\u00e7o.<\/p>\n<p><strong>Ingredientes:\u00a0<\/strong>A\u00e7\u00facar, gordura de palma,\u00a0<strong>avel\u00e3s<\/strong>\u00a0(1 3%),\u00a0<strong>leite<\/strong>\u00a0desnatado em p\u00f3 (8,7 %), cacau magro (7,4 %), emulsionantes: lecitina (<strong>soja<\/strong>), vanilina.<\/p>\n<div>\n<div class=\"key\"><strong>Valores Nutricionais: <\/strong>Energia:2252 kJ | 539 kcal;L\u00edpidos:30.9 g, dos quais saturados:10.6 g; Hidratos de carbono:57.5 g, dos quais a\u00e7\u00facares: 56.3 g; Prote\u00edna: 6.3 g; Sal: 0.107 g.<\/div>\n<\/div>\n","protected":false},"excerpt":{"rendered":"<p>10.83\u20ac\/kg<\/p>\n","protected":false},"featured_media":32635,"comment_status":"closed","ping_status":"closed","template":"","meta":{"_themeisle_gutenberg_block_has_review":false},"product_brand":[],"product_cat":[25,144,132],"product_tag":[],"woo-feed-brand":[],"class_list":{"0":"post-32632","1":"product","2":"type-product","3":"status-publish","4":"has-post-thumbnail","6":"product_cat-chocolates","7":"product_cat-chocolates-biscoitos-e-cereais","8":"product_cat-mercearia","9":"ts_product_brand-nutella","11":"first","12":"instock","13":"sale","14":"taxable","15":"shipping-taxable","16":"purchasable","17":"product-type-simple"},"_links":{"self":[{"href":"https:\/\/www.ateti.pt\/loja\/wp-json\/wp\/v2\/product\/32632","targetHints":{"allow":["GET"]}}],"collection":[{"href":"https:\/\/www.ateti.pt\/loja\/wp-json\/wp\/v2\/product"}],"about":[{"href":"https:\/\/www.ateti.pt\/loja\/wp-json\/wp\/v2\/types\/product"}],"replies":[{"embeddable":true,"href":"https:\/\/www.ateti.pt\/loja\/wp-json\/wp\/v2\/comments?post=32632"}],"wp:featuredmedia":[{"embeddable":true,"href":"https:\/\/www.ateti.pt\/loja\/wp-json\/wp\/v2\/media\/32635"}],"wp:attachment":[{"href":"https:\/\/www.ateti.pt\/loja\/wp-json\/wp\/v2\/media?parent=32632"}],"wp:term":[{"taxonomy":"product_brand","embeddable":true,"href":"https:\/\/www.ateti.pt\/loja\/wp-json\/wp\/v2\/product_brand?post=32632"},{"taxonomy":"product_cat","embeddable":true,"href":"https:\/\/www.ateti.pt\/loja\/wp-json\/wp\/v2\/product_cat?post=32632"},{"taxonomy":"product_tag","embeddable":true,"href":"https:\/\/www.ateti.pt\/loja\/wp-json\/wp\/v2\/product_tag?post=32632"},{"taxonomy":"woo-feed-brand","embeddable":true,"href":"https:\/\/www.ateti.pt\/loja\/wp-json\/wp\/v2\/woo-feed-brand?post=32632"}],"curies":[{"name":"wp","href":"https:\/\/api.w.org\/{rel}","templated":true}]}}