{"id":32462,"date":"2021-07-30T16:33:06","date_gmt":"2021-07-30T15:33:06","guid":{"rendered":"https:\/\/www.ateti.pt\/loja\/?post_type=product&#038;p=32462"},"modified":"2025-01-28T11:31:30","modified_gmt":"2025-01-28T11:31:30","slug":"rebucados-flocos-de-neve-masterchef-1kg","status":"publish","type":"product","link":"https:\/\/www.ateti.pt\/loja\/produto\/rebucados-flocos-de-neve-masterchef-1kg\/","title":{"rendered":"Rebu\u00e7ados Flocos de Neve MasterChef 1kg"},"content":{"rendered":"<p><strong>Rebu\u00e7ados Flocos de Neve MasterChef<\/strong><\/p>\n<p>Quantidade: 1kg<\/p>\n<p><strong>Ingredientes:\u00a0<\/strong>A\u00e7\u00facar, xarope de glicose, regulador de acidez (\u00e1cido c\u00edtrico), aroma, corante (di\u00f3xido de tit\u00e2nio).<\/p>\n<p><strong>Declara\u00e7\u00e3o Nutricional (por 100g):\u00a0<\/strong>Energia: 1677kj\/384kcal; L\u00edpidos: &lt;0,1g; dos quais Saturados: &lt;0,1g; Hidratos de Carbono: 98,6g; dos quais A\u00e7\u00facares: 91,7g; Fibra: &lt;0,3g; Prote\u00ednas: &lt;0,2g; Sal: &lt;0,1g.<\/p>\n","protected":false},"excerpt":{"rendered":"<p>6.19\u20ac\/kg<\/p>\n","protected":false},"featured_media":32463,"comment_status":"closed","ping_status":"closed","template":"","meta":{"_themeisle_gutenberg_block_has_review":false},"product_brand":[],"product_cat":[542,250,688,25,144,132],"product_tag":[],"woo-feed-brand":[],"class_list":{"0":"post-32462","1":"product","2":"type-product","3":"status-publish","4":"has-post-thumbnail","6":"product_cat-alimentacao-office","7":"product_cat-ate-ti-negocios","8":"product_cat-chocolates-bolachas","9":"product_cat-chocolates","10":"product_cat-chocolates-biscoitos-e-cereais","11":"product_cat-mercearia","13":"first","14":"instock","15":"taxable","16":"shipping-taxable","17":"purchasable","18":"product-type-simple"},"_links":{"self":[{"href":"https:\/\/www.ateti.pt\/loja\/wp-json\/wp\/v2\/product\/32462","targetHints":{"allow":["GET"]}}],"collection":[{"href":"https:\/\/www.ateti.pt\/loja\/wp-json\/wp\/v2\/product"}],"about":[{"href":"https:\/\/www.ateti.pt\/loja\/wp-json\/wp\/v2\/types\/product"}],"replies":[{"embeddable":true,"href":"https:\/\/www.ateti.pt\/loja\/wp-json\/wp\/v2\/comments?post=32462"}],"wp:featuredmedia":[{"embeddable":true,"href":"https:\/\/www.ateti.pt\/loja\/wp-json\/wp\/v2\/media\/32463"}],"wp:attachment":[{"href":"https:\/\/www.ateti.pt\/loja\/wp-json\/wp\/v2\/media?parent=32462"}],"wp:term":[{"taxonomy":"product_brand","embeddable":true,"href":"https:\/\/www.ateti.pt\/loja\/wp-json\/wp\/v2\/product_brand?post=32462"},{"taxonomy":"product_cat","embeddable":true,"href":"https:\/\/www.ateti.pt\/loja\/wp-json\/wp\/v2\/product_cat?post=32462"},{"taxonomy":"product_tag","embeddable":true,"href":"https:\/\/www.ateti.pt\/loja\/wp-json\/wp\/v2\/product_tag?post=32462"},{"taxonomy":"woo-feed-brand","embeddable":true,"href":"https:\/\/www.ateti.pt\/loja\/wp-json\/wp\/v2\/woo-feed-brand?post=32462"}],"curies":[{"name":"wp","href":"https:\/\/api.w.org\/{rel}","templated":true}]}}