{"id":32407,"date":"2021-07-28T17:18:25","date_gmt":"2021-07-28T16:18:25","guid":{"rendered":"https:\/\/www.ateti.pt\/loja\/?post_type=product&#038;p=32407"},"modified":"2023-10-04T18:54:55","modified_gmt":"2023-10-04T17:54:55","slug":"knorr-pasta-pot-macn-cheese-62g","status":"publish","type":"product","link":"https:\/\/www.ateti.pt\/loja\/produto\/knorr-pasta-pot-macn-cheese-62g\/","title":{"rendered":"Knorr Pasta Pot Mac\u00b4N Cheese 62g"},"content":{"rendered":"<p><strong>Knorr Pasta Pot Mac\u00b4N Cheese<\/strong><\/p>\n<p>Quantidade: 62g<\/p>\n<p><strong>Preparado desidratado de massa aliment\u00edcia com 52% de molho de queijo<\/strong><\/p>\n<p><strong>Ingredientes:\u00a0<\/strong>massa aliment\u00edcia (48%) (s\u00eamola de trigo duro), amido, queijo fundido (12,3%) (queijo mozarela, queijo azul, queijo, soro de leite), leite magro em p\u00f3, soro de leite, \u00f3leo de girassol, sal mineral (cloreto de pot\u00e1ssio), a\u00e7\u00facar, gordura de palma, sal iodado, aromas (cont\u00e9m leite), cebola (0,8%), lactose, alho (0,2%), extrato de levedura, prote\u00ednas do leite, pimenta (0,05%), curcuma (0,04%), sal. Pode conter ovo, soja, aipo e mostarda.<\/p>\n<p><strong>Declara\u00e7\u00e3o Nutricional (por 100g):\u00a0<\/strong>Energia: 444kj\/101kcal; L\u00edpidos: 2,1g; dos quais Saturados: 1g; Hidratos de Carbono: 17g; dos quais A\u00e7\u00facares: 2,7g; Prote\u00ednas: 3,5g; Sal: 0,62g.<\/p>\n","protected":false},"excerpt":{"rendered":"<p>36.94\u20ac\/kg<\/p>\n","protected":false},"featured_media":56825,"comment_status":"closed","ping_status":"closed","template":"","meta":{"_themeisle_gutenberg_block_has_review":false},"product_brand":[],"product_cat":[187,132],"product_tag":[],"woo-feed-brand":[],"class_list":{"0":"post-32407","1":"product","2":"type-product","3":"status-publish","4":"has-post-thumbnail","6":"product_cat-arrozemassas","7":"product_cat-mercearia","9":"first","10":"instock","11":"taxable","12":"shipping-taxable","13":"purchasable","14":"product-type-simple"},"_links":{"self":[{"href":"https:\/\/www.ateti.pt\/loja\/wp-json\/wp\/v2\/product\/32407","targetHints":{"allow":["GET"]}}],"collection":[{"href":"https:\/\/www.ateti.pt\/loja\/wp-json\/wp\/v2\/product"}],"about":[{"href":"https:\/\/www.ateti.pt\/loja\/wp-json\/wp\/v2\/types\/product"}],"replies":[{"embeddable":true,"href":"https:\/\/www.ateti.pt\/loja\/wp-json\/wp\/v2\/comments?post=32407"}],"wp:featuredmedia":[{"embeddable":true,"href":"https:\/\/www.ateti.pt\/loja\/wp-json\/wp\/v2\/media\/56825"}],"wp:attachment":[{"href":"https:\/\/www.ateti.pt\/loja\/wp-json\/wp\/v2\/media?parent=32407"}],"wp:term":[{"taxonomy":"product_brand","embeddable":true,"href":"https:\/\/www.ateti.pt\/loja\/wp-json\/wp\/v2\/product_brand?post=32407"},{"taxonomy":"product_cat","embeddable":true,"href":"https:\/\/www.ateti.pt\/loja\/wp-json\/wp\/v2\/product_cat?post=32407"},{"taxonomy":"product_tag","embeddable":true,"href":"https:\/\/www.ateti.pt\/loja\/wp-json\/wp\/v2\/product_tag?post=32407"},{"taxonomy":"woo-feed-brand","embeddable":true,"href":"https:\/\/www.ateti.pt\/loja\/wp-json\/wp\/v2\/woo-feed-brand?post=32407"}],"curies":[{"name":"wp","href":"https:\/\/api.w.org\/{rel}","templated":true}]}}