{"id":32206,"date":"2022-03-25T12:37:16","date_gmt":"2022-03-25T11:37:16","guid":{"rendered":"https:\/\/www.ateti.pt\/loja\/?post_type=product&#038;p=32206"},"modified":"2024-01-17T17:41:29","modified_gmt":"2024-01-17T16:41:29","slug":"batata-frita-queijo-e-cebola-pringles-185g","status":"publish","type":"product","link":"https:\/\/www.ateti.pt\/loja\/produto\/batata-frita-queijo-e-cebola-pringles-185g\/","title":{"rendered":"Batata Frita Queijo e Cebola 185g Pringles"},"content":{"rendered":"<p><strong>Batata Frita Queijo e Cebola Pringles<\/strong><\/p>\n<p>Quantidade: 175g<\/p>\n<p><em>Snack salgado com sabor a queijo e cebola<\/em><\/p>\n<p><strong>Ingredientes:\u00a0<\/strong>Batatas desidratadas, \u00f3leos vegetais (girassol, milho), farinha de arroz, amido de trigo, farinha de milho, tempero de queijo e cebola (cebola em p\u00f3, dextrose, maltodextrina, xarope de glicose, intensificadores de sabor (glutamano monoss\u00f3dico, guanilato diss\u00f3dico, inosinato diss\u00f3dico), amido modificado de milho, sal, extrato de levedura, aromas, lactose (leite), caldo granulado (sal, prote\u00ednas vegetais hidrolisadas, \u00f3leo de girassol), queijo em p\u00f3 (leite), acidificantes (\u00e1cido l\u00e1ctico, \u00e1cido c\u00edtrico)), emulsionante (E471), maltodextrina, sal, corante (norbixina de anato).<\/p>\n<p><strong>Delara\u00e7\u00e3o Nutricional (por 100g):\u00a0<\/strong>Energia: 2201kj\/527kcal; L\u00edpidos: 31g; dos quais Saturados: 2,9g; Hidratos de Carbono: 56g; dos quais A\u00e7ucares: 2,7g; Fibra: 3g; Prote\u00ednas: 4,6g; Sal: 1,4g.<\/p>\n","protected":false},"excerpt":{"rendered":"<p>16.51\u20ac\/kg<\/p>\n","protected":false},"featured_media":32273,"comment_status":"closed","ping_status":"closed","template":"","meta":{"_themeisle_gutenberg_block_has_review":false},"product_brand":[],"product_cat":[206,132],"product_tag":[],"woo-feed-brand":[],"class_list":{"0":"post-32206","1":"product","2":"type-product","3":"status-publish","4":"has-post-thumbnail","6":"product_cat-aperitivos","7":"product_cat-mercearia","8":"ts_product_brand-pringles","10":"first","11":"instock","12":"taxable","13":"shipping-taxable","14":"purchasable","15":"product-type-simple"},"_links":{"self":[{"href":"https:\/\/www.ateti.pt\/loja\/wp-json\/wp\/v2\/product\/32206","targetHints":{"allow":["GET"]}}],"collection":[{"href":"https:\/\/www.ateti.pt\/loja\/wp-json\/wp\/v2\/product"}],"about":[{"href":"https:\/\/www.ateti.pt\/loja\/wp-json\/wp\/v2\/types\/product"}],"replies":[{"embeddable":true,"href":"https:\/\/www.ateti.pt\/loja\/wp-json\/wp\/v2\/comments?post=32206"}],"wp:featuredmedia":[{"embeddable":true,"href":"https:\/\/www.ateti.pt\/loja\/wp-json\/wp\/v2\/media\/32273"}],"wp:attachment":[{"href":"https:\/\/www.ateti.pt\/loja\/wp-json\/wp\/v2\/media?parent=32206"}],"wp:term":[{"taxonomy":"product_brand","embeddable":true,"href":"https:\/\/www.ateti.pt\/loja\/wp-json\/wp\/v2\/product_brand?post=32206"},{"taxonomy":"product_cat","embeddable":true,"href":"https:\/\/www.ateti.pt\/loja\/wp-json\/wp\/v2\/product_cat?post=32206"},{"taxonomy":"product_tag","embeddable":true,"href":"https:\/\/www.ateti.pt\/loja\/wp-json\/wp\/v2\/product_tag?post=32206"},{"taxonomy":"woo-feed-brand","embeddable":true,"href":"https:\/\/www.ateti.pt\/loja\/wp-json\/wp\/v2\/woo-feed-brand?post=32206"}],"curies":[{"name":"wp","href":"https:\/\/api.w.org\/{rel}","templated":true}]}}