{"id":32204,"date":"2022-03-26T12:20:58","date_gmt":"2022-03-26T11:20:58","guid":{"rendered":"https:\/\/www.ateti.pt\/loja\/?post_type=product&#038;p=32204"},"modified":"2024-01-17T17:41:20","modified_gmt":"2024-01-17T16:41:20","slug":"batata-frita-paprika-pringles-175g","status":"publish","type":"product","link":"https:\/\/www.ateti.pt\/loja\/produto\/batata-frita-paprika-pringles-175g\/","title":{"rendered":"Batata Frita Paprika 175g Pringles"},"content":{"rendered":"<p><strong>Batata Frita Paprika Pringles<\/strong><\/p>\n<p>Quantidade: 175g<\/p>\n<p><em>Snack salgado com sabor a paprika<\/em><\/p>\n<p><strong>Ingredientes: <\/strong>Batatas desidratadas, \u00f3leos vegetais (girassol, milho), farinha de arroz, amido paprica ( a\u00e7\u00facar, piment\u00e3o em p\u00f3, intensificadores de sabor (glutamano monos\u00f3dico, guanilato diss\u00f3dico, inosinato diss\u00f3dico), levedura em p\u00f3, dextrose, (sal, prote\u00ednas vegetais hidrolisadas, \u00f3leo de girassol), alho em p\u00f3, corante (extrato de piment\u00e3o), acidificante (\u00e1cido c\u00edtrico), extrato de chili), emulsionante corante (norbixina de anato).<\/p>\n<p><strong>Declara\u00e7\u00e3o Nutricional (por 100g):\u00a0<\/strong>Energia: 2203kj\/497kcal; L\u00edpidos: 31g; dos quais Saturados: 2,9g; Hidratos de Carbono: 55g; dos quais A\u00e7\u00facares: 3,8g; Fibra: 3g; Prote\u00edna: 4,9g; Sal: 1,7g.<\/p>\n<p>&nbsp;<\/p>\n<p>Veja mais em <a href=\"https:\/\/www.ateti.pt\/loja\/categoria\/mercearia\/aperitivos\/\">Aperitivos<\/a><\/p>\n","protected":false},"excerpt":{"rendered":"<p>16.51\u20ac\/kg<\/p>\n","protected":false},"featured_media":32272,"comment_status":"closed","ping_status":"closed","template":"","meta":{"_themeisle_gutenberg_block_has_review":false},"product_brand":[],"product_cat":[206,132],"product_tag":[],"woo-feed-brand":[],"class_list":{"0":"post-32204","1":"product","2":"type-product","3":"status-publish","4":"has-post-thumbnail","6":"product_cat-aperitivos","7":"product_cat-mercearia","9":"first","10":"instock","11":"taxable","12":"shipping-taxable","13":"purchasable","14":"product-type-simple"},"_links":{"self":[{"href":"https:\/\/www.ateti.pt\/loja\/wp-json\/wp\/v2\/product\/32204","targetHints":{"allow":["GET"]}}],"collection":[{"href":"https:\/\/www.ateti.pt\/loja\/wp-json\/wp\/v2\/product"}],"about":[{"href":"https:\/\/www.ateti.pt\/loja\/wp-json\/wp\/v2\/types\/product"}],"replies":[{"embeddable":true,"href":"https:\/\/www.ateti.pt\/loja\/wp-json\/wp\/v2\/comments?post=32204"}],"wp:featuredmedia":[{"embeddable":true,"href":"https:\/\/www.ateti.pt\/loja\/wp-json\/wp\/v2\/media\/32272"}],"wp:attachment":[{"href":"https:\/\/www.ateti.pt\/loja\/wp-json\/wp\/v2\/media?parent=32204"}],"wp:term":[{"taxonomy":"product_brand","embeddable":true,"href":"https:\/\/www.ateti.pt\/loja\/wp-json\/wp\/v2\/product_brand?post=32204"},{"taxonomy":"product_cat","embeddable":true,"href":"https:\/\/www.ateti.pt\/loja\/wp-json\/wp\/v2\/product_cat?post=32204"},{"taxonomy":"product_tag","embeddable":true,"href":"https:\/\/www.ateti.pt\/loja\/wp-json\/wp\/v2\/product_tag?post=32204"},{"taxonomy":"woo-feed-brand","embeddable":true,"href":"https:\/\/www.ateti.pt\/loja\/wp-json\/wp\/v2\/woo-feed-brand?post=32204"}],"curies":[{"name":"wp","href":"https:\/\/api.w.org\/{rel}","templated":true}]}}