{"id":31951,"date":"2022-07-14T17:15:21","date_gmt":"2022-07-14T16:15:21","guid":{"rendered":"https:\/\/www.ateti.pt\/loja\/?post_type=product&#038;p=31951"},"modified":"2024-07-04T15:48:34","modified_gmt":"2024-07-04T14:48:34","slug":"vinho-verde-rose-tres-marias-075l","status":"publish","type":"product","link":"https:\/\/www.ateti.pt\/loja\/produto\/vinho-verde-rose-tres-marias-075l\/","title":{"rendered":"Vinho Verde Ros\u00e9 75cl Tr\u00eas Marias"},"content":{"rendered":"<p><strong>Vinho Verde Ros\u00e9 Tr\u00eas Marias<\/strong><\/p>\n<p>Quantidade: 75cl<\/p>\n<p>Tr\u00eas Marias Ros\u00e9 apresenta-se como um vinho bastante frutado, com notas de frutos vermelhos, compota, fresco e ligeiramente efervescente. A fruta vermelha continua evidente na boca, bem conjugada com uma acidez equilibrada. \u00c9 um vinho com grande frescura e um final de boca harmonioso. Deve ser servido entre os 8\u00baC e 10\u00baC em copos adequados.<\/p>\n<p>\u00c1lcool: 10% vol.<br \/>\nAlerg\u00e9nios: Cont\u00e9m sulfitos e di\u00f3xido de enxofre.<\/p>\n<p>&nbsp;<\/p>\n<p>&nbsp;<\/p>\n","protected":false},"excerpt":{"rendered":"<p>3.19\u20ac\/L<\/p>\n","protected":false},"featured_media":31974,"comment_status":"closed","ping_status":"closed","template":"","meta":{"_themeisle_gutenberg_block_has_review":false},"product_brand":[],"product_cat":[173,624],"product_tag":[],"woo-feed-brand":[],"class_list":{"0":"post-31951","1":"product","2":"type-product","3":"status-publish","4":"has-post-thumbnail","6":"product_cat-garrafeira","7":"product_cat-vinho-rose","8":"ts_product_brand-tres-marias","10":"first","11":"instock","12":"sale","13":"taxable","14":"shipping-taxable","15":"purchasable","16":"product-type-simple"},"_links":{"self":[{"href":"https:\/\/www.ateti.pt\/loja\/wp-json\/wp\/v2\/product\/31951","targetHints":{"allow":["GET"]}}],"collection":[{"href":"https:\/\/www.ateti.pt\/loja\/wp-json\/wp\/v2\/product"}],"about":[{"href":"https:\/\/www.ateti.pt\/loja\/wp-json\/wp\/v2\/types\/product"}],"replies":[{"embeddable":true,"href":"https:\/\/www.ateti.pt\/loja\/wp-json\/wp\/v2\/comments?post=31951"}],"wp:featuredmedia":[{"embeddable":true,"href":"https:\/\/www.ateti.pt\/loja\/wp-json\/wp\/v2\/media\/31974"}],"wp:attachment":[{"href":"https:\/\/www.ateti.pt\/loja\/wp-json\/wp\/v2\/media?parent=31951"}],"wp:term":[{"taxonomy":"product_brand","embeddable":true,"href":"https:\/\/www.ateti.pt\/loja\/wp-json\/wp\/v2\/product_brand?post=31951"},{"taxonomy":"product_cat","embeddable":true,"href":"https:\/\/www.ateti.pt\/loja\/wp-json\/wp\/v2\/product_cat?post=31951"},{"taxonomy":"product_tag","embeddable":true,"href":"https:\/\/www.ateti.pt\/loja\/wp-json\/wp\/v2\/product_tag?post=31951"},{"taxonomy":"woo-feed-brand","embeddable":true,"href":"https:\/\/www.ateti.pt\/loja\/wp-json\/wp\/v2\/woo-feed-brand?post=31951"}],"curies":[{"name":"wp","href":"https:\/\/api.w.org\/{rel}","templated":true}]}}