{"id":31797,"date":"2021-07-04T17:59:46","date_gmt":"2021-07-04T16:59:46","guid":{"rendered":"https:\/\/www.ateti.pt\/loja\/?post_type=product&#038;p=31797"},"modified":"2026-02-24T16:54:46","modified_gmt":"2026-02-24T16:54:46","slug":"bloco-wc-marinho-limpa-bem","status":"publish","type":"product","link":"https:\/\/www.ateti.pt\/loja\/produto\/bloco-wc-marinho-limpa-bem\/","title":{"rendered":"Bloco WC Marinho Limpa Bem"},"content":{"rendered":"<p><strong>Bloco WC Marinho<\/strong><\/p>\n<p>Quantidade por embalagem: 1 unidade.<\/p>\n<p>Frag\u00e2ncia Marinha.<\/p>\n<p class=\"mb-0\"><strong>Conselhos de utiliza\u00e7\u00e3o:<\/strong><\/p>\n<p class=\"mb-20\">Para utilizar o <a href=\"https:\/\/www.ateti.pt\/loja\/produto\/bloco-wc-marinho-limpa-bem\/\">Bloco WC Marinho Limpa Bem<\/a> corretamente \u00e9 necess\u00e1rio coloc\u00e1-lo no rebordo da sua sanita. Uma vez que a descarga for feita este ser\u00e1 atingido pela \u00e1gua e, n\u00e3o s\u00f3 ser\u00e1 libertado um cheiro refrescante e que o far\u00e1 lembrar o mar, como o gel que sair\u00e1 do bloco ir\u00e1 ajudar a manter a sua sanita limpa e brilhante.<\/p>\n","protected":false},"excerpt":{"rendered":"<p>1,69\u20ac\/un<\/p>\n","protected":false},"featured_media":31841,"comment_status":"closed","ping_status":"closed","template":"","meta":{"_themeisle_gutenberg_block_has_review":false},"product_brand":[],"product_cat":[210,190,204],"product_tag":[],"woo-feed-brand":[],"class_list":{"0":"post-31797","1":"product","2":"type-product","3":"status-publish","4":"has-post-thumbnail","6":"product_cat-casa-de-banho","7":"product_cat-desinfetantes-e-limpeza","8":"product_cat-limpeza","10":"first","11":"outofstock","12":"taxable","13":"shipping-taxable","14":"purchasable","15":"product-type-simple"},"_links":{"self":[{"href":"https:\/\/www.ateti.pt\/loja\/wp-json\/wp\/v2\/product\/31797","targetHints":{"allow":["GET"]}}],"collection":[{"href":"https:\/\/www.ateti.pt\/loja\/wp-json\/wp\/v2\/product"}],"about":[{"href":"https:\/\/www.ateti.pt\/loja\/wp-json\/wp\/v2\/types\/product"}],"replies":[{"embeddable":true,"href":"https:\/\/www.ateti.pt\/loja\/wp-json\/wp\/v2\/comments?post=31797"}],"wp:featuredmedia":[{"embeddable":true,"href":"https:\/\/www.ateti.pt\/loja\/wp-json\/wp\/v2\/media\/31841"}],"wp:attachment":[{"href":"https:\/\/www.ateti.pt\/loja\/wp-json\/wp\/v2\/media?parent=31797"}],"wp:term":[{"taxonomy":"product_brand","embeddable":true,"href":"https:\/\/www.ateti.pt\/loja\/wp-json\/wp\/v2\/product_brand?post=31797"},{"taxonomy":"product_cat","embeddable":true,"href":"https:\/\/www.ateti.pt\/loja\/wp-json\/wp\/v2\/product_cat?post=31797"},{"taxonomy":"product_tag","embeddable":true,"href":"https:\/\/www.ateti.pt\/loja\/wp-json\/wp\/v2\/product_tag?post=31797"},{"taxonomy":"woo-feed-brand","embeddable":true,"href":"https:\/\/www.ateti.pt\/loja\/wp-json\/wp\/v2\/woo-feed-brand?post=31797"}],"curies":[{"name":"wp","href":"https:\/\/api.w.org\/{rel}","templated":true}]}}