{"id":31794,"date":"2021-07-04T17:49:58","date_gmt":"2021-07-04T16:49:58","guid":{"rendered":"https:\/\/www.ateti.pt\/loja\/?post_type=product&#038;p=31794"},"modified":"2025-12-04T15:06:36","modified_gmt":"2025-12-04T15:06:36","slug":"pastilhas-limpa-maquinas-de-loica-fairy-2un","status":"publish","type":"product","link":"https:\/\/www.ateti.pt\/loja\/produto\/pastilhas-limpa-maquinas-de-loica-fairy-2un\/","title":{"rendered":"Pastilhas Limpa M\u00e1quinas de Loi\u00e7a Fairy"},"content":{"rendered":"<p><strong>Pastilhas Limpa M\u00e1quinas de Loi\u00e7a Fairy\u00a0<\/strong><\/p>\n<p>Quantidade por embalagem: 2 unidades.<\/p>\n<p>Pastilhas Limpa M\u00e1quinas de Loi\u00e7a Fairy, fazem com que tenha uma m\u00e1quina de lavar loi\u00e7a mais higienizada, com um cheiro agrad\u00e1vel.<\/p>\n<p>Estas <a href=\"https:\/\/www.ateti.pt\/loja\/produto\/pastilhas-limpa-maquinas-de-loica-fairy-2un\/\">pastilhas<\/a> ajudam a eliminar o calc\u00e1rio, os maus odores e a gordura acumulada na m\u00e1quina ao longo das lavagens.<\/p>\n<p><strong>Vantagens:<\/strong><\/p>\n<ul>\n<li>F\u00e1cil de usar.<\/li>\n<li>Eficaz mesmo a 40\u00baC.<\/li>\n<li>Proporciona um odor fresco e limpo \u00e0 sua m\u00e1quina.<\/li>\n<\/ul>\n<p><strong>Conselhos de utiliza\u00e7\u00e3o:<\/strong><\/p>\n<ul>\n<li>Use uma pastilha por m\u00eas, para evitar a acumula\u00e7\u00e3o excessiva de gorduras e o aparecimento de calc\u00e1rio, que pode estragar a sua m\u00e1quina. Esta embalagem d\u00e1 at\u00e9 duas utiliza\u00e7\u00f5es, ou seja, dura 2 meses.<\/li>\n<\/ul>\n","protected":false},"excerpt":{"rendered":"<p>2,85\u20ac\/unidade<\/p>\n","protected":false},"featured_media":31840,"comment_status":"closed","ping_status":"closed","template":"","meta":{"_themeisle_gutenberg_block_has_review":false},"product_brand":[],"product_cat":[209,190,204],"product_tag":[],"woo-feed-brand":[],"class_list":{"0":"post-31794","1":"product","2":"type-product","3":"status-publish","4":"has-post-thumbnail","6":"product_cat-cozinha","7":"product_cat-desinfetantes-e-limpeza","8":"product_cat-limpeza","10":"first","11":"instock","12":"taxable","13":"shipping-taxable","14":"purchasable","15":"product-type-simple"},"_links":{"self":[{"href":"https:\/\/www.ateti.pt\/loja\/wp-json\/wp\/v2\/product\/31794","targetHints":{"allow":["GET"]}}],"collection":[{"href":"https:\/\/www.ateti.pt\/loja\/wp-json\/wp\/v2\/product"}],"about":[{"href":"https:\/\/www.ateti.pt\/loja\/wp-json\/wp\/v2\/types\/product"}],"replies":[{"embeddable":true,"href":"https:\/\/www.ateti.pt\/loja\/wp-json\/wp\/v2\/comments?post=31794"}],"wp:featuredmedia":[{"embeddable":true,"href":"https:\/\/www.ateti.pt\/loja\/wp-json\/wp\/v2\/media\/31840"}],"wp:attachment":[{"href":"https:\/\/www.ateti.pt\/loja\/wp-json\/wp\/v2\/media?parent=31794"}],"wp:term":[{"taxonomy":"product_brand","embeddable":true,"href":"https:\/\/www.ateti.pt\/loja\/wp-json\/wp\/v2\/product_brand?post=31794"},{"taxonomy":"product_cat","embeddable":true,"href":"https:\/\/www.ateti.pt\/loja\/wp-json\/wp\/v2\/product_cat?post=31794"},{"taxonomy":"product_tag","embeddable":true,"href":"https:\/\/www.ateti.pt\/loja\/wp-json\/wp\/v2\/product_tag?post=31794"},{"taxonomy":"woo-feed-brand","embeddable":true,"href":"https:\/\/www.ateti.pt\/loja\/wp-json\/wp\/v2\/woo-feed-brand?post=31794"}],"curies":[{"name":"wp","href":"https:\/\/api.w.org\/{rel}","templated":true}]}}