{"id":31612,"date":"2021-06-24T18:11:45","date_gmt":"2021-06-24T17:11:45","guid":{"rendered":"https:\/\/www.ateti.pt\/loja\/?post_type=product&#038;p=31612"},"modified":"2023-09-20T09:11:28","modified_gmt":"2023-09-20T08:11:28","slug":"pastilhas-tridente-drageias-spearmint-145g","status":"publish","type":"product","link":"https:\/\/www.ateti.pt\/loja\/produto\/pastilhas-tridente-drageias-spearmint-145g\/","title":{"rendered":"Pastilhas Tridente Drageias Spearmint 14,5g"},"content":{"rendered":"<p><strong>Pastilhas Tridente Drageias Spearmint<\/strong><\/p>\n<p>Quantidade: 14,5g<\/p>\n<p><strong>Ingredientes:\u00a0<\/strong>Edulcorantes (sorbitol, isomalte, maltit\u00f3is, aspartame, sucralose, acessulfame K), goma base, aromas, humidificante (glicerol), espessante (goma ar\u00e1bica), emulsionantes (lecitinas de girassol), agente de revestimento (cera de carna\u00faba), corantes (lute\u00edna, complexos c\u00fapricos de clorofilinas, azul brilhante FCF).<\/p>\n<p>O seu consumo excessivo pode ter efeitos laxativos.<\/p>\n<p><strong>Declara\u00e7\u00e3o Nutricional (por 100g):\u00a0<\/strong>Energia: 666kj\/160kcal; L\u00edpidos: 0,3g; dos quais Saturados: 0,2g; Hidratos de Carbono: 64g; dos quais A\u00e7\u00facares: &lt;0,1g; dos quais Poli\u00f3is: 64g; Prote\u00ednas: 0,5g; Sal: 0,02g.<\/p>\n","protected":false},"excerpt":{"rendered":"<p>54.48\u20ac\/kg<\/p>\n","protected":false},"featured_media":31613,"comment_status":"closed","ping_status":"closed","template":"","meta":{"_themeisle_gutenberg_block_has_review":false},"product_brand":[],"product_cat":[25,144,132],"product_tag":[],"woo-feed-brand":[],"class_list":{"0":"post-31612","1":"product","2":"type-product","3":"status-publish","4":"has-post-thumbnail","6":"product_cat-chocolates","7":"product_cat-chocolates-biscoitos-e-cereais","8":"product_cat-mercearia","10":"first","11":"instock","12":"taxable","13":"shipping-taxable","14":"purchasable","15":"product-type-simple"},"_links":{"self":[{"href":"https:\/\/www.ateti.pt\/loja\/wp-json\/wp\/v2\/product\/31612","targetHints":{"allow":["GET"]}}],"collection":[{"href":"https:\/\/www.ateti.pt\/loja\/wp-json\/wp\/v2\/product"}],"about":[{"href":"https:\/\/www.ateti.pt\/loja\/wp-json\/wp\/v2\/types\/product"}],"replies":[{"embeddable":true,"href":"https:\/\/www.ateti.pt\/loja\/wp-json\/wp\/v2\/comments?post=31612"}],"wp:featuredmedia":[{"embeddable":true,"href":"https:\/\/www.ateti.pt\/loja\/wp-json\/wp\/v2\/media\/31613"}],"wp:attachment":[{"href":"https:\/\/www.ateti.pt\/loja\/wp-json\/wp\/v2\/media?parent=31612"}],"wp:term":[{"taxonomy":"product_brand","embeddable":true,"href":"https:\/\/www.ateti.pt\/loja\/wp-json\/wp\/v2\/product_brand?post=31612"},{"taxonomy":"product_cat","embeddable":true,"href":"https:\/\/www.ateti.pt\/loja\/wp-json\/wp\/v2\/product_cat?post=31612"},{"taxonomy":"product_tag","embeddable":true,"href":"https:\/\/www.ateti.pt\/loja\/wp-json\/wp\/v2\/product_tag?post=31612"},{"taxonomy":"woo-feed-brand","embeddable":true,"href":"https:\/\/www.ateti.pt\/loja\/wp-json\/wp\/v2\/woo-feed-brand?post=31612"}],"curies":[{"name":"wp","href":"https:\/\/api.w.org\/{rel}","templated":true}]}}