{"id":31603,"date":"2026-01-01T17:06:39","date_gmt":"2026-01-01T17:06:39","guid":{"rendered":"https:\/\/www.ateti.pt\/loja\/?post_type=product&#038;p=31603"},"modified":"2026-03-06T10:32:25","modified_gmt":"2026-03-06T10:32:25","slug":"coca-cola-1l","status":"publish","type":"product","link":"https:\/\/www.ateti.pt\/loja\/produto\/coca-cola-1l\/","title":{"rendered":"Coca Cola 1L (31-03-2026)"},"content":{"rendered":"<p><strong>Coca Cola<\/strong><\/p>\n<p>Quantidade: 1L<\/p>\n<p>\u00c9 recomend\u00e1vel seguir uma alimenta\u00e7\u00e3o variada, moderada e equilibrada, assim como um estilo de vida ativo e saud\u00e1vel.<\/p>\n<p>A de sempre, original e deliciosa, que refresca a milh\u00f5es de pessoas em todo o mundo. Foi criada em 1886 pelo farmac\u00eautico Dr. John Pemberton, sendo a bebida que h\u00e1 mais de 130 anos te acompanha de uma forma especial em alguns dos momentos quotidianos da tua vida.<\/p>\n<p><strong>Ingredientes:\u00a0<\/strong>\u00c1gua, a\u00e7\u00facar, di\u00f3xido de carbono, corante: caramelo E-150d, acidificante: \u00e1cido fosf\u00f3rico e aromas naturais (incluindo cafe\u00edna).<\/p>\n<p><strong>Valores nutricionais (por 100ml):<\/strong> Energia:180kJ \/ 42kcal; L\u00edpidos:0g, dos quais saturados:0g Hidratos de carbono: 10,6g, dos quais a\u00e7\u00facares: 10,6g; Prote\u00ednas:0g; Sal:0g.<\/p>\n<p>Veja mais em <a href=\"https:\/\/www.ateti.pt\/loja\/categoria\/bebidas\/sumos\/\">Sumos<\/a><\/p>\n","protected":false},"excerpt":{"rendered":"<p>1.89\u20ac\/L<\/p>\n","protected":false},"featured_media":61400,"comment_status":"closed","ping_status":"closed","template":"","meta":{"_themeisle_gutenberg_block_has_review":false},"product_brand":[],"product_cat":[158,265,159],"product_tag":[],"woo-feed-brand":[],"class_list":{"0":"post-31603","1":"product","2":"type-product","3":"status-publish","4":"has-post-thumbnail","6":"product_cat-bebidas","7":"product_cat-promocoes-outlet-ate-50-desconto-supermercado-online-ate-ti","8":"product_cat-sumos","10":"first","11":"outofstock","12":"sale","13":"taxable","14":"shipping-taxable","15":"purchasable","16":"product-type-simple"},"_links":{"self":[{"href":"https:\/\/www.ateti.pt\/loja\/wp-json\/wp\/v2\/product\/31603","targetHints":{"allow":["GET"]}}],"collection":[{"href":"https:\/\/www.ateti.pt\/loja\/wp-json\/wp\/v2\/product"}],"about":[{"href":"https:\/\/www.ateti.pt\/loja\/wp-json\/wp\/v2\/types\/product"}],"replies":[{"embeddable":true,"href":"https:\/\/www.ateti.pt\/loja\/wp-json\/wp\/v2\/comments?post=31603"}],"wp:featuredmedia":[{"embeddable":true,"href":"https:\/\/www.ateti.pt\/loja\/wp-json\/wp\/v2\/media\/61400"}],"wp:attachment":[{"href":"https:\/\/www.ateti.pt\/loja\/wp-json\/wp\/v2\/media?parent=31603"}],"wp:term":[{"taxonomy":"product_brand","embeddable":true,"href":"https:\/\/www.ateti.pt\/loja\/wp-json\/wp\/v2\/product_brand?post=31603"},{"taxonomy":"product_cat","embeddable":true,"href":"https:\/\/www.ateti.pt\/loja\/wp-json\/wp\/v2\/product_cat?post=31603"},{"taxonomy":"product_tag","embeddable":true,"href":"https:\/\/www.ateti.pt\/loja\/wp-json\/wp\/v2\/product_tag?post=31603"},{"taxonomy":"woo-feed-brand","embeddable":true,"href":"https:\/\/www.ateti.pt\/loja\/wp-json\/wp\/v2\/woo-feed-brand?post=31603"}],"curies":[{"name":"wp","href":"https:\/\/api.w.org\/{rel}","templated":true}]}}