{"id":31518,"date":"2021-06-21T16:25:47","date_gmt":"2021-06-21T16:25:47","guid":{"rendered":"https:\/\/www.ateti.pt\/loja\/?post_type=product&#038;p=31518"},"modified":"2024-05-14T13:09:12","modified_gmt":"2024-05-14T12:09:12","slug":"vinho-verde-muralhas-de-moncao-075l","status":"publish","type":"product","link":"https:\/\/www.ateti.pt\/loja\/produto\/vinho-verde-muralhas-de-moncao-075l\/","title":{"rendered":"Vinho Verde Muralhas de Mon\u00e7\u00e3o 75cl"},"content":{"rendered":"<h4><strong>Vinho Verde Muralhas de Mon\u00e7\u00e3o<\/strong><\/h4>\n<p>Quantidade: 75cl<\/p>\n<p>\u00c1lcool: 12.5% vol.<br \/>\nAlerg\u00e9nios: Cont\u00e9m sulfitos e di\u00f3xido de enxofre.<\/p>\n<p><a href=\"http:\/\/adegademoncao.pt\/wp-content\/uploads\/2000\/09\/FT-VVB-Muralhas-de-Mon----o-Branco_C2019_PT.pdf\">Ficha T\u00e9cnica<\/a><\/p>\n<p>Veja mais em <a href=\"https:\/\/www.ateti.pt\/loja\/categoria\/bebidas\/garrafeira\/\">Garrafeira<\/a><\/p>\n","protected":false},"excerpt":{"rendered":"<p>6.52\u20ac\/L<\/p>\n","protected":false},"featured_media":31569,"comment_status":"closed","ping_status":"closed","template":"","meta":{"_themeisle_gutenberg_block_has_review":false},"product_brand":[],"product_cat":[173,623],"product_tag":[],"woo-feed-brand":[],"class_list":{"0":"post-31518","1":"product","2":"type-product","3":"status-publish","4":"has-post-thumbnail","6":"product_cat-garrafeira","7":"product_cat-vinho-branco","9":"first","10":"instock","11":"taxable","12":"shipping-taxable","13":"purchasable","14":"product-type-simple"},"_links":{"self":[{"href":"https:\/\/www.ateti.pt\/loja\/wp-json\/wp\/v2\/product\/31518","targetHints":{"allow":["GET"]}}],"collection":[{"href":"https:\/\/www.ateti.pt\/loja\/wp-json\/wp\/v2\/product"}],"about":[{"href":"https:\/\/www.ateti.pt\/loja\/wp-json\/wp\/v2\/types\/product"}],"replies":[{"embeddable":true,"href":"https:\/\/www.ateti.pt\/loja\/wp-json\/wp\/v2\/comments?post=31518"}],"wp:featuredmedia":[{"embeddable":true,"href":"https:\/\/www.ateti.pt\/loja\/wp-json\/wp\/v2\/media\/31569"}],"wp:attachment":[{"href":"https:\/\/www.ateti.pt\/loja\/wp-json\/wp\/v2\/media?parent=31518"}],"wp:term":[{"taxonomy":"product_brand","embeddable":true,"href":"https:\/\/www.ateti.pt\/loja\/wp-json\/wp\/v2\/product_brand?post=31518"},{"taxonomy":"product_cat","embeddable":true,"href":"https:\/\/www.ateti.pt\/loja\/wp-json\/wp\/v2\/product_cat?post=31518"},{"taxonomy":"product_tag","embeddable":true,"href":"https:\/\/www.ateti.pt\/loja\/wp-json\/wp\/v2\/product_tag?post=31518"},{"taxonomy":"woo-feed-brand","embeddable":true,"href":"https:\/\/www.ateti.pt\/loja\/wp-json\/wp\/v2\/woo-feed-brand?post=31518"}],"curies":[{"name":"wp","href":"https:\/\/api.w.org\/{rel}","templated":true}]}}