{"id":31464,"date":"2022-03-26T16:04:09","date_gmt":"2022-03-26T15:04:09","guid":{"rendered":"https:\/\/www.ateti.pt\/loja\/?post_type=product&#038;p=31464"},"modified":"2024-02-12T13:55:47","modified_gmt":"2024-02-12T13:55:47","slug":"batata-frita-original-pringles-175g","status":"publish","type":"product","link":"https:\/\/www.ateti.pt\/loja\/produto\/batata-frita-original-pringles-175g\/","title":{"rendered":"Batata Frita Original 175g Pringles"},"content":{"rendered":"<p><strong>Batata Frita Original Pringles<\/strong><\/p>\n<p>Quantidade: 175g<\/p>\n<p><strong>Ingredientes:\u00a0<\/strong>Batatas desidratadas, \u00f3leos vegetais(girassol, de arroz), amido de trigo, farinha de milho, emulsionante, sal, extrato de levedura em p\u00f3, corante(anato).<\/p>\n<p><strong>Valores nutricionais por 100g de produto: <\/strong>Energia: 2153kj\/514cal; L\u00edpidos: 33g, dos quais \u00e1cidos gordos saturados: 3.6g; Hidratos de carbono: 51g, dos quais a\u00e7\u00facares: 1.2g; Fibra: 2.7g; Prote\u00edna: 4g; Sal: 1.3g.<\/p>\n<p>Veja mais produtos na categorias dos <a href=\"https:\/\/www.ateti.pt\/loja\/categoria\/mercearia\/aperitivos\/\">Aperitivos<\/a><\/p>\n","protected":false},"excerpt":{"rendered":"<p>16.51\u20ac\/KG<\/p>\n","protected":false},"featured_media":60929,"comment_status":"closed","ping_status":"closed","template":"","meta":{"_themeisle_gutenberg_block_has_review":false},"product_brand":[],"product_cat":[206,132],"product_tag":[],"woo-feed-brand":[],"class_list":{"0":"post-31464","1":"product","2":"type-product","3":"status-publish","4":"has-post-thumbnail","6":"product_cat-aperitivos","7":"product_cat-mercearia","8":"ts_product_brand-pringles","10":"first","11":"instock","12":"taxable","13":"shipping-taxable","14":"purchasable","15":"product-type-simple"},"_links":{"self":[{"href":"https:\/\/www.ateti.pt\/loja\/wp-json\/wp\/v2\/product\/31464","targetHints":{"allow":["GET"]}}],"collection":[{"href":"https:\/\/www.ateti.pt\/loja\/wp-json\/wp\/v2\/product"}],"about":[{"href":"https:\/\/www.ateti.pt\/loja\/wp-json\/wp\/v2\/types\/product"}],"replies":[{"embeddable":true,"href":"https:\/\/www.ateti.pt\/loja\/wp-json\/wp\/v2\/comments?post=31464"}],"wp:featuredmedia":[{"embeddable":true,"href":"https:\/\/www.ateti.pt\/loja\/wp-json\/wp\/v2\/media\/60929"}],"wp:attachment":[{"href":"https:\/\/www.ateti.pt\/loja\/wp-json\/wp\/v2\/media?parent=31464"}],"wp:term":[{"taxonomy":"product_brand","embeddable":true,"href":"https:\/\/www.ateti.pt\/loja\/wp-json\/wp\/v2\/product_brand?post=31464"},{"taxonomy":"product_cat","embeddable":true,"href":"https:\/\/www.ateti.pt\/loja\/wp-json\/wp\/v2\/product_cat?post=31464"},{"taxonomy":"product_tag","embeddable":true,"href":"https:\/\/www.ateti.pt\/loja\/wp-json\/wp\/v2\/product_tag?post=31464"},{"taxonomy":"woo-feed-brand","embeddable":true,"href":"https:\/\/www.ateti.pt\/loja\/wp-json\/wp\/v2\/woo-feed-brand?post=31464"}],"curies":[{"name":"wp","href":"https:\/\/api.w.org\/{rel}","templated":true}]}}