{"id":31435,"date":"2021-06-17T16:09:48","date_gmt":"2021-06-17T15:09:48","guid":{"rendered":"https:\/\/www.ateti.pt\/loja\/?post_type=product&#038;p=31435"},"modified":"2024-08-29T18:00:36","modified_gmt":"2024-08-29T17:00:36","slug":"bebida-energetica-red-bull-250ml","status":"publish","type":"product","link":"https:\/\/www.ateti.pt\/loja\/produto\/bebida-energetica-red-bull-250ml\/","title":{"rendered":"Bebida Energ\u00e9tica Red Bull 250ml"},"content":{"rendered":"<p><strong>Bebida Energ\u00e9tica &#8211; Elevado teor de cafe\u00edna<\/strong><\/p>\n<p><strong>Ingredientes:\u00a0<\/strong>\u00e1gua, sacarose, glucose, acidificante (\u00e1cido c\u00edtrico), di\u00f3xido de carbono, taurina (0,4%), reguladores de acidez (carbonatos de s\u00f3dio, carbonatos de magn\u00e9sio), cafe\u00edna (0,03%), vitaminas (niacina, \u00e1cido pantot\u00e9nico, B6, B12), aromas, Corantes (caramelo simples, riboflavinas).<\/p>\n<p><strong>Declara\u00e7\u00e3o Nutricional (por 100ml):\u00a0<\/strong>Energia: 195kj\/46kcal; L\u00edpidos: 0g; dos quais Saturados: 0g; Hidratos de carbono: 11g; dos quais A\u00e7\u00facares: 11g; Prote\u00ednas: 0g; Sal: 0,1g.<\/p>\n<p><strong>RED BULL &#8211; Energy drink.\u00a0<\/strong>Revitaliza corpo e mente.<\/p>\n<p>A niacina e a vitamina B6 contribuem para a redu\u00e7\u00e3o do cansa\u00e7o e da fadiga, bem como para o normal metabolismo produtor de energia.<\/p>\n","protected":false},"excerpt":{"rendered":"<p>5,16\u20ac\/L<\/p>\n","protected":false},"featured_media":31437,"comment_status":"closed","ping_status":"closed","template":"","meta":{"_themeisle_gutenberg_block_has_review":false},"product_brand":[],"product_cat":[158,159],"product_tag":[],"woo-feed-brand":[],"class_list":{"0":"post-31435","1":"product","2":"type-product","3":"status-publish","4":"has-post-thumbnail","6":"product_cat-bebidas","7":"product_cat-sumos","9":"first","10":"instock","11":"sale","12":"taxable","13":"shipping-taxable","14":"purchasable","15":"product-type-simple"},"_links":{"self":[{"href":"https:\/\/www.ateti.pt\/loja\/wp-json\/wp\/v2\/product\/31435","targetHints":{"allow":["GET"]}}],"collection":[{"href":"https:\/\/www.ateti.pt\/loja\/wp-json\/wp\/v2\/product"}],"about":[{"href":"https:\/\/www.ateti.pt\/loja\/wp-json\/wp\/v2\/types\/product"}],"replies":[{"embeddable":true,"href":"https:\/\/www.ateti.pt\/loja\/wp-json\/wp\/v2\/comments?post=31435"}],"wp:featuredmedia":[{"embeddable":true,"href":"https:\/\/www.ateti.pt\/loja\/wp-json\/wp\/v2\/media\/31437"}],"wp:attachment":[{"href":"https:\/\/www.ateti.pt\/loja\/wp-json\/wp\/v2\/media?parent=31435"}],"wp:term":[{"taxonomy":"product_brand","embeddable":true,"href":"https:\/\/www.ateti.pt\/loja\/wp-json\/wp\/v2\/product_brand?post=31435"},{"taxonomy":"product_cat","embeddable":true,"href":"https:\/\/www.ateti.pt\/loja\/wp-json\/wp\/v2\/product_cat?post=31435"},{"taxonomy":"product_tag","embeddable":true,"href":"https:\/\/www.ateti.pt\/loja\/wp-json\/wp\/v2\/product_tag?post=31435"},{"taxonomy":"woo-feed-brand","embeddable":true,"href":"https:\/\/www.ateti.pt\/loja\/wp-json\/wp\/v2\/woo-feed-brand?post=31435"}],"curies":[{"name":"wp","href":"https:\/\/api.w.org\/{rel}","templated":true}]}}