{"id":31199,"date":"2021-08-24T15:23:40","date_gmt":"2021-08-24T14:23:40","guid":{"rendered":"https:\/\/www.ateti.pt\/loja\/?post_type=product&#038;p=31199"},"modified":"2025-12-30T10:11:41","modified_gmt":"2025-12-30T10:11:41","slug":"nutella-b-ready-44g","status":"publish","type":"product","link":"https:\/\/www.ateti.pt\/loja\/produto\/nutella-b-ready-44g\/","title":{"rendered":"Nutella B-Ready 44g"},"content":{"rendered":"<p><strong>Nutella B-Ready<\/strong><\/p>\n<p>Quantidade: 2x22g<\/p>\n<p><strong>Ingredientes:\u00a0<\/strong>Creme para barrar de avel\u00e3s e cacau 81,5%(a\u00e7\u00facar, gordura de palma, avel\u00e3s (13%), leite desnatado em p\u00f3 (8,7%), cacau magro (7,4%), emulsionantes: lecitinas (soja), vanilina), farinha de trigo (16%), levedura de cerveja, extrato de malte de cevada, sal, leite magro em p\u00f3, emulsionantes: lecitinas (soja), prote\u00ednas do trigo, prote\u00ednas do leite, \u00e1gua).<\/p>\n<p><strong>Declara\u00e7\u00e3o Nutricional (por unidade 22g):\u00a0<\/strong>Energia: 479kj\/115kcal; L\u00edpidos: 5,9g; dos quais saturados: 2,1g; Hidratos de Carbono: 13,4g; dos quais A\u00e7\u00facares: 10,4g; Prote\u00ednas: 1,6g; Sal: 0,123g.<\/p>\n","protected":false},"excerpt":{"rendered":"<p>33.86\u20ac\/kg<\/p>\n","protected":false},"featured_media":31200,"comment_status":"closed","ping_status":"closed","template":"","meta":{"_themeisle_gutenberg_block_has_review":false},"product_brand":[],"product_cat":[25,144,132],"product_tag":[],"woo-feed-brand":[],"class_list":{"0":"post-31199","1":"product","2":"type-product","3":"status-publish","4":"has-post-thumbnail","6":"product_cat-chocolates","7":"product_cat-chocolates-biscoitos-e-cereais","8":"product_cat-mercearia","10":"first","11":"instock","12":"sale","13":"taxable","14":"shipping-taxable","15":"purchasable","16":"product-type-simple"},"_links":{"self":[{"href":"https:\/\/www.ateti.pt\/loja\/wp-json\/wp\/v2\/product\/31199","targetHints":{"allow":["GET"]}}],"collection":[{"href":"https:\/\/www.ateti.pt\/loja\/wp-json\/wp\/v2\/product"}],"about":[{"href":"https:\/\/www.ateti.pt\/loja\/wp-json\/wp\/v2\/types\/product"}],"replies":[{"embeddable":true,"href":"https:\/\/www.ateti.pt\/loja\/wp-json\/wp\/v2\/comments?post=31199"}],"wp:featuredmedia":[{"embeddable":true,"href":"https:\/\/www.ateti.pt\/loja\/wp-json\/wp\/v2\/media\/31200"}],"wp:attachment":[{"href":"https:\/\/www.ateti.pt\/loja\/wp-json\/wp\/v2\/media?parent=31199"}],"wp:term":[{"taxonomy":"product_brand","embeddable":true,"href":"https:\/\/www.ateti.pt\/loja\/wp-json\/wp\/v2\/product_brand?post=31199"},{"taxonomy":"product_cat","embeddable":true,"href":"https:\/\/www.ateti.pt\/loja\/wp-json\/wp\/v2\/product_cat?post=31199"},{"taxonomy":"product_tag","embeddable":true,"href":"https:\/\/www.ateti.pt\/loja\/wp-json\/wp\/v2\/product_tag?post=31199"},{"taxonomy":"woo-feed-brand","embeddable":true,"href":"https:\/\/www.ateti.pt\/loja\/wp-json\/wp\/v2\/woo-feed-brand?post=31199"}],"curies":[{"name":"wp","href":"https:\/\/api.w.org\/{rel}","templated":true}]}}