{"id":30615,"date":"2021-06-28T17:16:20","date_gmt":"2021-06-28T16:16:20","guid":{"rendered":"https:\/\/www.ateti.pt\/loja\/?post_type=product&#038;p=30615"},"modified":"2026-02-18T14:59:54","modified_gmt":"2026-02-18T14:59:54","slug":"lava-tudo-brilhante-eucalipto-e-menta-sonasol-1100ml","status":"publish","type":"product","link":"https:\/\/www.ateti.pt\/loja\/produto\/lava-tudo-brilhante-eucalipto-e-menta-sonasol-1100ml\/","title":{"rendered":"Lava Tudo Brilhante Eucalipto e Menta Sonasol 1100ml"},"content":{"rendered":"<p><strong>Lava Tudo Brilhante Eucalipto e Menta<\/strong><\/p>\n<p>Quantidade: 1100ml<\/p>\n<p><strong>Descri\u00e7\u00e3o:<\/strong><\/p>\n<p>Sonasol Brilhante Eucalipto e Menta \u00e9 o lava tudo com um aroma fresco e purificante ideal para a limpeza\u00a0 de todas as superf\u00edcies lav\u00e1veis, como azulejos ou m\u00e1rmores. Garante uma secagem ultra r\u00e1pida para uma limpeza brilhante numa s\u00f3 passagem. Gra\u00e7as \u00e0 sua f\u00f3rmula inovador, proporciona uma limpeza perfeita e repara gradualmente as fissuras e o desgaste respons\u00e1veis pela perda de brilho das superf\u00edcies. Al\u00e9m disso, enriquecida com uma tecnologia de fragr\u00e2ncia, garante um perfume de longa dura\u00e7\u00e3o &#8211; uma inova\u00e7\u00e3o de frescura em sua casa. Com o novo Sonasol Brilhante Eucalipto e Menta, consiga 100% mais brilho duradouro.<\/p>\n<p><strong>Modo de Uso:\u00a0<\/strong><\/p>\n<p>USO DILU\u00cdDO: Diluir 2 tampas de produto num balde de \u00e1gua (8L).<\/p>\n<p>USO DIRETO: Aplicar o produto num pano e limpar a superf\u00edcie desejada.<\/p>\n","protected":false},"excerpt":{"rendered":"<p>2.72\u20ac\/L<\/p>\n","protected":false},"featured_media":31678,"comment_status":"closed","ping_status":"closed","template":"","meta":{"_themeisle_gutenberg_block_has_review":false},"product_brand":[],"product_cat":[190,232,204],"product_tag":[],"woo-feed-brand":[],"class_list":{"0":"post-30615","1":"product","2":"type-product","3":"status-publish","4":"has-post-thumbnail","6":"product_cat-desinfetantes-e-limpeza","7":"product_cat-lava-tudo","8":"product_cat-limpeza","10":"first","11":"instock","12":"taxable","13":"shipping-taxable","14":"purchasable","15":"product-type-simple"},"_links":{"self":[{"href":"https:\/\/www.ateti.pt\/loja\/wp-json\/wp\/v2\/product\/30615","targetHints":{"allow":["GET"]}}],"collection":[{"href":"https:\/\/www.ateti.pt\/loja\/wp-json\/wp\/v2\/product"}],"about":[{"href":"https:\/\/www.ateti.pt\/loja\/wp-json\/wp\/v2\/types\/product"}],"replies":[{"embeddable":true,"href":"https:\/\/www.ateti.pt\/loja\/wp-json\/wp\/v2\/comments?post=30615"}],"wp:featuredmedia":[{"embeddable":true,"href":"https:\/\/www.ateti.pt\/loja\/wp-json\/wp\/v2\/media\/31678"}],"wp:attachment":[{"href":"https:\/\/www.ateti.pt\/loja\/wp-json\/wp\/v2\/media?parent=30615"}],"wp:term":[{"taxonomy":"product_brand","embeddable":true,"href":"https:\/\/www.ateti.pt\/loja\/wp-json\/wp\/v2\/product_brand?post=30615"},{"taxonomy":"product_cat","embeddable":true,"href":"https:\/\/www.ateti.pt\/loja\/wp-json\/wp\/v2\/product_cat?post=30615"},{"taxonomy":"product_tag","embeddable":true,"href":"https:\/\/www.ateti.pt\/loja\/wp-json\/wp\/v2\/product_tag?post=30615"},{"taxonomy":"woo-feed-brand","embeddable":true,"href":"https:\/\/www.ateti.pt\/loja\/wp-json\/wp\/v2\/woo-feed-brand?post=30615"}],"curies":[{"name":"wp","href":"https:\/\/api.w.org\/{rel}","templated":true}]}}