{"id":30593,"date":"2022-03-10T10:45:56","date_gmt":"2022-03-10T09:45:56","guid":{"rendered":"https:\/\/www.ateti.pt\/loja\/?post_type=product&#038;p=30593"},"modified":"2025-10-17T16:49:34","modified_gmt":"2025-10-17T15:49:34","slug":"delta-q-mythiq-xl-40-capsulas","status":"publish","type":"product","link":"https:\/\/www.ateti.pt\/loja\/produto\/delta-q-mythiq-xl-40-capsulas\/","title":{"rendered":"Caf\u00e9 Mythiq Int 15 emb. 40 C\u00e1psulas Delta Q"},"content":{"rendered":"<p><strong>Caf\u00e9 Mythiq <\/strong><strong>Delta Q\u00a0<\/strong><\/p>\n<p>Intensidade: 15<\/p>\n<p>Quantidade: 40 c\u00e1psulas<\/p>\n<p>Peso L\u00edquido: 220g<\/p>\n<p><strong>Ingredientes:\u00a0<\/strong>Caf\u00e9 torrado<\/p>\n<p>&nbsp;<\/p>\n","protected":false},"excerpt":{"rendered":"<p>0.35\u20ac\/un<\/p>\n","protected":false},"featured_media":60423,"comment_status":"closed","ping_status":"closed","template":"","meta":{"_themeisle_gutenberg_block_has_review":false},"product_brand":[],"product_cat":[117,21],"product_tag":[],"woo-feed-brand":[],"class_list":{"0":"post-30593","1":"product","2":"type-product","3":"status-publish","4":"has-post-thumbnail","6":"product_cat-cafe-em-capsula","7":"product_cat-capsulas-delta-q","8":"ts_product_brand-delta-q","10":"first","11":"instock","12":"sale","13":"taxable","14":"shipping-taxable","15":"purchasable","16":"product-type-simple"},"_links":{"self":[{"href":"https:\/\/www.ateti.pt\/loja\/wp-json\/wp\/v2\/product\/30593","targetHints":{"allow":["GET"]}}],"collection":[{"href":"https:\/\/www.ateti.pt\/loja\/wp-json\/wp\/v2\/product"}],"about":[{"href":"https:\/\/www.ateti.pt\/loja\/wp-json\/wp\/v2\/types\/product"}],"replies":[{"embeddable":true,"href":"https:\/\/www.ateti.pt\/loja\/wp-json\/wp\/v2\/comments?post=30593"}],"wp:featuredmedia":[{"embeddable":true,"href":"https:\/\/www.ateti.pt\/loja\/wp-json\/wp\/v2\/media\/60423"}],"wp:attachment":[{"href":"https:\/\/www.ateti.pt\/loja\/wp-json\/wp\/v2\/media?parent=30593"}],"wp:term":[{"taxonomy":"product_brand","embeddable":true,"href":"https:\/\/www.ateti.pt\/loja\/wp-json\/wp\/v2\/product_brand?post=30593"},{"taxonomy":"product_cat","embeddable":true,"href":"https:\/\/www.ateti.pt\/loja\/wp-json\/wp\/v2\/product_cat?post=30593"},{"taxonomy":"product_tag","embeddable":true,"href":"https:\/\/www.ateti.pt\/loja\/wp-json\/wp\/v2\/product_tag?post=30593"},{"taxonomy":"woo-feed-brand","embeddable":true,"href":"https:\/\/www.ateti.pt\/loja\/wp-json\/wp\/v2\/woo-feed-brand?post=30593"}],"curies":[{"name":"wp","href":"https:\/\/api.w.org\/{rel}","templated":true}]}}