{"id":30367,"date":"2019-05-10T17:24:12","date_gmt":"2019-05-10T16:24:12","guid":{"rendered":"https:\/\/www.ateti.pt\/loja\/?post_type=product&#038;p=30367"},"modified":"2026-05-05T13:57:02","modified_gmt":"2026-05-05T12:57:02","slug":"pensos-rapidos-sortidos-baikim-30un","status":"publish","type":"product","link":"https:\/\/www.ateti.pt\/loja\/produto\/pensos-rapidos-sortidos-baikim-30un\/","title":{"rendered":"Pensos R\u00e1pidos Sortidos Baikim 30un (Caixa danificada)"},"content":{"rendered":"<p>Pensos R\u00e1pidos Sortidos Baikim 30un<\/p>\n<p><strong>Quantidade:<\/strong> 30 un<\/p>\n<p>Compressa absorvente de gaze.<br \/>\nSuporte em PE microperfurado.<br \/>\nRevestimento antiaderente.<\/p>\n<p><strong>Instru\u00e7\u00f5es de Utiliza\u00e7\u00e3o:\u00a0<\/strong><\/p>\n<p>Para usar os seus Pensos R\u00e1pidos Sortidos Baikim 30un de primeiro limpar e secar com cuidado a zona afectada, desinfectando-a caso seja necess\u00e1rio. Retire o penso da embalagem e remova a parte protectora. Aplicar sobre a pele e pressionar brevemente para uma perfeita ader\u00eancia.<\/p>\n<p>&nbsp;<\/p>\n<p>Para ver mais produtos como este v\u00e1 a <a href=\"https:\/\/www.ateti.pt\/loja\/categoria\/higiene-e-limpeza\/higiene\/\" target=\"_blank\" rel=\"noopener\">Higiene<\/a> na Categoria Mercearia do supermercado online At\u00e9 Ti.<\/p>\n<p>Pode ainda encontrar no At\u00e9 Ti produtos com descontos at\u00e9 50% na Categoria\u00a0<a href=\"https:\/\/www.ateti.pt\/loja\/categoria\/outlet-ate-50\/\" target=\"_blank\" rel=\"noopener\">Outlet ate 50%<\/a>.<\/p>\n<p>Fa\u00e7a as suas compras no seu supermercado online At\u00e9 Ti e receba a sua encomenda comodamente em casa, no trabalho ou onde quiser.<\/p>\n<p>&nbsp;<\/p>\n","protected":false},"excerpt":{"rendered":"<p>0,036\u20ac\/un<\/p>\n","protected":false},"featured_media":61021,"comment_status":"closed","ping_status":"closed","template":"","meta":{"_themeisle_gutenberg_block_has_review":false},"product_brand":[],"product_cat":[203,212,190,265],"product_tag":[],"woo-feed-brand":[],"class_list":{"0":"post-30367","1":"product","2":"type-product","3":"status-publish","4":"has-post-thumbnail","6":"product_cat-beleza-e-higiene","7":"product_cat-corpo","8":"product_cat-desinfetantes-e-limpeza","9":"product_cat-promocoes-outlet-ate-50-desconto-supermercado-online-ate-ti","11":"first","12":"instock","13":"sale","14":"taxable","15":"shipping-taxable","16":"purchasable","17":"product-type-simple"},"_links":{"self":[{"href":"https:\/\/www.ateti.pt\/loja\/wp-json\/wp\/v2\/product\/30367","targetHints":{"allow":["GET"]}}],"collection":[{"href":"https:\/\/www.ateti.pt\/loja\/wp-json\/wp\/v2\/product"}],"about":[{"href":"https:\/\/www.ateti.pt\/loja\/wp-json\/wp\/v2\/types\/product"}],"replies":[{"embeddable":true,"href":"https:\/\/www.ateti.pt\/loja\/wp-json\/wp\/v2\/comments?post=30367"}],"wp:featuredmedia":[{"embeddable":true,"href":"https:\/\/www.ateti.pt\/loja\/wp-json\/wp\/v2\/media\/61021"}],"wp:attachment":[{"href":"https:\/\/www.ateti.pt\/loja\/wp-json\/wp\/v2\/media?parent=30367"}],"wp:term":[{"taxonomy":"product_brand","embeddable":true,"href":"https:\/\/www.ateti.pt\/loja\/wp-json\/wp\/v2\/product_brand?post=30367"},{"taxonomy":"product_cat","embeddable":true,"href":"https:\/\/www.ateti.pt\/loja\/wp-json\/wp\/v2\/product_cat?post=30367"},{"taxonomy":"product_tag","embeddable":true,"href":"https:\/\/www.ateti.pt\/loja\/wp-json\/wp\/v2\/product_tag?post=30367"},{"taxonomy":"woo-feed-brand","embeddable":true,"href":"https:\/\/www.ateti.pt\/loja\/wp-json\/wp\/v2\/woo-feed-brand?post=30367"}],"curies":[{"name":"wp","href":"https:\/\/api.w.org\/{rel}","templated":true}]}}