{"id":30361,"date":"2024-07-04T16:46:51","date_gmt":"2024-07-04T15:46:51","guid":{"rendered":"https:\/\/www.ateti.pt\/loja\/?post_type=product&#038;p=30361"},"modified":"2026-01-30T13:00:07","modified_gmt":"2026-01-30T13:00:07","slug":"nestum-zero-arroz-250g-sem-gluten","status":"publish","type":"product","link":"https:\/\/www.ateti.pt\/loja\/produto\/nestum-zero-arroz-250g-sem-gluten\/","title":{"rendered":"Nestum Arroz 0% A\u00e7\u00facar sem Gl\u00faten 250g Nestl\u00e9"},"content":{"rendered":"<p>Nestum Arroz Nestl\u00e9<\/p>\n<p><strong>Quantidade:<\/strong> 250 g<\/p>\n<p><strong>Ingredientes:\u00a0<\/strong><\/p>\n<p>Farinha de arroz parcialmente hidrolisada (92,8 %), inulina, \u00f3leos vegetais (colza e girassol), carbonato de c\u00e1lcio, vitaminas (C, niacina, \u00e1cido pantot\u00e9nico, tiamina, B6, riboflavina, B12 e \u00e1cido f\u00f3lico), ferro reduzido, aroma (vanilina), cultura de bifidobact\u00e9rias. Pode conter leite.<\/p>\n<p><strong>Declara\u00e7\u00e3o Nutricional (valores m\u00e9dios por 100 g de produto):\u00a0<\/strong><\/p>\n<p>Energia: 1629kj \/385kcal; L\u00edpidos: 2,5g; dos quais Saturados: 0,6g; Hidratos de Carbono: 81g; dos quais A\u00e7\u00facares: 4,4g; Fibra: 5,5g; Prote\u00ednas: 6,8g; Sal: 0,11g.<\/p>\n<p><strong>Informa\u00e7\u00f5es Gerais:<\/strong><\/p>\n<p>Deve conservar o seu Nestum Arroz Nestl\u00e9 na embalagem bem fechada num lugar fresco e seco.<\/p>\n<p><strong>Modo de prepara\u00e7\u00e3o:<\/strong><\/p>\n<p>Coloque numa tigela ou num prato fundo leite quente ou frio;<br \/>\nJunte o seu Nestum Zero Arroz e mexa bem;<br \/>\nO seu Nestum est\u00e1 pronto a comer e \u00e9 delicioso!<\/p>\n<p>Experimente fazer este preparado e bom apetite!<\/p>\n<p>&nbsp;<\/p>\n<p>Para ver mais produtos como este v\u00e1 a\u00a0<a href=\"https:\/\/www.ateti.pt\/loja\/categoria\/mercearia\/chocolates-biscoitos-e-cereais\/\" target=\"_blank\" rel=\"noopener\">Chocolates, Biscoitos e Cereais<\/a>\u00a0na Categoria Mercearia do supermercado online At\u00e9 Ti.<\/p>\n<p>Pode ainda encontrar no At\u00e9 Ti produtos com descontos at\u00e9 50% na Categoria <a href=\"https:\/\/www.ateti.pt\/loja\/categoria\/outlet-ate-50\/\" target=\"_blank\" rel=\"noopener\">Outlet ate 50%<\/a>.<\/p>\n<p>Fa\u00e7a as suas compras no seu supermercado online At\u00e9 Ti e receba a sua encomenda comodamente em casa, no trabalho ou onde quiser.<\/p>\n<p>&nbsp;<\/p>\n","protected":false},"excerpt":{"rendered":"<p>14.36\u20ac\/kg<\/p>\n","protected":false},"featured_media":31445,"comment_status":"closed","ping_status":"closed","template":"","meta":{"_themeisle_gutenberg_block_has_review":false},"product_brand":[],"product_cat":[226,214,207,144,132,145,216],"product_tag":[],"woo-feed-brand":[],"class_list":{"0":"post-30361","1":"product","2":"type-product","3":"status-publish","4":"has-post-thumbnail","6":"product_cat-alimentacao","7":"product_cat-bebe-crianca","8":"product_cat-bio-saudavel","9":"product_cat-chocolates-biscoitos-e-cereais","10":"product_cat-mercearia","11":"product_cat-pequeno-almoco-e-cereais","12":"product_cat-sem-gluten","14":"first","15":"instock","16":"taxable","17":"shipping-taxable","18":"purchasable","19":"product-type-simple"},"_links":{"self":[{"href":"https:\/\/www.ateti.pt\/loja\/wp-json\/wp\/v2\/product\/30361","targetHints":{"allow":["GET"]}}],"collection":[{"href":"https:\/\/www.ateti.pt\/loja\/wp-json\/wp\/v2\/product"}],"about":[{"href":"https:\/\/www.ateti.pt\/loja\/wp-json\/wp\/v2\/types\/product"}],"replies":[{"embeddable":true,"href":"https:\/\/www.ateti.pt\/loja\/wp-json\/wp\/v2\/comments?post=30361"}],"wp:featuredmedia":[{"embeddable":true,"href":"https:\/\/www.ateti.pt\/loja\/wp-json\/wp\/v2\/media\/31445"}],"wp:attachment":[{"href":"https:\/\/www.ateti.pt\/loja\/wp-json\/wp\/v2\/media?parent=30361"}],"wp:term":[{"taxonomy":"product_brand","embeddable":true,"href":"https:\/\/www.ateti.pt\/loja\/wp-json\/wp\/v2\/product_brand?post=30361"},{"taxonomy":"product_cat","embeddable":true,"href":"https:\/\/www.ateti.pt\/loja\/wp-json\/wp\/v2\/product_cat?post=30361"},{"taxonomy":"product_tag","embeddable":true,"href":"https:\/\/www.ateti.pt\/loja\/wp-json\/wp\/v2\/product_tag?post=30361"},{"taxonomy":"woo-feed-brand","embeddable":true,"href":"https:\/\/www.ateti.pt\/loja\/wp-json\/wp\/v2\/woo-feed-brand?post=30361"}],"curies":[{"name":"wp","href":"https:\/\/api.w.org\/{rel}","templated":true}]}}