{"id":30166,"date":"2021-05-03T17:49:01","date_gmt":"2021-05-03T16:49:01","guid":{"rendered":"https:\/\/www.ateti.pt\/loja\/?post_type=product&#038;p=30166"},"modified":"2025-01-28T11:04:44","modified_gmt":"2025-01-28T11:04:44","slug":"couscous-milaneza-1kg","status":"publish","type":"product","link":"https:\/\/www.ateti.pt\/loja\/produto\/couscous-milaneza-1kg\/","title":{"rendered":"Couscous Milaneza 1kg"},"content":{"rendered":"<p>Couscous Milaneza 1kg<\/p>\n<p><strong>Quantidade:<\/strong> 1kg<\/p>\n<p><strong>Ingredientes:\u00a0<\/strong>S\u00eamola de trigo duro (gl\u00faten).<\/p>\n<p><strong>Informa\u00e7\u00f5es Nutricional (valores m\u00e9dios por 100 g de produto): <\/strong><\/p>\n<p>Energia: 1476kj\/348kcal; L\u00edpidos: 2g; dos quais Saturados: 1g; Hidratos de Carbono: 70g; dos quais A\u00e7\u00facares: 1,8g; Fibra: 2g; Prote\u00ednas: 12g; Sal: 0,01g.<\/p>\n<p><strong>Informa\u00e7\u00f5es Gerais:<\/strong><\/p>\n<p>Deve conservar os seus Couscous Milaneza 1kg num local fresco e seco e ao abrigo da luz.<\/p>\n<p><strong>Modo de prepara\u00e7\u00e3o dos seus couscous: <\/strong><\/p>\n<p>Numa ta\u00e7a junte 1 por\u00e7\u00e3o de Couscous (60 g de pessoa) com 1 colher de ch\u00e1 de azeite. Adicione 1 por\u00e7\u00e3o de \u00e1gua a ferver com sal;<br \/>\nTape e deixe repousar durante 3 minutos. Assim que a \u00e1gua estiver totalmente absorvida, mexa com um garfo at\u00e9 obter uma mistura homog\u00e9nea dos gr\u00e3os;<br \/>\nOpcional: se gostar, enrique\u00e7a o preparado com uma noz de manteiga e sirva.<\/p>\n<p>Pode servir os seus couscous com carne, peixe, legumes, em pratos vegetarianos ou veganos e ainda pode servir como uma sobremesa.<\/p>\n<p>&nbsp;<\/p>\n<p>Para ver mais produtos como este v\u00e1 a\u00a0<a href=\"https:\/\/www.ateti.pt\/loja\/categoria\/mercearia\/arrozemassas\/\" target=\"_blank\" rel=\"noopener\">Arroz e Massas<\/a> na Categoria Mercearia do At\u00e9 Ti.<\/p>\n<p>Pode ainda encontrar no At\u00e9 Ti produtos com descontos at\u00e9 50% na Categoria\u00a0<a href=\"https:\/\/www.ateti.pt\/loja\/categoria\/outlet-ate-50\/\" target=\"_blank\" rel=\"noopener\">Outlet ate 50%<\/a>.<\/p>\n<p>Fa\u00e7a as suas compras no seu supermercado online At\u00e9 Ti e receba a sua encomenda comodamente em casa, no trabalho ou onde quiser.<\/p>\n<p>&nbsp;<\/p>\n<p>&nbsp;<\/p>\n","protected":false},"excerpt":{"rendered":"<p>2,99\u20ac\/kg<\/p>\n","protected":false},"featured_media":61402,"comment_status":"closed","ping_status":"closed","template":"","meta":{"_themeisle_gutenberg_block_has_review":false},"product_brand":[],"product_cat":[187,891,132],"product_tag":[],"woo-feed-brand":[],"class_list":{"0":"post-30166","1":"product","2":"type-product","3":"status-publish","4":"has-post-thumbnail","6":"product_cat-arrozemassas","7":"product_cat-iva-zero","8":"product_cat-mercearia","10":"first","11":"instock","12":"taxable","13":"shipping-taxable","14":"purchasable","15":"product-type-simple"},"_links":{"self":[{"href":"https:\/\/www.ateti.pt\/loja\/wp-json\/wp\/v2\/product\/30166","targetHints":{"allow":["GET"]}}],"collection":[{"href":"https:\/\/www.ateti.pt\/loja\/wp-json\/wp\/v2\/product"}],"about":[{"href":"https:\/\/www.ateti.pt\/loja\/wp-json\/wp\/v2\/types\/product"}],"replies":[{"embeddable":true,"href":"https:\/\/www.ateti.pt\/loja\/wp-json\/wp\/v2\/comments?post=30166"}],"wp:featuredmedia":[{"embeddable":true,"href":"https:\/\/www.ateti.pt\/loja\/wp-json\/wp\/v2\/media\/61402"}],"wp:attachment":[{"href":"https:\/\/www.ateti.pt\/loja\/wp-json\/wp\/v2\/media?parent=30166"}],"wp:term":[{"taxonomy":"product_brand","embeddable":true,"href":"https:\/\/www.ateti.pt\/loja\/wp-json\/wp\/v2\/product_brand?post=30166"},{"taxonomy":"product_cat","embeddable":true,"href":"https:\/\/www.ateti.pt\/loja\/wp-json\/wp\/v2\/product_cat?post=30166"},{"taxonomy":"product_tag","embeddable":true,"href":"https:\/\/www.ateti.pt\/loja\/wp-json\/wp\/v2\/product_tag?post=30166"},{"taxonomy":"woo-feed-brand","embeddable":true,"href":"https:\/\/www.ateti.pt\/loja\/wp-json\/wp\/v2\/woo-feed-brand?post=30166"}],"curies":[{"name":"wp","href":"https:\/\/api.w.org\/{rel}","templated":true}]}}