{"id":30108,"date":"2021-04-29T16:02:28","date_gmt":"2021-04-29T15:02:28","guid":{"rendered":"https:\/\/www.ateti.pt\/loja\/?post_type=product&#038;p=30108"},"modified":"2024-08-26T09:39:40","modified_gmt":"2024-08-26T08:39:40","slug":"ketchup-saquetas-individuais-10ml-heinz-cx-200-unid","status":"publish","type":"product","link":"https:\/\/www.ateti.pt\/loja\/produto\/ketchup-saquetas-individuais-10ml-heinz-cx-200-unid\/","title":{"rendered":"Ketchup Saquetas Individuais 10ml Heinz 200 un"},"content":{"rendered":"<p><strong>Ketchup Saquetas Individuais Heinz<\/strong><\/p>\n<p><strong>Quantidade:<\/strong> 10 ml x 200 unidades<\/p>\n<p><strong>Ingredientes:<\/strong><\/p>\n<p>Tomates (148 g por 100 g de Tomate Ketchup ), vinagre de \u00e1lcool, a\u00e7\u00facar, sal, extratos de especiaria e erva arom\u00e1tica (cont\u00e9m aipo), especiaria.<\/p>\n<p><strong>Valores nutricionais por 100 g de produto:<\/strong><\/p>\n<p>Energia: 435 kj\/102 kcal; L\u00edpidos: 0,1 g, dos quais saturados: &lt;0,1 g; Hidratos de carbono: 23,2 g, dos quais a\u00e7\u00facares: 22,8 g; Prote\u00ednas: 1,2 g; Sal: 1,8 g.<\/p>\n<p><strong>Informa\u00e7\u00f5es gerais do produto:<\/strong><\/p>\n<p>Deve conservar o seu Ketchup Saquetas Individuais 10ml Heinz Cx.200 unid num local seco e fresco.<br \/>\nDepois do produto estar aberto, este deve manter-se no frigor\u00edfico.<\/p>\n<p>Sugest\u00e3o de receita:<\/p>\n<p><strong>Sugest\u00e3o de receita de Strogonoff de Frango<\/strong><\/p>\n<p>Ingredientes:<\/p>\n<div>4 colheres (sopa)\u00a0manteiga<\/div>\n<div>1 kg\u00a0de frango em tiras finas<\/div>\n<div>2\u00a0cebolas picadas<\/div>\n<div>1\/2 colher de sopa\u00a0sal<\/div>\n<div>1 pitada\u00a0pimenta mo\u00edda<\/div>\n<div>1\/2 ch\u00e1vena de ch\u00e1\u00a0conhaque<\/div>\n<div>200 g\u00a0cogumelos<\/div>\n<div>3 colheres de sopa\u00a0polpa de tomate<\/div>\n<div>1 colher de sopa\u00a0mostarda<\/div>\n<div>2 colheres de sopa\u00a0ketchup<\/div>\n<div>1 pacote de natas<\/div>\n<div><\/div>\n<div><strong>Prepara\u00e7\u00e3o:<\/strong><\/div>\n<div>\n<div class=\"numbered-list__contents\">\n<div class=\"text-cookpad-14 xs:text-cookpad-18\">\n<div dir=\"auto\">\n<p class=\"mb-sm inline\">&#8211; Numa frigideira grande, derreta tr\u00eas colheres de sopa da manteiga e coloque o frango, em fogo alto;<br \/>\n&#8211; Retire o frango e coloque a manteiga restante;<br \/>\n&#8211; Doure a cebola, junte o frango, tempere com o sal e a pimenta. Despeje o conhaque, espere at\u00e9 aquecer e incline levemente a frigideira para flambar o conhaque;<br \/>\n&#8211; Junte os cogumelos, tampe a frigideira e deixe por alguns minutos;<br \/>\n&#8211; Acrescente a polpa de tomate, a mostarda e o ketchup, misture bem. Baixe o fogo, deixe cerca de 5 minutos, com a frigideira tapada;<br \/>\n&#8211; Incorpore delicadamente as natas e retire do fogo antes de ferver;<br \/>\n&#8211; Sirva com batata palha e arroz branco.<\/p>\n<p>Experimente esta receita e bom apetite!<\/p>\n<p>Para ver mais produtos como este v\u00e1 a <a href=\"https:\/\/www.ateti.pt\/loja\/categoria\/ate-ti-negocios\/alimentacao-office\/molhos\/\" target=\"_blank\" rel=\"noopener\">Molhos<\/a> na Categoria At\u00e9 Ti Neg\u00f3cios.<\/p>\n<p>Pode ainda encontrar no At\u00e9 Ti produtos com descontos at\u00e9 50% na Categoria\u00a0<a href=\"https:\/\/www.ateti.pt\/loja\/categoria\/outlet-ate-50\/\" target=\"_blank\" rel=\"noopener\">Outlet ate 50%<\/a>.<\/p>\n<p>Fa\u00e7a as suas compras no seu supermercado online At\u00e9 Ti e receba a sua encomenda comodamente em casa, no trabalho ou onde quiser.<\/p>\n<\/div>\n<\/div>\n<\/div>\n<\/div>\n","protected":false},"excerpt":{"rendered":"<p>0,08\u20ac\/unid<\/p>\n","protected":false},"featured_media":60947,"comment_status":"closed","ping_status":"closed","template":"","meta":{"_themeisle_gutenberg_block_has_review":false},"product_brand":[],"product_cat":[542,250,689],"product_tag":[],"woo-feed-brand":[],"class_list":{"0":"post-30108","1":"product","2":"type-product","3":"status-publish","4":"has-post-thumbnail","6":"product_cat-alimentacao-office","7":"product_cat-ate-ti-negocios","8":"product_cat-molhos","9":"ts_product_brand-heinz","11":"first","12":"instock","13":"taxable","14":"shipping-taxable","15":"purchasable","16":"product-type-simple"},"_links":{"self":[{"href":"https:\/\/www.ateti.pt\/loja\/wp-json\/wp\/v2\/product\/30108","targetHints":{"allow":["GET"]}}],"collection":[{"href":"https:\/\/www.ateti.pt\/loja\/wp-json\/wp\/v2\/product"}],"about":[{"href":"https:\/\/www.ateti.pt\/loja\/wp-json\/wp\/v2\/types\/product"}],"replies":[{"embeddable":true,"href":"https:\/\/www.ateti.pt\/loja\/wp-json\/wp\/v2\/comments?post=30108"}],"wp:featuredmedia":[{"embeddable":true,"href":"https:\/\/www.ateti.pt\/loja\/wp-json\/wp\/v2\/media\/60947"}],"wp:attachment":[{"href":"https:\/\/www.ateti.pt\/loja\/wp-json\/wp\/v2\/media?parent=30108"}],"wp:term":[{"taxonomy":"product_brand","embeddable":true,"href":"https:\/\/www.ateti.pt\/loja\/wp-json\/wp\/v2\/product_brand?post=30108"},{"taxonomy":"product_cat","embeddable":true,"href":"https:\/\/www.ateti.pt\/loja\/wp-json\/wp\/v2\/product_cat?post=30108"},{"taxonomy":"product_tag","embeddable":true,"href":"https:\/\/www.ateti.pt\/loja\/wp-json\/wp\/v2\/product_tag?post=30108"},{"taxonomy":"woo-feed-brand","embeddable":true,"href":"https:\/\/www.ateti.pt\/loja\/wp-json\/wp\/v2\/woo-feed-brand?post=30108"}],"curies":[{"name":"wp","href":"https:\/\/api.w.org\/{rel}","templated":true}]}}