{"id":30104,"date":"2021-04-29T15:58:21","date_gmt":"2021-04-29T14:58:21","guid":{"rendered":"https:\/\/www.ateti.pt\/loja\/?post_type=product&#038;p=30104"},"modified":"2026-05-11T12:05:57","modified_gmt":"2026-05-11T11:05:57","slug":"maionese-saquetas-individuais-10ml-heinz-cx-200-unid","status":"publish","type":"product","link":"https:\/\/www.ateti.pt\/loja\/produto\/maionese-saquetas-individuais-10ml-heinz-cx-200-unid\/","title":{"rendered":"Maionese Saquetas Individuais 10ml Heinz Cx.200 unid"},"content":{"rendered":"<p><strong>Maionese Saquetas Individuais 10ml Heinz Cx.200 unid<\/strong><\/p>\n<p><strong>Quantidade:<\/strong>\u00a010 ml x 200<\/p>\n<p><strong>Ingredientes:<\/strong><\/p>\n<p>\u00d3leo vegetal (70%), Vinagre de \u00c1lcool, \u00c1gua, Gema de ovos de galinhas criadas ao ar livre (5.4%), A\u00e7\u00facar, mostarda: \u00c1gua; Sementes de mostarda, Vinagre de \u00c1lcool, Sal e Especiarias.<\/p>\n<p><strong>Valores nutricionais por 100 g de produto:<\/strong><\/p>\n<p>Energia: 2716.00 kJ \/ 660.00 kcal; L\u00edpidos: 71.50 g, Dos quais \u00e1cidos gordos saturados: 5.30 g; Hidratos de carbono: 3.00 g, dos quais a\u00e7\u00facares: 1.50 g; Prote\u00ednas: 0.90 g; Sal: 1.00 g<\/p>\n<p><strong>Informa\u00e7\u00f5es gerais do produto:<\/strong><\/p>\n<p>Deve conservar a sua Maionese Saquetas Individuais 10ml Heinz Cx.200 unid num local seco e fresco.<br \/>\nDepois do produto estar aberto, este deve manter-se no frigor\u00edfico.<\/p>\n<p>Sugest\u00e3o de receita:<\/p>\n<p><strong>Sugest\u00e3o de receita de Recheio de Sapateira:<\/strong><\/p>\n<p>Ingredientes:<\/p>\n<div>\n<p>1 Sapateira pr\u00e9-cozida e congelada com cerca de 800\\900g;<br \/>\n30g de pickles picadinhos;<br \/>\n1 raminho de salsa picada;<br \/>\n2 ovos cozidos;<br \/>\n120g de miolo de broa desfeito;<br \/>\n1 c. s de mostarda;<br \/>\n2 c. s de vinho do Porto;<br \/>\n2 c. s de ketchup;<br \/>\n80g de maionese;<br \/>\n3 c. s de cerveja;<br \/>\nSal e pimenta acabada de moer<\/p>\n<\/div>\n<div><\/div>\n<div><strong>Prepara\u00e7\u00e3o:<\/strong><\/div>\n<div>\n<div class=\"numbered-list__contents\">\n<div class=\"text-cookpad-14 xs:text-cookpad-18\">\n<div dir=\"auto\">\n<p>&#8211; Deixe descongelar a sapateira, de prefer\u00eancia de um dia para o outro;<br \/>\n&#8211; Abra a embalagem e passe a sapateira por \u00e1gua fria. Seque a sapateira e retire-lhe as patas e a barriga. Com a ajuda de uma colher, retire a pasta que est\u00e1 no interior da carapa\u00e7a, de modo a manter a carapa\u00e7a inteira. Lave a carapa\u00e7a, seque e guarde no frio;<br \/>\n&#8211; Com a ajuda de um garfo, esmague bem a pasta que retirou do interior da carapa\u00e7a. Corte a barriga em peda\u00e7os e esmague ligeiramente as patas. Retire a carne que est\u00e1 no interior das patas e da barriga;<br \/>\n&#8211; Junte a pasta, os pickles picadinhos, a salsa, os ovos passados no ralador da cenoura, o miolo da broa, a maionese, o ketchup, a mostarda, o vinho do porto e a cerveja. Misture bem at\u00e9 ficar uma pasta homog\u00eanea;<br \/>\nVerifique o sal. Junte uma pitada de pimenta acabada de moer e misture;<br \/>\n&#8211; Sirva a sapateira dentro da carapa\u00e7a, decorada a gosto e acompanhe com tostas ou fatias de p\u00e3o torrado.<\/p>\n<p>Experimente esta receita e bom apetite!<\/p>\n<p>Para ver mais produtos como este v\u00e1 a\u00a0<a href=\"https:\/\/www.ateti.pt\/loja\/categoria\/ate-ti-negocios\/alimentacao-office\/molhos\/\" target=\"_blank\" rel=\"noopener\">Molhos<\/a>\u00a0na Categoria At\u00e9 Ti Neg\u00f3cios.<\/p>\n<p>Pode ainda encontrar no At\u00e9 Ti produtos com descontos at\u00e9 50% na Categoria\u00a0<a href=\"https:\/\/www.ateti.pt\/loja\/categoria\/outlet-ate-50\/\" target=\"_blank\" rel=\"noopener\">Outlet ate 50%<\/a>.<\/p>\n<p>Fa\u00e7a as suas compras no seu supermercado online At\u00e9 Ti e receba a sua encomenda comodamente em casa, no trabalho ou onde quiser.<\/p>\n<\/div>\n<\/div>\n<\/div>\n<\/div>\n","protected":false},"excerpt":{"rendered":"<p>0,13\u20ac\/unid<\/p>\n","protected":false},"featured_media":42327,"comment_status":"closed","ping_status":"closed","template":"","meta":{"_themeisle_gutenberg_block_has_review":false},"product_brand":[],"product_cat":[542,250,689],"product_tag":[],"woo-feed-brand":[],"class_list":{"0":"post-30104","1":"product","2":"type-product","3":"status-publish","4":"has-post-thumbnail","6":"product_cat-alimentacao-office","7":"product_cat-ate-ti-negocios","8":"product_cat-molhos","9":"ts_product_brand-heinz","11":"first","12":"instock","13":"taxable","14":"shipping-taxable","15":"purchasable","16":"product-type-simple"},"_links":{"self":[{"href":"https:\/\/www.ateti.pt\/loja\/wp-json\/wp\/v2\/product\/30104","targetHints":{"allow":["GET"]}}],"collection":[{"href":"https:\/\/www.ateti.pt\/loja\/wp-json\/wp\/v2\/product"}],"about":[{"href":"https:\/\/www.ateti.pt\/loja\/wp-json\/wp\/v2\/types\/product"}],"replies":[{"embeddable":true,"href":"https:\/\/www.ateti.pt\/loja\/wp-json\/wp\/v2\/comments?post=30104"}],"wp:featuredmedia":[{"embeddable":true,"href":"https:\/\/www.ateti.pt\/loja\/wp-json\/wp\/v2\/media\/42327"}],"wp:attachment":[{"href":"https:\/\/www.ateti.pt\/loja\/wp-json\/wp\/v2\/media?parent=30104"}],"wp:term":[{"taxonomy":"product_brand","embeddable":true,"href":"https:\/\/www.ateti.pt\/loja\/wp-json\/wp\/v2\/product_brand?post=30104"},{"taxonomy":"product_cat","embeddable":true,"href":"https:\/\/www.ateti.pt\/loja\/wp-json\/wp\/v2\/product_cat?post=30104"},{"taxonomy":"product_tag","embeddable":true,"href":"https:\/\/www.ateti.pt\/loja\/wp-json\/wp\/v2\/product_tag?post=30104"},{"taxonomy":"woo-feed-brand","embeddable":true,"href":"https:\/\/www.ateti.pt\/loja\/wp-json\/wp\/v2\/woo-feed-brand?post=30104"}],"curies":[{"name":"wp","href":"https:\/\/api.w.org\/{rel}","templated":true}]}}