{"id":30100,"date":"2021-04-29T15:37:55","date_gmt":"2021-04-29T14:37:55","guid":{"rendered":"https:\/\/www.ateti.pt\/loja\/?post_type=product&#038;p=30100"},"modified":"2025-11-12T15:12:33","modified_gmt":"2025-11-12T15:12:33","slug":"molho-pizza-saco-3kg-guloso","status":"publish","type":"product","link":"https:\/\/www.ateti.pt\/loja\/produto\/molho-pizza-saco-3kg-guloso\/","title":{"rendered":"Molho Pizza Saco 3kg Guloso"},"content":{"rendered":"<p><strong>Molho Pizza Saco 3kg Guloso<\/strong><\/p>\n<p><strong>Quantidade:<\/strong> 3kg.<\/p>\n<p><strong>Tipo de embalagem:<\/strong> em saco.<\/p>\n<p><strong>Valores nutricionais por 100 g de produto:<\/strong><\/p>\n<p>Energia: 170 kj\/40 kcal; L\u00edpidos: &lt;0,5 g, dos quais saturados: &lt;0,1 g; Hidratos de carbono: 6,8 g, dos quais a\u00e7\u00facares: 5,7 g; Prote\u00ednas: 1,9 g; Sal: 1,0 g.<\/p>\n<p><strong>Sugest\u00e3o de receita de pizza de fiambre e cogumelos com <\/strong><strong>Molho Pizza Saco 3kg Guloso<\/strong><strong>:<\/strong><\/p>\n<p>Ingredientes:<\/p>\n<p>Massa para pizza;<br \/>\nMolho de pizza Guloso;<br \/>\nQueijo mozzarella ralado;<br \/>\nFiambre em cubos;<br \/>\nCogumelos laminados.<\/p>\n<p>Prepara\u00e7\u00e3o:<\/p>\n<p>&#8211; Pre\u0301-aquec\u0327a o forno a 220\u00baC;<br \/>\n&#8211; Desenrole a massa e estique ligeiramente com a ajuda do rolo. Coloque por cima o molho de pizza e espalhe bem ate\u0301 a\u0300s bordas. Espalhe o queijo por cima do molho e distribua o fiambre e os cogumelos;<br \/>\n&#8211; Leve ao forno durante 10 a 15 minutos ou ate\u0301 a massa ficar dourada;<br \/>\n&#8211; A sua pizza est\u00e1 pronta!<\/p>\n<p>Experimente esta receita e bom apetite!<\/p>\n<p>Para ver mais produtos como este v\u00e1 a <a href=\"https:\/\/www.ateti.pt\/loja\/categoria\/ate-ti-negocios\/alimentacao-office\/molhos\/\" target=\"_blank\" rel=\"noopener\">Molhos<\/a>\u00a0na Categoria At\u00e9 Ti Neg\u00f3cios.<\/p>\n<p>Pode ainda encontrar no At\u00e9 Ti produtos com descontos at\u00e9 50% na Categoria\u00a0<a href=\"https:\/\/www.ateti.pt\/loja\/categoria\/outlet-ate-50\/\" target=\"_blank\" rel=\"noopener\">Outlet ate 50%<\/a>.<\/p>\n<p>Fa\u00e7a as suas compras no seu supermercado online At\u00e9 Ti e receba a sua encomenda comodamente em casa, no trabalho ou onde quiser.<\/p>\n<div class=\"wp-menu-arrow\"><\/div>\n<div class=\"wp-menu-name\"><\/div>\n<p>&nbsp;<\/p>\n<p>&nbsp;<\/p>\n","protected":false},"excerpt":{"rendered":"<p>2.83\u20ac\/Kg<\/p>\n","protected":false},"featured_media":30101,"comment_status":"closed","ping_status":"closed","template":"","meta":{"_themeisle_gutenberg_block_has_review":false},"product_brand":[],"product_cat":[542,250,689],"product_tag":[],"woo-feed-brand":[],"class_list":{"0":"post-30100","1":"product","2":"type-product","3":"status-publish","4":"has-post-thumbnail","6":"product_cat-alimentacao-office","7":"product_cat-ate-ti-negocios","8":"product_cat-molhos","9":"ts_product_brand-guloso","11":"first","12":"instock","13":"taxable","14":"shipping-taxable","15":"purchasable","16":"product-type-simple"},"_links":{"self":[{"href":"https:\/\/www.ateti.pt\/loja\/wp-json\/wp\/v2\/product\/30100","targetHints":{"allow":["GET"]}}],"collection":[{"href":"https:\/\/www.ateti.pt\/loja\/wp-json\/wp\/v2\/product"}],"about":[{"href":"https:\/\/www.ateti.pt\/loja\/wp-json\/wp\/v2\/types\/product"}],"replies":[{"embeddable":true,"href":"https:\/\/www.ateti.pt\/loja\/wp-json\/wp\/v2\/comments?post=30100"}],"wp:featuredmedia":[{"embeddable":true,"href":"https:\/\/www.ateti.pt\/loja\/wp-json\/wp\/v2\/media\/30101"}],"wp:attachment":[{"href":"https:\/\/www.ateti.pt\/loja\/wp-json\/wp\/v2\/media?parent=30100"}],"wp:term":[{"taxonomy":"product_brand","embeddable":true,"href":"https:\/\/www.ateti.pt\/loja\/wp-json\/wp\/v2\/product_brand?post=30100"},{"taxonomy":"product_cat","embeddable":true,"href":"https:\/\/www.ateti.pt\/loja\/wp-json\/wp\/v2\/product_cat?post=30100"},{"taxonomy":"product_tag","embeddable":true,"href":"https:\/\/www.ateti.pt\/loja\/wp-json\/wp\/v2\/product_tag?post=30100"},{"taxonomy":"woo-feed-brand","embeddable":true,"href":"https:\/\/www.ateti.pt\/loja\/wp-json\/wp\/v2\/woo-feed-brand?post=30100"}],"curies":[{"name":"wp","href":"https:\/\/api.w.org\/{rel}","templated":true}]}}