{"id":30083,"date":"2023-09-13T16:00:38","date_gmt":"2023-09-13T15:00:38","guid":{"rendered":"https:\/\/www.ateti.pt\/loja\/?post_type=product&#038;p=30083"},"modified":"2024-06-24T15:49:43","modified_gmt":"2024-06-24T14:49:43","slug":"adocante-gourmes-250-saquetas","status":"publish","type":"product","link":"https:\/\/www.ateti.pt\/loja\/produto\/adocante-gourmes-250-saquetas\/","title":{"rendered":"Ado\u00e7ante Saqueta 250un x1g Gourm\u00eas"},"content":{"rendered":"<p><strong>Ado\u00e7ante Saqueta Gourm\u00eas<\/strong><\/p>\n<p>Quantidade: 250 saquetas x 1g<\/p>\n<p><strong>Ingredientes:\u00a0<\/strong>Dextrose, aspartame, estabilizador (celulose microcristalina) e L-leucina. Cont\u00e9m fonte de fenilalanina.<\/p>\n<p><strong>Declara\u00e7\u00e3o Nutricional (por 100g):\u00a0<\/strong>Energia: 1018kj\/240kcal; L\u00edpidos: 0g; dos quais Saturados: 0g; Hidratos de Carbono: 56g; dos quais A\u00e7\u00facares: 56g; Fibra: 6,2g; Prote\u00ednas: 1g; Sal: &lt;0,1g.<\/p>\n","protected":false},"excerpt":{"rendered":"<p>0,02\u20ac\/saqueta<\/p>\n","protected":false},"featured_media":60235,"comment_status":"closed","ping_status":"closed","template":"","meta":{"_themeisle_gutenberg_block_has_review":false},"product_brand":[],"product_cat":[121,188,132],"product_tag":[],"woo-feed-brand":[],"class_list":{"0":"post-30083","1":"product","2":"type-product","3":"status-publish","4":"has-post-thumbnail","6":"product_cat-acessorios","7":"product_cat-farinhaeacucares","8":"product_cat-mercearia","10":"first","11":"instock","12":"taxable","13":"shipping-taxable","14":"purchasable","15":"product-type-simple"},"_links":{"self":[{"href":"https:\/\/www.ateti.pt\/loja\/wp-json\/wp\/v2\/product\/30083","targetHints":{"allow":["GET"]}}],"collection":[{"href":"https:\/\/www.ateti.pt\/loja\/wp-json\/wp\/v2\/product"}],"about":[{"href":"https:\/\/www.ateti.pt\/loja\/wp-json\/wp\/v2\/types\/product"}],"replies":[{"embeddable":true,"href":"https:\/\/www.ateti.pt\/loja\/wp-json\/wp\/v2\/comments?post=30083"}],"wp:featuredmedia":[{"embeddable":true,"href":"https:\/\/www.ateti.pt\/loja\/wp-json\/wp\/v2\/media\/60235"}],"wp:attachment":[{"href":"https:\/\/www.ateti.pt\/loja\/wp-json\/wp\/v2\/media?parent=30083"}],"wp:term":[{"taxonomy":"product_brand","embeddable":true,"href":"https:\/\/www.ateti.pt\/loja\/wp-json\/wp\/v2\/product_brand?post=30083"},{"taxonomy":"product_cat","embeddable":true,"href":"https:\/\/www.ateti.pt\/loja\/wp-json\/wp\/v2\/product_cat?post=30083"},{"taxonomy":"product_tag","embeddable":true,"href":"https:\/\/www.ateti.pt\/loja\/wp-json\/wp\/v2\/product_tag?post=30083"},{"taxonomy":"woo-feed-brand","embeddable":true,"href":"https:\/\/www.ateti.pt\/loja\/wp-json\/wp\/v2\/woo-feed-brand?post=30083"}],"curies":[{"name":"wp","href":"https:\/\/api.w.org\/{rel}","templated":true}]}}