{"id":30051,"date":"2022-06-10T11:42:59","date_gmt":"2022-06-10T10:42:59","guid":{"rendered":"https:\/\/www.ateti.pt\/loja\/?post_type=product&#038;p=30051"},"modified":"2023-09-18T16:53:22","modified_gmt":"2023-09-18T15:53:22","slug":"molho-pitta-paladin-250ml","status":"publish","type":"product","link":"https:\/\/www.ateti.pt\/loja\/produto\/molho-pitta-paladin-250ml\/","title":{"rendered":"Molho Pitta 250ml Paladin"},"content":{"rendered":"<p><strong>Molho Pitta Paladin 250ml<\/strong><\/p>\n<p>Molho Pitta Paladin 250ml, para quando o prato pede algo diferente use este molho especial que d\u00e1 mais sabor \u00e0 palavra excelente e tem tudo para ser a sua escolha natural.<\/p>\n<p><strong>Quantidade:<\/strong> 250ml<\/p>\n<p><strong>Ingredientes:<\/strong><\/p>\n<p>\u00d3leo de girassol, \u00e1gua, vinagre de \u00e1lcool, a\u00e7\u00facar, iogurte em p\u00f3 (cont\u00e9m leite), sal, alho, especiarias, gema de ovo, amido modificado, ervas arom\u00e1ticas (cont\u00e9m aipo), conservantes (sorbato de pot\u00e1ssio), reguladores de acidez (\u00e1cido citrico e \u00e1cido gluc\u00f3nico), aroma espessante (goma xantana), corante (betacaroteno), antioxidante (EDTA de c\u00e1lcio diss\u00f3dico).<\/p>\n<p><strong>Declara\u00e7\u00e3o Nutricional (por 100ml):\u00a0<\/strong><\/p>\n<p>Energia: 2081kj\/506kcal; L\u00edpidos: 52g; dos quais Saturados: 6,4g; Hidratos de Carbono: 6,2g; dos quais A\u00e7\u00facares: 3,5g; Prote\u00ednas: 1,2g; Sal: 1,7g.<\/p>\n<p><strong>Informa\u00e7\u00f5es Gerais:<\/strong><\/p>\n<p>Deve conservar o seu Molho Pitta Paladin 250ml \u00e0 temperatura ambiente, evitando exposi\u00e7\u00e3o solar. Depois de aberto conservar no frigor\u00edfico e consumir no prazo m\u00e1ximo de 30 dias.<\/p>\n<p>Utilize o molho pitta quando fizer carne grelhada ou at\u00e9 mesmo um kebab.<br \/>\nQualquer receita que tenha como acompanhamento o molho pitta vai ficar deliciosa. Experimente e bom apetite!<\/p>\n<p>Para ver mais produtos como este v\u00e1 a\u00a0<a href=\"https:\/\/www.ateti.pt\/loja\/categoria\/mercearia\/temperos-e-molhos\/\" target=\"_blank\" rel=\"noopener\">Temperos e Molhos<\/a>\u00a0na Categoria Mercearia.<\/p>\n<p>Pode ainda encontrar no At\u00e9 Ti produtos com descontos at\u00e9 50% na Categoria\u00a0<a href=\"https:\/\/www.ateti.pt\/loja\/categoria\/outlet-ate-50\/\" target=\"_blank\" rel=\"noopener\">Outlet ate 50%<\/a>.<\/p>\n<p>Fa\u00e7a as suas compras no seu supermercado online At\u00e9 Ti e receba a sua encomenda comodamente em casa, no trabalho ou onde quiser.<\/p>\n<p>&nbsp;<\/p>\n","protected":false},"excerpt":{"rendered":"<p>10.36\u20ac\/l<\/p>\n","protected":false},"featured_media":30053,"comment_status":"closed","ping_status":"closed","template":"","meta":{"_themeisle_gutenberg_block_has_review":false},"product_brand":[],"product_cat":[132,174],"product_tag":[],"woo-feed-brand":[],"class_list":{"0":"post-30051","1":"product","2":"type-product","3":"status-publish","4":"has-post-thumbnail","6":"product_cat-mercearia","7":"product_cat-temperos-e-molhos","8":"ts_product_brand-paladin","10":"first","11":"instock","12":"taxable","13":"shipping-taxable","14":"purchasable","15":"product-type-simple"},"_links":{"self":[{"href":"https:\/\/www.ateti.pt\/loja\/wp-json\/wp\/v2\/product\/30051","targetHints":{"allow":["GET"]}}],"collection":[{"href":"https:\/\/www.ateti.pt\/loja\/wp-json\/wp\/v2\/product"}],"about":[{"href":"https:\/\/www.ateti.pt\/loja\/wp-json\/wp\/v2\/types\/product"}],"replies":[{"embeddable":true,"href":"https:\/\/www.ateti.pt\/loja\/wp-json\/wp\/v2\/comments?post=30051"}],"wp:featuredmedia":[{"embeddable":true,"href":"https:\/\/www.ateti.pt\/loja\/wp-json\/wp\/v2\/media\/30053"}],"wp:attachment":[{"href":"https:\/\/www.ateti.pt\/loja\/wp-json\/wp\/v2\/media?parent=30051"}],"wp:term":[{"taxonomy":"product_brand","embeddable":true,"href":"https:\/\/www.ateti.pt\/loja\/wp-json\/wp\/v2\/product_brand?post=30051"},{"taxonomy":"product_cat","embeddable":true,"href":"https:\/\/www.ateti.pt\/loja\/wp-json\/wp\/v2\/product_cat?post=30051"},{"taxonomy":"product_tag","embeddable":true,"href":"https:\/\/www.ateti.pt\/loja\/wp-json\/wp\/v2\/product_tag?post=30051"},{"taxonomy":"woo-feed-brand","embeddable":true,"href":"https:\/\/www.ateti.pt\/loja\/wp-json\/wp\/v2\/woo-feed-brand?post=30051"}],"curies":[{"name":"wp","href":"https:\/\/api.w.org\/{rel}","templated":true}]}}