{"id":30025,"date":"2021-08-09T09:57:24","date_gmt":"2021-08-09T08:57:24","guid":{"rendered":"https:\/\/www.ateti.pt\/loja\/?post_type=product&#038;p=30025"},"modified":"2024-03-01T12:16:25","modified_gmt":"2024-03-01T12:16:25","slug":"esfregao-para-grelhador-salva-unhas-gaby-lar","status":"publish","type":"product","link":"https:\/\/www.ateti.pt\/loja\/produto\/esfregao-para-grelhador-salva-unhas-gaby-lar\/","title":{"rendered":"Esfreg\u00e3o para Grelhador Salva Unhas Gaby Lar"},"content":{"rendered":"<p><strong>Esfreg\u00e3o para Grelhador Salva Unhas Gaby Lar<\/strong><\/p>\n<p>Quantidade: 1un<\/p>\n<p>Fibra superlimpeza especialmente forte e resistente para uma limpeza f\u00e1cil da grelha.<\/p>\n<p>\u00c9 perfeito para as tarefas mais exigentes de limpeza na cozinha (grelhadores parte posterior das sert\u00e3s e ca\u00e7arolas bandejas de forno.) A esponja a ret\u00e9m o detergente ajudando a aumentar o poder de limpeza do produto. Pode usar-se com \u00e1gua quente e os detergente habituais.<\/p>\n<p>AVISO: N\u00e3o usar sobre superf\u00edcies quentes ou delicadas.<\/p>\n","protected":false},"excerpt":{"rendered":"<p>1,19\u20ac\/un<\/p>\n","protected":false},"featured_media":32659,"comment_status":"closed","ping_status":"closed","template":"","meta":{"_themeisle_gutenberg_block_has_review":false},"product_brand":[],"product_cat":[209,190,204],"product_tag":[],"woo-feed-brand":[],"class_list":{"0":"post-30025","1":"product","2":"type-product","3":"status-publish","4":"has-post-thumbnail","6":"product_cat-cozinha","7":"product_cat-desinfetantes-e-limpeza","8":"product_cat-limpeza","9":"ts_product_brand-gaby-lar","11":"first","12":"instock","13":"taxable","14":"shipping-taxable","15":"purchasable","16":"product-type-simple"},"_links":{"self":[{"href":"https:\/\/www.ateti.pt\/loja\/wp-json\/wp\/v2\/product\/30025","targetHints":{"allow":["GET"]}}],"collection":[{"href":"https:\/\/www.ateti.pt\/loja\/wp-json\/wp\/v2\/product"}],"about":[{"href":"https:\/\/www.ateti.pt\/loja\/wp-json\/wp\/v2\/types\/product"}],"replies":[{"embeddable":true,"href":"https:\/\/www.ateti.pt\/loja\/wp-json\/wp\/v2\/comments?post=30025"}],"wp:featuredmedia":[{"embeddable":true,"href":"https:\/\/www.ateti.pt\/loja\/wp-json\/wp\/v2\/media\/32659"}],"wp:attachment":[{"href":"https:\/\/www.ateti.pt\/loja\/wp-json\/wp\/v2\/media?parent=30025"}],"wp:term":[{"taxonomy":"product_brand","embeddable":true,"href":"https:\/\/www.ateti.pt\/loja\/wp-json\/wp\/v2\/product_brand?post=30025"},{"taxonomy":"product_cat","embeddable":true,"href":"https:\/\/www.ateti.pt\/loja\/wp-json\/wp\/v2\/product_cat?post=30025"},{"taxonomy":"product_tag","embeddable":true,"href":"https:\/\/www.ateti.pt\/loja\/wp-json\/wp\/v2\/product_tag?post=30025"},{"taxonomy":"woo-feed-brand","embeddable":true,"href":"https:\/\/www.ateti.pt\/loja\/wp-json\/wp\/v2\/woo-feed-brand?post=30025"}],"curies":[{"name":"wp","href":"https:\/\/api.w.org\/{rel}","templated":true}]}}