{"id":29961,"date":"2021-04-22T09:55:49","date_gmt":"2021-04-22T08:55:49","guid":{"rendered":"https:\/\/www.ateti.pt\/loja\/?post_type=product&#038;p=29961"},"modified":"2024-02-16T11:40:48","modified_gmt":"2024-02-16T11:40:48","slug":"arroz-carolino-saludaes-1kg","status":"publish","type":"product","link":"https:\/\/www.ateti.pt\/loja\/produto\/arroz-carolino-saludaes-1kg\/","title":{"rendered":"Arroz Carolino Salud\u00e3es 1kg"},"content":{"rendered":"<p><strong>Arroz Longo Extra Carolino Salud\u00e3es<\/strong><\/p>\n<p>Quantidade: 1kg<\/p>\n<p><strong>Declara\u00e7\u00e3o Nutricional (por 100g):\u00a0<\/strong>Energia: 1492kj\/352kcal; L\u00edpidos: 0,9g; dos quais Saturados: 0,4g; Hidratos de Carbono: 80g; dos quais A\u00e7\u00facares: &lt;0,4g; Fibra: 1,4g; Prote\u00ednas: 5,7g; Sal: &lt;0,03g.<\/p>\n","protected":false},"excerpt":{"rendered":"<p>1.87\u20ac\/kg<\/p>\n","protected":false},"featured_media":61397,"comment_status":"closed","ping_status":"closed","template":"","meta":{"_themeisle_gutenberg_block_has_review":false},"product_brand":[],"product_cat":[187,891,132],"product_tag":[],"woo-feed-brand":[],"class_list":{"0":"post-29961","1":"product","2":"type-product","3":"status-publish","4":"has-post-thumbnail","6":"product_cat-arrozemassas","7":"product_cat-iva-zero","8":"product_cat-mercearia","10":"first","11":"instock","12":"sale","13":"taxable","14":"shipping-taxable","15":"purchasable","16":"product-type-simple"},"_links":{"self":[{"href":"https:\/\/www.ateti.pt\/loja\/wp-json\/wp\/v2\/product\/29961","targetHints":{"allow":["GET"]}}],"collection":[{"href":"https:\/\/www.ateti.pt\/loja\/wp-json\/wp\/v2\/product"}],"about":[{"href":"https:\/\/www.ateti.pt\/loja\/wp-json\/wp\/v2\/types\/product"}],"replies":[{"embeddable":true,"href":"https:\/\/www.ateti.pt\/loja\/wp-json\/wp\/v2\/comments?post=29961"}],"wp:featuredmedia":[{"embeddable":true,"href":"https:\/\/www.ateti.pt\/loja\/wp-json\/wp\/v2\/media\/61397"}],"wp:attachment":[{"href":"https:\/\/www.ateti.pt\/loja\/wp-json\/wp\/v2\/media?parent=29961"}],"wp:term":[{"taxonomy":"product_brand","embeddable":true,"href":"https:\/\/www.ateti.pt\/loja\/wp-json\/wp\/v2\/product_brand?post=29961"},{"taxonomy":"product_cat","embeddable":true,"href":"https:\/\/www.ateti.pt\/loja\/wp-json\/wp\/v2\/product_cat?post=29961"},{"taxonomy":"product_tag","embeddable":true,"href":"https:\/\/www.ateti.pt\/loja\/wp-json\/wp\/v2\/product_tag?post=29961"},{"taxonomy":"woo-feed-brand","embeddable":true,"href":"https:\/\/www.ateti.pt\/loja\/wp-json\/wp\/v2\/woo-feed-brand?post=29961"}],"curies":[{"name":"wp","href":"https:\/\/api.w.org\/{rel}","templated":true}]}}