{"id":29647,"date":"2021-04-16T16:23:17","date_gmt":"2021-04-16T15:23:17","guid":{"rendered":"https:\/\/www.ateti.pt\/loja\/?post_type=product&#038;p=29647"},"modified":"2025-01-20T15:23:55","modified_gmt":"2025-01-20T15:23:55","slug":"pao-de-beterraba-350gr","status":"publish","type":"product","link":"https:\/\/www.ateti.pt\/loja\/produto\/pao-de-beterraba-350gr\/","title":{"rendered":"P\u00e3o de Beterraba 350gr"},"content":{"rendered":"<p><strong>P\u00e3o de Beterraba<\/strong><\/p>\n<p>Quantidade: 350gr<\/p>\n<p>O produto &#8220;P\u00e3o de Beterraba &#8221; tem uma validade at\u00e9 5 dias, pelo que deve considerar menos 2 dias \u00fateis para efeitos de transporte.<\/p>\n<p>&nbsp;<\/p>\n","protected":false},"excerpt":{"rendered":"<p>5.11\u20ac\/Kg<\/p>\n","protected":false},"featured_media":29648,"comment_status":"closed","ping_status":"closed","template":"","meta":{"_themeisle_gutenberg_block_has_review":false},"product_brand":[],"product_cat":[891,665,598],"product_tag":[],"woo-feed-brand":[],"class_list":{"0":"post-29647","1":"product","2":"type-product","3":"status-publish","4":"has-post-thumbnail","6":"product_cat-iva-zero","7":"product_cat-padaria","8":"product_cat-padaria-pastelaria","9":"ts_product_brand-fabrica-pastelaria-confetaria-de-s-silvestre","11":"first","12":"instock","13":"taxable","14":"shipping-taxable","15":"purchasable","16":"product-type-simple"},"_links":{"self":[{"href":"https:\/\/www.ateti.pt\/loja\/wp-json\/wp\/v2\/product\/29647","targetHints":{"allow":["GET"]}}],"collection":[{"href":"https:\/\/www.ateti.pt\/loja\/wp-json\/wp\/v2\/product"}],"about":[{"href":"https:\/\/www.ateti.pt\/loja\/wp-json\/wp\/v2\/types\/product"}],"replies":[{"embeddable":true,"href":"https:\/\/www.ateti.pt\/loja\/wp-json\/wp\/v2\/comments?post=29647"}],"wp:featuredmedia":[{"embeddable":true,"href":"https:\/\/www.ateti.pt\/loja\/wp-json\/wp\/v2\/media\/29648"}],"wp:attachment":[{"href":"https:\/\/www.ateti.pt\/loja\/wp-json\/wp\/v2\/media?parent=29647"}],"wp:term":[{"taxonomy":"product_brand","embeddable":true,"href":"https:\/\/www.ateti.pt\/loja\/wp-json\/wp\/v2\/product_brand?post=29647"},{"taxonomy":"product_cat","embeddable":true,"href":"https:\/\/www.ateti.pt\/loja\/wp-json\/wp\/v2\/product_cat?post=29647"},{"taxonomy":"product_tag","embeddable":true,"href":"https:\/\/www.ateti.pt\/loja\/wp-json\/wp\/v2\/product_tag?post=29647"},{"taxonomy":"woo-feed-brand","embeddable":true,"href":"https:\/\/www.ateti.pt\/loja\/wp-json\/wp\/v2\/woo-feed-brand?post=29647"}],"curies":[{"name":"wp","href":"https:\/\/api.w.org\/{rel}","templated":true}]}}