{"id":29243,"date":"2021-04-13T17:45:52","date_gmt":"2021-04-13T16:45:52","guid":{"rendered":"https:\/\/www.ateti.pt\/loja\/?post_type=product&#038;p=29243"},"modified":"2025-12-30T09:56:04","modified_gmt":"2025-12-30T09:56:04","slug":"acucar-mascavado-de-cana-salutem-500g","status":"publish","type":"product","link":"https:\/\/www.ateti.pt\/loja\/produto\/acucar-mascavado-de-cana-salutem-500g\/","title":{"rendered":"A\u00e7\u00facar Mascavado de Cana Salutem 500g"},"content":{"rendered":"<p><strong>A\u00e7\u00facar Mascavado de Cana\u00a0<\/strong><\/p>\n<p>Quantidade: 500g<\/p>\n<p>O a\u00e7\u00facar mascavado \u00e9 obtido a partir da primeira cristaliza\u00e7\u00e3o do suco purificado da cana de a\u00e7\u00facar, pelo que cont\u00e9m um sabor, cor e aroma caracter\u00edsticos. Por n\u00e3o sofrer refina\u00e7\u00e3o \u00e9 relativamente mais rico em minerais. A utiliza\u00e7\u00e3o deste a\u00e7\u00facar d\u00e1 \u00e0s suas receitas de doces e bolos um toque caracter\u00edstico.<\/p>\n<p><strong>Declara\u00e7\u00e3o Nutricional (por 100g):\u00a0<\/strong>Energia: 380kcal\/1615kj; L\u00edpidos: 0g; dos quais Saturados: 0g; Hidratos de Carbono: 95g: dos quais A\u00e7\u00facares: 95g; Fibra: 0g; Prote\u00ednas: 0g; Sal: 0g.<\/p>\n<p>V\u00ea mais produtos em <a href=\"https:\/\/www.ateti.pt\/loja\/categoria\/bio-saudavel\/\">Bio &amp; Saud\u00e1vel<\/a><\/p>\n","protected":false},"excerpt":{"rendered":"<p>4.78\u20ac\/kg<\/p>\n","protected":false},"featured_media":70760,"comment_status":"closed","ping_status":"closed","template":"","meta":{"_themeisle_gutenberg_block_has_review":false},"product_brand":[],"product_cat":[188,132],"product_tag":[],"woo-feed-brand":[752],"class_list":{"0":"post-29243","1":"product","2":"type-product","3":"status-publish","4":"has-post-thumbnail","6":"product_cat-farinhaeacucares","7":"product_cat-mercearia","8":"ts_product_brand-salutem","9":"woo-feed-brand-salutem","11":"first","12":"instock","13":"taxable","14":"shipping-taxable","15":"purchasable","16":"product-type-simple"},"_links":{"self":[{"href":"https:\/\/www.ateti.pt\/loja\/wp-json\/wp\/v2\/product\/29243","targetHints":{"allow":["GET"]}}],"collection":[{"href":"https:\/\/www.ateti.pt\/loja\/wp-json\/wp\/v2\/product"}],"about":[{"href":"https:\/\/www.ateti.pt\/loja\/wp-json\/wp\/v2\/types\/product"}],"replies":[{"embeddable":true,"href":"https:\/\/www.ateti.pt\/loja\/wp-json\/wp\/v2\/comments?post=29243"}],"wp:featuredmedia":[{"embeddable":true,"href":"https:\/\/www.ateti.pt\/loja\/wp-json\/wp\/v2\/media\/70760"}],"wp:attachment":[{"href":"https:\/\/www.ateti.pt\/loja\/wp-json\/wp\/v2\/media?parent=29243"}],"wp:term":[{"taxonomy":"product_brand","embeddable":true,"href":"https:\/\/www.ateti.pt\/loja\/wp-json\/wp\/v2\/product_brand?post=29243"},{"taxonomy":"product_cat","embeddable":true,"href":"https:\/\/www.ateti.pt\/loja\/wp-json\/wp\/v2\/product_cat?post=29243"},{"taxonomy":"product_tag","embeddable":true,"href":"https:\/\/www.ateti.pt\/loja\/wp-json\/wp\/v2\/product_tag?post=29243"},{"taxonomy":"woo-feed-brand","embeddable":true,"href":"https:\/\/www.ateti.pt\/loja\/wp-json\/wp\/v2\/woo-feed-brand?post=29243"}],"curies":[{"name":"wp","href":"https:\/\/api.w.org\/{rel}","templated":true}]}}