{"id":29159,"date":"2021-04-13T11:23:20","date_gmt":"2021-04-13T10:23:20","guid":{"rendered":"https:\/\/www.ateti.pt\/loja\/?post_type=product&#038;p=29159"},"modified":"2026-02-09T15:57:23","modified_gmt":"2026-02-09T15:57:23","slug":"goiabada-ferbar-600g","status":"publish","type":"product","link":"https:\/\/www.ateti.pt\/loja\/produto\/goiabada-ferbar-600g\/","title":{"rendered":"Goiabada Ferbar 600g"},"content":{"rendered":"<p><strong>Goiabada<\/strong><\/p>\n<p>Quantidade: 600g<\/p>\n<p><strong>Ingredientes:\u00a0<\/strong>Polpa de goiaba, a\u00e7\u00facar, a\u00e7\u00facar l\u00edquido, regulador de acidez (E330). Preparado com 54g de fruta por 100g de produto. Teor total de a\u00e7\u00facares: 77g por 100g. Naturalmente sem gl\u00faten.<\/p>\n<p><strong>Declara\u00e7\u00e3o Nutricional (por 100g):\u00a0<\/strong>Energia: 1347kj\/317kcal; L\u00edpidos:&lt;0,5g; dos quais Saturados: &lt;0,1g; Hidratos de Carbono: 76g; dos quais A\u00e7\u00facares: 70g; Fibra: 3,2g; Prote\u00ednas: 0,7g; Sal: 0,01g.<\/p>\n","protected":false},"excerpt":{"rendered":"<p>7.65\u20ac\/kg<\/p>\n","protected":false},"featured_media":29162,"comment_status":"closed","ping_status":"closed","template":"","meta":{"_themeisle_gutenberg_block_has_review":false},"product_brand":[],"product_cat":[225,132],"product_tag":[],"woo-feed-brand":[],"class_list":{"0":"post-29159","1":"product","2":"type-product","3":"status-publish","4":"has-post-thumbnail","6":"product_cat-compotas","7":"product_cat-mercearia","9":"first","10":"instock","11":"taxable","12":"shipping-taxable","13":"purchasable","14":"product-type-simple"},"_links":{"self":[{"href":"https:\/\/www.ateti.pt\/loja\/wp-json\/wp\/v2\/product\/29159","targetHints":{"allow":["GET"]}}],"collection":[{"href":"https:\/\/www.ateti.pt\/loja\/wp-json\/wp\/v2\/product"}],"about":[{"href":"https:\/\/www.ateti.pt\/loja\/wp-json\/wp\/v2\/types\/product"}],"replies":[{"embeddable":true,"href":"https:\/\/www.ateti.pt\/loja\/wp-json\/wp\/v2\/comments?post=29159"}],"wp:featuredmedia":[{"embeddable":true,"href":"https:\/\/www.ateti.pt\/loja\/wp-json\/wp\/v2\/media\/29162"}],"wp:attachment":[{"href":"https:\/\/www.ateti.pt\/loja\/wp-json\/wp\/v2\/media?parent=29159"}],"wp:term":[{"taxonomy":"product_brand","embeddable":true,"href":"https:\/\/www.ateti.pt\/loja\/wp-json\/wp\/v2\/product_brand?post=29159"},{"taxonomy":"product_cat","embeddable":true,"href":"https:\/\/www.ateti.pt\/loja\/wp-json\/wp\/v2\/product_cat?post=29159"},{"taxonomy":"product_tag","embeddable":true,"href":"https:\/\/www.ateti.pt\/loja\/wp-json\/wp\/v2\/product_tag?post=29159"},{"taxonomy":"woo-feed-brand","embeddable":true,"href":"https:\/\/www.ateti.pt\/loja\/wp-json\/wp\/v2\/woo-feed-brand?post=29159"}],"curies":[{"name":"wp","href":"https:\/\/api.w.org\/{rel}","templated":true}]}}