{"id":29115,"date":"2021-04-12T18:08:34","date_gmt":"2021-04-12T17:08:34","guid":{"rendered":"https:\/\/www.ateti.pt\/loja\/?post_type=product&#038;p=29115"},"modified":"2023-04-20T10:13:21","modified_gmt":"2023-04-20T09:13:21","slug":"knorr-pasta-pot-carbonara-68g","status":"publish","type":"product","link":"https:\/\/www.ateti.pt\/loja\/produto\/knorr-pasta-pot-carbonara-68g\/","title":{"rendered":"Knorr Pasta Pot Carbonara 68g"},"content":{"rendered":"<p><strong>Knorr Pasta Pot Carbonara<\/strong><\/p>\n<p>Quantidade: 68g<\/p>\n<p><strong>Preparado desidratado de massa aliment\u00edcia com 47% de molho carbonara<\/strong><\/p>\n<p><strong>Ingredientes:\u00a0<\/strong>massa aliment\u00edcia (53%) (s\u00eamola de trigo, clara de ovo), natas em p\u00f3 (13,5%), amido, queijo fundido (5,8%) (queijo azul, queijo curado, queijo crescenza, soro de leite), gordura de palma, xarope de glicose, bacon (2,3%) (entremeada de porco, sal,estabilizador(nitrito de s\u00f3dio), fumo), sal iodado, aromas, a\u00e7\u00facar, cebolinho (0,8%), sal mineral (cloreto de pot\u00e1ssio), prote\u00ednas de leite, gordura de bacon (gordura de porco, sal, fumo), sal, extrato de levedura, cebola (0,3%), curcuma (0,05%). Pode conter soja, aipo e mostarda. Proveniente de agricultura sustent\u00e1vel.<\/p>\n","protected":false},"excerpt":{"rendered":"<p>33.68\u20ac\/kg<\/p>\n","protected":false},"featured_media":29116,"comment_status":"closed","ping_status":"closed","template":"","meta":{"_themeisle_gutenberg_block_has_review":false},"product_brand":[],"product_cat":[187,132],"product_tag":[],"woo-feed-brand":[],"class_list":{"0":"post-29115","1":"product","2":"type-product","3":"status-publish","4":"has-post-thumbnail","6":"product_cat-arrozemassas","7":"product_cat-mercearia","9":"first","10":"instock","11":"taxable","12":"shipping-taxable","13":"purchasable","14":"product-type-simple"},"_links":{"self":[{"href":"https:\/\/www.ateti.pt\/loja\/wp-json\/wp\/v2\/product\/29115","targetHints":{"allow":["GET"]}}],"collection":[{"href":"https:\/\/www.ateti.pt\/loja\/wp-json\/wp\/v2\/product"}],"about":[{"href":"https:\/\/www.ateti.pt\/loja\/wp-json\/wp\/v2\/types\/product"}],"replies":[{"embeddable":true,"href":"https:\/\/www.ateti.pt\/loja\/wp-json\/wp\/v2\/comments?post=29115"}],"wp:featuredmedia":[{"embeddable":true,"href":"https:\/\/www.ateti.pt\/loja\/wp-json\/wp\/v2\/media\/29116"}],"wp:attachment":[{"href":"https:\/\/www.ateti.pt\/loja\/wp-json\/wp\/v2\/media?parent=29115"}],"wp:term":[{"taxonomy":"product_brand","embeddable":true,"href":"https:\/\/www.ateti.pt\/loja\/wp-json\/wp\/v2\/product_brand?post=29115"},{"taxonomy":"product_cat","embeddable":true,"href":"https:\/\/www.ateti.pt\/loja\/wp-json\/wp\/v2\/product_cat?post=29115"},{"taxonomy":"product_tag","embeddable":true,"href":"https:\/\/www.ateti.pt\/loja\/wp-json\/wp\/v2\/product_tag?post=29115"},{"taxonomy":"woo-feed-brand","embeddable":true,"href":"https:\/\/www.ateti.pt\/loja\/wp-json\/wp\/v2\/woo-feed-brand?post=29115"}],"curies":[{"name":"wp","href":"https:\/\/api.w.org\/{rel}","templated":true}]}}