{"id":29113,"date":"2021-04-12T17:59:11","date_gmt":"2021-04-12T16:59:11","guid":{"rendered":"https:\/\/www.ateti.pt\/loja\/?post_type=product&#038;p=29113"},"modified":"2023-04-20T10:13:34","modified_gmt":"2023-04-20T09:13:34","slug":"knorr-pasta-pot-cogumelos-68g","status":"publish","type":"product","link":"https:\/\/www.ateti.pt\/loja\/produto\/knorr-pasta-pot-cogumelos-68g\/","title":{"rendered":"Knorr Pasta Pot Cogumelos 68g"},"content":{"rendered":"<p><strong>Knorr Pasta Pot Cogumelos\u00a0<\/strong><\/p>\n<p>Quantidade: 68g<\/p>\n<p><strong>Preparado desidratado de massa aliment\u00edcia com 40% de molho de Cogumelos<\/strong><\/p>\n<p><strong>Ingredientes:\u00a0<\/strong>massa aliment\u00edcia (60%) (s\u00eamola de trigo, clara de ovo), amido de batata, xarope de glicose, natas em p\u00f3 (6,1%), gordura de palma, aromas, sal, cogumelos (2,1%), cebola (0,7%), extrato de levedura, prote\u00ednas de leite, sal mineral (cloreto de pot\u00e1ssio), a\u00e7\u00facar, salsa (0,1%), alho, pimenta. Pode conter aipo. Proveniente de agricultura sustent\u00e1vel.<\/p>\n<p><strong>Declara\u00e7\u00e3o Nutricional (por 100g):\u00a0<\/strong>Energia: 430kj\/103kcal; L\u00edpidos: 2,8g; dos quais Saturados: 1,6g; Hidratos de Carbono: 16g; dos quais A\u00e7ucares: 1g; Fibra: 0,8g; Prote\u00ednas: 3g; Sal: 0,83g.<\/p>\n","protected":false},"excerpt":{"rendered":"<p>33.68\u20ac\/Kg<\/p>\n","protected":false},"featured_media":29114,"comment_status":"closed","ping_status":"closed","template":"","meta":{"_themeisle_gutenberg_block_has_review":false},"product_brand":[],"product_cat":[187,132],"product_tag":[],"woo-feed-brand":[],"class_list":{"0":"post-29113","1":"product","2":"type-product","3":"status-publish","4":"has-post-thumbnail","6":"product_cat-arrozemassas","7":"product_cat-mercearia","9":"first","10":"instock","11":"taxable","12":"shipping-taxable","13":"purchasable","14":"product-type-simple"},"_links":{"self":[{"href":"https:\/\/www.ateti.pt\/loja\/wp-json\/wp\/v2\/product\/29113","targetHints":{"allow":["GET"]}}],"collection":[{"href":"https:\/\/www.ateti.pt\/loja\/wp-json\/wp\/v2\/product"}],"about":[{"href":"https:\/\/www.ateti.pt\/loja\/wp-json\/wp\/v2\/types\/product"}],"replies":[{"embeddable":true,"href":"https:\/\/www.ateti.pt\/loja\/wp-json\/wp\/v2\/comments?post=29113"}],"wp:featuredmedia":[{"embeddable":true,"href":"https:\/\/www.ateti.pt\/loja\/wp-json\/wp\/v2\/media\/29114"}],"wp:attachment":[{"href":"https:\/\/www.ateti.pt\/loja\/wp-json\/wp\/v2\/media?parent=29113"}],"wp:term":[{"taxonomy":"product_brand","embeddable":true,"href":"https:\/\/www.ateti.pt\/loja\/wp-json\/wp\/v2\/product_brand?post=29113"},{"taxonomy":"product_cat","embeddable":true,"href":"https:\/\/www.ateti.pt\/loja\/wp-json\/wp\/v2\/product_cat?post=29113"},{"taxonomy":"product_tag","embeddable":true,"href":"https:\/\/www.ateti.pt\/loja\/wp-json\/wp\/v2\/product_tag?post=29113"},{"taxonomy":"woo-feed-brand","embeddable":true,"href":"https:\/\/www.ateti.pt\/loja\/wp-json\/wp\/v2\/woo-feed-brand?post=29113"}],"curies":[{"name":"wp","href":"https:\/\/api.w.org\/{rel}","templated":true}]}}